{"id":1486,"date":"2026-01-20T12:11:11","date_gmt":"2026-01-20T12:11:11","guid":{"rendered":"https:\/\/bonuskongcasino.com\/login-and-registration\/"},"modified":"2026-03-24T13:22:58","modified_gmt":"2026-03-24T13:22:58","slug":"logowanie-i-rejestracja","status":"publish","type":"page","link":"https:\/\/thecowboyspin.com\/pl\/logowanie-i-rejestracja\/","title":{"rendered":"Logowanie i rejestracja"},"content":{"rendered":"<h1>Logowanie i rejestracja konta Cowboyspin<\/h1>\n<p>Je\u015bli jeste\u015b gotowy, aby skorzysta\u0107 z naszych fajnych funkcji i wypr\u00f3bowa\u0107 wszystkie swoje ulubione gry na prawdziwe pieni\u0105dze, wystarczy, \u017ce przejdziesz procedur\u0119 Cowboyspin login. Jest to szybki proces, kt\u00f3ry wymaga jedynie adresu e-mail i has\u0142a od u\u017cytkownik\u00f3w z Polski. Pami\u0119taj, aby utworzy\u0107 silne has\u0142o, aby zapobiec nieautoryzowanemu dost\u0119powi os\u00f3b trzecich.<\/p>\n<p><div class=\"banner-wrap\" aria-label=\"Banner\"><img src=\"https:\/\/thecowboyspin.com\/wp-content\/uploads\/2026\/03\/banner-desktop2x.webp\" class=\"w-100 d-none d-lg-block img-pc main-banner-img\" alt=\"Cowboyspin bonus desktop\" fetchpriority=\"high\" decoding=\"async\"><img src=\"https:\/\/thecowboyspin.com\/wp-content\/uploads\/2026\/03\/banner-mobile2x.webp\" class=\"w-100 d-none d-md-block d-lg-none main-banner-img\" alt=\"Cowboyspin bonus mobile\" fetchpriority=\"high\" decoding=\"async\"><img src=\"https:\/\/thecowboyspin.com\/wp-content\/uploads\/2026\/03\/banner-mobile2x.webp\" class=\"w-100 d-md-none\" alt=\"Cowboyspin bonus mobile\" fetchpriority=\"high\" decoding=\"async\"><div class=\"banner-description\">\n<div class=\"banner-title\">Bonusy powitalne<\/div>\n<p class=\"banner-header-title\">1500 \u20ac<\/p>\n<div class=\"banner-header-AdditionalText\">+ 250 Darmowe spiny<\/div>\n<button data-item=\"homepage_banner_link\" class=\"goto m-button m-gradient-border m-button--primary m-button--large banner-button btn-orange\">\n            <div class=\"m-button-content\">\n                <span>Zarejestruj si\u0119 teraz<\/span>\n                <span><\/span>\n            <\/div>\n        <\/button>\n<\/div>\n<div class=\"WelcomePack\">\n<p><img loading=\"lazy\" decoding=\"async\" class=\"alignnone size-full wp-image-1856\" src=\"https:\/\/thecowboyspin.com\/wp-content\/uploads\/2026\/03\/welcome-crown.png\" alt=\"crown\" width=\"25\" height=\"26\" \/><\/p>\n<div class=\"WelcomePack-Info\">Cotygodniowy zwrot got\u00f3wki do 25%<\/div>\n<p><img loading=\"lazy\" decoding=\"async\" class=\"alignnone size-full wp-image-1856\" src=\"https:\/\/thecowboyspin.com\/wp-content\/uploads\/2026\/03\/welcome-crown.png\" alt=\"crown\" width=\"25\" height=\"26\" \/><\/p>\n<\/div>\n<\/div><div class=\"scrollable-content-wrap my-5\"><div class=\"scrollable-content-inner\"><h2>Korzy\u015bci z rejestracji w Cowboyspin<\/h2>\n<p>Rejestracja w Cowboy Spin Casino to jedyny krok, kt\u00f3ry dzieli Ci\u0119 od wszystkich naszych gier, bonus\u00f3w, p\u0142atno\u015bci i wielu innych korzy\u015bci. Bez konta na naszej platformie masz mo\u017cliwo\u015b\u0107 grania tylko w kilka tytu\u0142\u00f3w w trybie demo. To \u015bwietna okazja, aby wypr\u00f3bowa\u0107 co\u015b nowego bez ryzyka, ale nie zapewni Ci to pe\u0142nego do\u015bwiadczenia kasynowego.<\/p>\n<p>Posiadaj\u0105c konto, u\u017cytkownicy mog\u0105 mie\u0107 pewno\u015b\u0107, \u017ce wszystkie ich preferencje i ustawienia zostan\u0105 zapisane. Proces rejestracji jest dost\u0119pny dla ka\u017cdego u\u017cytkownika, kt\u00f3ry uko\u0144czy\u0142 18 lat. W Cowboyspin stosujemy specjalne systemy szyfrowania i tokenizacji, aby zapewni\u0107 bezpiecze\u0144stwo wszystkich danych.<\/p>\n<h3>Jak za\u0142o\u017cy\u0107 konto?<\/h3>\n<p>Nasza procedura rejestracji jest prosta i mo\u017cna j\u0105 zako\u0144czy\u0107 w ci\u0105gu kilku minut. Wymagamy jedynie podania prawid\u0142owego adresu e-mail i has\u0142a. Zalecamy wszystkim graczom podanie prawdziwych danych, poniewa\u017c zostan\u0105 one p\u00f3\u017aniej sprawdzone podczas procesu weryfikacji. Skorzystaj z poni\u017cszych instrukcji, aby utworzy\u0107 konto w kasynie Cowboyspin:<\/p>\n<ol>\n<li>Nale\u017cy klikn\u0105\u0107 przycisk \u201eZarejestruj si\u0119\u201d w nag\u0142\u00f3wku strony g\u0142\u00f3wnej.<\/li>\n<li>U\u017cytkownicy musz\u0105 wype\u0142ni\u0107 formularz rejestracyjny.<\/li>\n<li>Konieczne jest wyra\u017cenie zgody na warunki i potwierdzenie wieku poprzez zaznaczenie odpowiednich p\u00f3l.<\/li>\n<li>Je\u015bli posiadasz kod promocyjny, mo\u017cesz go wprowadzi\u0107.<\/li>\n<li>Po sprawdzeniu wszystkich wprowadzonych informacji u\u017cytkownicy powinni przes\u0142a\u0107 formularz, klikaj\u0105c przycisk na ko\u0144cu.<\/li>\n<\/ol>\n<h2>Szybka procedura logowania do Cowboyspin<\/h2>\n<p>Po zako\u0144czeniu rejestracji na platformie wystarczy tylko przej\u015b\u0107 procedur\u0119 logowania do serwisu Cowboyspin. W tym celu gracze musz\u0105 u\u017cy\u0107 informacji podanych podczas tworzenia konta. Je\u015bli u\u017cytkownik wielokrotnie bezskutecznie pr\u00f3buje zalogowa\u0107 si\u0119 do swojego profilu, mo\u017ce to zosta\u0107 uznane za podejrzan\u0105 aktywno\u015b\u0107, a konto zostanie tymczasowo zablokowane.<\/p>\n<p>Logowanie do Cowboy Spin umo\u017cliwia dost\u0119p nie tylko do wszystkich dost\u0119pnych funkcji, ale tak\u017ce do bardzo wa\u017cnych ustawie\u0144, kt\u00f3re sprawi\u0105, \u017ce Twoje do\u015bwiadczenia b\u0119d\u0105 bardziej spersonalizowane. U\u017cytkownicy mog\u0105 w dowolnym momencie zmieni\u0107 swoje dane osobowe, sprawdzi\u0107 histori\u0119 aktywno\u015bci, w\u0142\u0105czy\u0107 narz\u0119dzia odpowiedzialnej gry i wiele wi\u0119cej.<\/p>\n<h3>Resetowanie danych osobowych<\/h3>\n<p>Nie ma problemu, je\u015bli zapomnia\u0142e\u015b swoich danych logowania do Cowboyspin Casino. Na naszej platformie istnieje rozwi\u0105zanie ka\u017cdego problemu. Je\u015bli zapomnia\u0142e\u015b has\u0142a, po prostu kliknij link \u201eNie pami\u0119tasz has\u0142a?\u201d w formularzu logowania Cowboyspin. Wy\u015blemy Ci specjalny link do resetowania has\u0142a.<\/p>\n<p>Je\u015bli masz problemy z przypomnieniem sobie adresu e-mail, skontaktuj si\u0119 z naszym wieloj\u0119zycznym zespo\u0142em pomocy technicznej za po\u015brednictwem czatu na \u017cywo lub poczty elektronicznej. Mened\u017cerowie Cowboyspin zweryfikuj\u0105 Twoj\u0105 to\u017csamo\u015b\u0107 i pomog\u0105 Ci uzyska\u0107 dost\u0119p do profilu.<\/p>\n<p><img loading=\"lazy\" decoding=\"async\" class=\"alignnone size-full wp-image-1952\" src=\"https:\/\/thecowboyspin.com\/wp-content\/uploads\/2026\/03\/Cowboyspin.webp\" alt=\"Cowboyspin login\" width=\"1248\" height=\"536\" srcset=\"https:\/\/thecowboyspin.com\/wp-content\/uploads\/2026\/03\/Cowboyspin.webp 1248w, https:\/\/thecowboyspin.com\/wp-content\/uploads\/2026\/03\/Cowboyspin-300x129.webp 300w, https:\/\/thecowboyspin.com\/wp-content\/uploads\/2026\/03\/Cowboyspin-1024x440.webp 1024w, https:\/\/thecowboyspin.com\/wp-content\/uploads\/2026\/03\/Cowboyspin-768x330.webp 768w\" sizes=\"auto, (max-width: 1248px) 100vw, 1248px\" \/><\/p>\n<h2>Proces weryfikacji w kasynie Cowboyspin<\/h2>\n<p>Przed dokonaniem pierwszej wyp\u0142aty w Cowboy Spin wszyscy u\u017cytkownicy musz\u0105 zweryfikowa\u0107 swoj\u0105 to\u017csamo\u015b\u0107. Proces ten obejmuje przes\u0142anie zdj\u0119\u0107 dokument\u00f3w osobistych. Jest to dla nas wa\u017cny krok, kt\u00f3ry pozwala nam zapobiega\u0107 oszustwom i zapewni\u0107 bezpiecze\u0144stwo platformy. Poni\u017csza tabela zawiera wi\u0119cej informacji na temat wymaganych dokument\u00f3w.<\/p>\n<table>\n<tbody>\n<tr>\n<td>Rodzaj weryfikacji<\/td>\n<td>Akceptowane dokumenty<\/td>\n<td>Szczeg\u00f3\u0142y<\/td>\n<\/tr>\n<tr>\n<td>Weryfikacja to\u017csamo\u015bci<\/td>\n<td>Paszport, dow\u00f3d osobisty, prawo jazdy<\/td>\n<td>Musz\u0105 by\u0107 wa\u017cne i nie mog\u0105 by\u0107 przeterminowane; zdj\u0119cie i dane musz\u0105 by\u0107 wyra\u017anie widoczne<\/td>\n<\/tr>\n<tr>\n<td>Potwierdzenie adresu<\/td>\n<td>Rachunek za media (pr\u0105d, gaz, woda), wyci\u0105g z konta bankowego, pismo urz\u0119dowe, dokument podatkowy<\/td>\n<td>Dokument musi by\u0107 wystawiony w ci\u0105gu ostatnich 3 miesi\u0119cy i zawiera\u0107 imi\u0119 i nazwisko oraz adres<\/td>\n<\/tr>\n<tr>\n<td>Weryfikacja metody p\u0142atno\u015bci<\/td>\n<td>Zdj\u0119cie karty debetowej\/kredytowej, zrzut ekranu strony konta e-portfela, wyci\u0105g bankowy, zrzut ekranu z bankowo\u015bci internetowej zawieraj\u0105cy numer IBAN i nazwisko<\/td>\n<td>Imi\u0119 i nazwisko musi by\u0107 zgodne z danymi podanymi na koncie Cowboyspin Casino<\/td>\n<\/tr>\n<\/tbody>\n<\/table>\n<h2>FAQ<\/h2>\n<h3>Jakie s\u0105 wymagania dotycz\u0105ce utworzenia konta w Cowboy Spin?<\/h3>\n<p>Logowanie do Cowboyspin jest dost\u0119pne dla wszystkich graczy, kt\u00f3rzy uko\u0144czyli 18 lat. Ka\u017cda osoba mo\u017ce mie\u0107 tylko jeden profil na stronie internetowej. Dlatego nie musisz zak\u0142ada\u0107 nowego konta, gdy grasz na r\u00f3\u017cnych urz\u0105dzeniach.<\/p>\n<h3>W jaki spos\u00f3b zapewniacie bezpiecze\u0144stwo kont i danych osobowych?<\/h3>\n<p>U\u017cywamy innowacyjnego szyfrowania 1.3 TLS, \u017ceby chroni\u0107 wszystkie Twoje dane osobowe i informacje o p\u0142atno\u015bciach. Wszyscy u\u017cytkownicy z kontem mog\u0105 w\u0142\u0105czy\u0107 uwierzytelnianie dwusk\u0142adnikowe, \u017ceby mie\u0107 dodatkowy poziom bezpiecze\u0144stwa.<\/p>\n<h3>Czy mog\u0119 r\u0119cznie wylogowa\u0107 si\u0119 ze wszystkich urz\u0105dze\u0144?<\/h3>\n<p>Taka funkcja jest dost\u0119pna w ustawieniach konta. Mo\u017cesz r\u00f3wnie\u017c skontaktowa\u0107 si\u0119 z naszym zespo\u0142em pomocy technicznej, aby uzyska\u0107 pomoc w tym procesie.<\/p>\n<\/div><\/div><\/p>\n","protected":false},"excerpt":{"rendered":"<p>Logowanie i rejestracja konta Cowboyspin Je\u015bli jeste\u015b gotowy, aby skorzysta\u0107 z naszych fajnych funkcji i wypr\u00f3bowa\u0107 wszystkie swoje ulubione gry na prawdziwe pieni\u0105dze, wystarczy, \u017ce przejdziesz procedur\u0119 Cowboyspin login. Jest to szybki proces, kt\u00f3ry wymaga jedynie adresu e-mail i has\u0142a od u\u017cytkownik\u00f3w z Polski. Pami\u0119taj, aby utworzy\u0107 silne has\u0142o, aby zapobiec nieautoryzowanemu dost\u0119powi os\u00f3b trzecich.<\/p>\n","protected":false},"author":1,"featured_media":0,"parent":0,"menu_order":0,"comment_status":"closed","ping_status":"closed","template":"template-builder.php","meta":{"_acf_changed":false,"inline_featured_image":false,"footnotes":""},"class_list":["post-1486","page","type-page","status-publish","hentry"],"acf":[],"yoast_head":"<!-- This site is optimized with the Yoast SEO plugin v27.3 - https:\/\/yoast.com\/product\/yoast-seo-wordpress\/ -->\n<title>Logowanie do Cowboyspin \u2013 bezpieczny dost\u0119p do rejestracji i logowania<\/title>\n<meta name=\"description\" content=\"Logowanie do Cowboyspin \u2013 uzyskaj bezpieczny dost\u0119p do swojego konta lub utw\u00f3rz nowe w ci\u0105gu kilku minut. Zarz\u0105dzaj weryfikacj\u0105, odzyskiwaniem has\u0142a i ustawieniami konta w Cowboyspin.\" \/>\n<meta name=\"robots\" content=\"index, follow, max-snippet:-1, max-image-preview:large, max-video-preview:-1\" \/>\n<link rel=\"canonical\" href=\"https:\/\/thecowboyspin.com\/pl\/logowanie-i-rejestracja\/\" \/>\n<meta property=\"og:locale\" content=\"pl_PL\" \/>\n<meta property=\"og:type\" content=\"article\" \/>\n<meta property=\"og:title\" content=\"Logowanie do Cowboyspin \u2013 bezpieczny dost\u0119p do rejestracji i logowania\" \/>\n<meta property=\"og:description\" content=\"Logowanie do Cowboyspin \u2013 uzyskaj bezpieczny dost\u0119p do swojego konta lub utw\u00f3rz nowe w ci\u0105gu kilku minut. Zarz\u0105dzaj weryfikacj\u0105, odzyskiwaniem has\u0142a i ustawieniami konta w Cowboyspin.\" \/>\n<meta property=\"og:url\" content=\"https:\/\/thecowboyspin.com\/pl\/logowanie-i-rejestracja\/\" \/>\n<meta property=\"og:site_name\" content=\"cowboyspin\" \/>\n<meta property=\"article:modified_time\" content=\"2026-03-24T13:22:58+00:00\" \/>\n<meta name=\"twitter:card\" content=\"summary_large_image\" \/>\n<meta name=\"twitter:label1\" content=\"Est. reading time\" \/>\n\t<meta name=\"twitter:data1\" content=\"1 minute\" \/>\n<script type=\"application\/ld+json\" class=\"yoast-schema-graph\">{\"@context\":\"https:\\\/\\\/schema.org\",\"@graph\":[{\"@type\":\"WebPage\",\"@id\":\"https:\\\/\\\/thecowboyspin.com\\\/pl\\\/logowanie-i-rejestracja\\\/\",\"url\":\"https:\\\/\\\/thecowboyspin.com\\\/pl\\\/logowanie-i-rejestracja\\\/\",\"name\":\"Logowanie do Cowboyspin \u2013 bezpieczny dost\u0119p do rejestracji i logowania\",\"isPartOf\":{\"@id\":\"https:\\\/\\\/thecowboyspin.com\\\/pl\\\/#website\"},\"datePublished\":\"2026-01-20T12:11:11+00:00\",\"dateModified\":\"2026-03-24T13:22:58+00:00\",\"description\":\"Logowanie do Cowboyspin \u2013 uzyskaj bezpieczny dost\u0119p do swojego konta lub utw\u00f3rz nowe w ci\u0105gu kilku minut. Zarz\u0105dzaj weryfikacj\u0105, odzyskiwaniem has\u0142a i ustawieniami konta w Cowboyspin.\",\"breadcrumb\":{\"@id\":\"https:\\\/\\\/thecowboyspin.com\\\/pl\\\/logowanie-i-rejestracja\\\/#breadcrumb\"},\"inLanguage\":\"pl-PL\",\"potentialAction\":[{\"@type\":\"ReadAction\",\"target\":[\"https:\\\/\\\/thecowboyspin.com\\\/pl\\\/logowanie-i-rejestracja\\\/\"]}]},{\"@type\":\"BreadcrumbList\",\"@id\":\"https:\\\/\\\/thecowboyspin.com\\\/pl\\\/logowanie-i-rejestracja\\\/#breadcrumb\",\"itemListElement\":[{\"@type\":\"ListItem\",\"position\":1,\"name\":\"Cowboyspin\",\"item\":\"https:\\\/\\\/thecowboyspin.com\\\/pl\\\/\"},{\"@type\":\"ListItem\",\"position\":2,\"name\":\"Logowanie i rejestracja\"}]},{\"@type\":\"WebSite\",\"@id\":\"https:\\\/\\\/thecowboyspin.com\\\/pl\\\/#website\",\"url\":\"https:\\\/\\\/thecowboyspin.com\\\/pl\\\/\",\"name\":\"Cowboyspin\",\"description\":\"\",\"publisher\":{\"@id\":\"https:\\\/\\\/thecowboyspin.com\\\/pl\\\/#organization\"},\"potentialAction\":[{\"@type\":\"SearchAction\",\"target\":{\"@type\":\"EntryPoint\",\"urlTemplate\":\"https:\\\/\\\/thecowboyspin.com\\\/pl\\\/?s={search_term_string}\"},\"query-input\":{\"@type\":\"PropertyValueSpecification\",\"valueRequired\":true,\"valueName\":\"search_term_string\"}}],\"inLanguage\":\"pl-PL\"},{\"@type\":\"Organization\",\"@id\":\"https:\\\/\\\/thecowboyspin.com\\\/pl\\\/#organization\",\"name\":\"Cowboyspin\",\"url\":\"https:\\\/\\\/thecowboyspin.com\\\/pl\\\/\",\"logo\":{\"@type\":\"ImageObject\",\"inLanguage\":\"pl-PL\",\"@id\":\"https:\\\/\\\/thecowboyspin.com\\\/pl\\\/#\\\/schema\\\/logo\\\/image\\\/\",\"url\":\"https:\\\/\\\/thecowboyspin.com\\\/wp-content\\\/uploads\\\/2026\\\/03\\\/cowboyspin-logo.png\",\"contentUrl\":\"https:\\\/\\\/thecowboyspin.com\\\/wp-content\\\/uploads\\\/2026\\\/03\\\/cowboyspin-logo.png\",\"width\":180,\"height\":66,\"caption\":\"Cowboyspin\"},\"image\":{\"@id\":\"https:\\\/\\\/thecowboyspin.com\\\/pl\\\/#\\\/schema\\\/logo\\\/image\\\/\"}}]}<\/script>\n<!-- \/ Yoast SEO plugin. -->","yoast_head_json":{"title":"Logowanie do Cowboyspin \u2013 bezpieczny dost\u0119p do rejestracji i logowania","description":"Logowanie do Cowboyspin \u2013 uzyskaj bezpieczny dost\u0119p do swojego konta lub utw\u00f3rz nowe w ci\u0105gu kilku minut. Zarz\u0105dzaj weryfikacj\u0105, odzyskiwaniem has\u0142a i ustawieniami konta w Cowboyspin.","robots":{"index":"index","follow":"follow","max-snippet":"max-snippet:-1","max-image-preview":"max-image-preview:large","max-video-preview":"max-video-preview:-1"},"canonical":"https:\/\/thecowboyspin.com\/pl\/logowanie-i-rejestracja\/","og_locale":"pl_PL","og_type":"article","og_title":"Logowanie do Cowboyspin \u2013 bezpieczny dost\u0119p do rejestracji i logowania","og_description":"Logowanie do Cowboyspin \u2013 uzyskaj bezpieczny dost\u0119p do swojego konta lub utw\u00f3rz nowe w ci\u0105gu kilku minut. Zarz\u0105dzaj weryfikacj\u0105, odzyskiwaniem has\u0142a i ustawieniami konta w Cowboyspin.","og_url":"https:\/\/thecowboyspin.com\/pl\/logowanie-i-rejestracja\/","og_site_name":"cowboyspin","article_modified_time":"2026-03-24T13:22:58+00:00","twitter_card":"summary_large_image","twitter_misc":{"Est. reading time":"1 minute"},"schema":{"@context":"https:\/\/schema.org","@graph":[{"@type":"WebPage","@id":"https:\/\/thecowboyspin.com\/pl\/logowanie-i-rejestracja\/","url":"https:\/\/thecowboyspin.com\/pl\/logowanie-i-rejestracja\/","name":"Logowanie do Cowboyspin \u2013 bezpieczny dost\u0119p do rejestracji i logowania","isPartOf":{"@id":"https:\/\/thecowboyspin.com\/pl\/#website"},"datePublished":"2026-01-20T12:11:11+00:00","dateModified":"2026-03-24T13:22:58+00:00","description":"Logowanie do Cowboyspin \u2013 uzyskaj bezpieczny dost\u0119p do swojego konta lub utw\u00f3rz nowe w ci\u0105gu kilku minut. Zarz\u0105dzaj weryfikacj\u0105, odzyskiwaniem has\u0142a i ustawieniami konta w Cowboyspin.","breadcrumb":{"@id":"https:\/\/thecowboyspin.com\/pl\/logowanie-i-rejestracja\/#breadcrumb"},"inLanguage":"pl-PL","potentialAction":[{"@type":"ReadAction","target":["https:\/\/thecowboyspin.com\/pl\/logowanie-i-rejestracja\/"]}]},{"@type":"BreadcrumbList","@id":"https:\/\/thecowboyspin.com\/pl\/logowanie-i-rejestracja\/#breadcrumb","itemListElement":[{"@type":"ListItem","position":1,"name":"Cowboyspin","item":"https:\/\/thecowboyspin.com\/pl\/"},{"@type":"ListItem","position":2,"name":"Logowanie i rejestracja"}]},{"@type":"WebSite","@id":"https:\/\/thecowboyspin.com\/pl\/#website","url":"https:\/\/thecowboyspin.com\/pl\/","name":"Cowboyspin","description":"","publisher":{"@id":"https:\/\/thecowboyspin.com\/pl\/#organization"},"potentialAction":[{"@type":"SearchAction","target":{"@type":"EntryPoint","urlTemplate":"https:\/\/thecowboyspin.com\/pl\/?s={search_term_string}"},"query-input":{"@type":"PropertyValueSpecification","valueRequired":true,"valueName":"search_term_string"}}],"inLanguage":"pl-PL"},{"@type":"Organization","@id":"https:\/\/thecowboyspin.com\/pl\/#organization","name":"Cowboyspin","url":"https:\/\/thecowboyspin.com\/pl\/","logo":{"@type":"ImageObject","inLanguage":"pl-PL","@id":"https:\/\/thecowboyspin.com\/pl\/#\/schema\/logo\/image\/","url":"https:\/\/thecowboyspin.com\/wp-content\/uploads\/2026\/03\/cowboyspin-logo.png","contentUrl":"https:\/\/thecowboyspin.com\/wp-content\/uploads\/2026\/03\/cowboyspin-logo.png","width":180,"height":66,"caption":"Cowboyspin"},"image":{"@id":"https:\/\/thecowboyspin.com\/pl\/#\/schema\/logo\/image\/"}}]}},"_links":{"self":[{"href":"https:\/\/thecowboyspin.com\/pl\/wp-json\/wp\/v2\/pages\/1486","targetHints":{"allow":["GET"]}}],"collection":[{"href":"https:\/\/thecowboyspin.com\/pl\/wp-json\/wp\/v2\/pages"}],"about":[{"href":"https:\/\/thecowboyspin.com\/pl\/wp-json\/wp\/v2\/types\/page"}],"author":[{"embeddable":true,"href":"https:\/\/thecowboyspin.com\/pl\/wp-json\/wp\/v2\/users\/1"}],"replies":[{"embeddable":true,"href":"https:\/\/thecowboyspin.com\/pl\/wp-json\/wp\/v2\/comments?post=1486"}],"version-history":[{"count":3,"href":"https:\/\/thecowboyspin.com\/pl\/wp-json\/wp\/v2\/pages\/1486\/revisions"}],"predecessor-version":[{"id":2072,"href":"https:\/\/thecowboyspin.com\/pl\/wp-json\/wp\/v2\/pages\/1486\/revisions\/2072"}],"wp:attachment":[{"href":"https:\/\/thecowboyspin.com\/pl\/wp-json\/wp\/v2\/media?parent=1486"}],"curies":[{"name":"wp","href":"https:\/\/api.w.org\/{rel}","templated":true}]}}