{"id":1447,"date":"2026-01-20T12:08:23","date_gmt":"2026-01-20T12:08:23","guid":{"rendered":"https:\/\/bonuskongcasino.com\/app\/"},"modified":"2026-03-24T13:21:10","modified_gmt":"2026-03-24T13:21:10","slug":"aplikacja","status":"publish","type":"page","link":"https:\/\/thecowboyspin.com\/pl\/aplikacja\/","title":{"rendered":"Aplikacja"},"content":{"rendered":"<h1>Platforma mobilna Cowboy Spin<\/h1>\n<p>Cowboyspin App to szansa dla wszystkich naszych polskich klient\u00f3w, aby nie byli ograniczeni lokalizacj\u0105 i urz\u0105dzeniem. Mo\u017cesz z \u0142atwo\u015bci\u0105 gra\u0107 na smartfonie lub tablecie i prze\u0142\u0105cza\u0107 si\u0119 na komputer stacjonarny lub laptop, gdy jest to dla Ciebie wygodniejsze. Wszystkie Twoje ulubione gry b\u0119d\u0105 dost\u0119pne w podr\u00f3\u017cy, z szybkim \u0142adowaniem i p\u0142ynn\u0105 rozgrywk\u0105.<\/p>\n<div class=\"banner-wrap\" aria-label=\"Banner\"><img src=\"https:\/\/thecowboyspin.com\/wp-content\/uploads\/2026\/03\/banner-desktop2x.webp\" class=\"w-100 d-none d-lg-block img-pc main-banner-img\" alt=\"Cowboyspin bonus desktop\" fetchpriority=\"high\" decoding=\"async\"><img src=\"https:\/\/thecowboyspin.com\/wp-content\/uploads\/2026\/03\/banner-mobile2x.webp\" class=\"w-100 d-none d-md-block d-lg-none main-banner-img\" alt=\"Cowboyspin bonus mobile\" fetchpriority=\"high\" decoding=\"async\"><img src=\"https:\/\/thecowboyspin.com\/wp-content\/uploads\/2026\/03\/banner-mobile2x.webp\" class=\"w-100 d-md-none\" alt=\"Cowboyspin bonus mobile\" fetchpriority=\"high\" decoding=\"async\"><div class=\"banner-description\">\n<div class=\"banner-title\">Bonusy powitalne<\/div>\n<p class=\"banner-header-title\">1500 \u20ac<\/p>\n<div class=\"banner-header-AdditionalText\">+ 250 Darmowe spiny<\/div>\n<button data-item=\"homepage_banner_link\" class=\"goto m-button m-gradient-border m-button--primary m-button--large banner-button btn-orange\">\n            <div class=\"m-button-content\">\n                <span>Zarejestruj si\u0119 teraz<\/span>\n                <span><\/span>\n            <\/div>\n        <\/button>\n<\/div>\n<div class=\"WelcomePack\">\n<p><img loading=\"lazy\" decoding=\"async\" class=\"alignnone size-full wp-image-1856\" src=\"https:\/\/thecowboyspin.com\/wp-content\/uploads\/2026\/03\/welcome-crown.png\" alt=\"crown\" width=\"25\" height=\"26\" \/><\/p>\n<div class=\"WelcomePack-Info\">Cotygodniowy zwrot got\u00f3wki do 25%<\/div>\n<p><img loading=\"lazy\" decoding=\"async\" class=\"alignnone size-full wp-image-1856\" src=\"https:\/\/thecowboyspin.com\/wp-content\/uploads\/2026\/03\/welcome-crown.png\" alt=\"crown\" width=\"25\" height=\"26\" \/><\/p>\n<\/div>\n<\/div>\n<h2>Dlaczego warto wybra\u0107 aplikacj\u0119 Cowboyspin?<\/h2>\n<p>W Cowboyspin Casino rozumiemy, jak wa\u017cne jest dla wsp\u00f3\u0142czesnych graczy, aby mie\u0107 dost\u0119p do Internetu z dowolnego miejsca. U\u017cytkownicy wol\u0105 mie\u0107 swoje \u017ar\u00f3d\u0142a rozrywki na urz\u0105dzeniach mobilnych. Nasze kasyno online oferuje wiele opcji, aby to umo\u017cliwi\u0107. U\u017cytkownicy mog\u0105 po prostu korzysta\u0107 z mobilnej wersji strony internetowej lub zainstalowa\u0107 przyjazn\u0105 dla u\u017cytkownika aplikacj\u0119 Cowboy Spin.<\/p>\n<p>Gwarantujemy, \u017ce obie opcje zapewni\u0105 Ci pe\u0142ni\u0119 wra\u017ce\u0144 z gry bez utraty \u017cadnych funkcji dost\u0119pnych na komputerach stacjonarnych. Czekaj\u0105 na Ciebie te same procesy i funkcje, ale zoptymalizowane pod k\u0105tem smartfon\u00f3w i tablet\u00f3w.<\/p>\n<h3>\u015arodki bezpiecze\u0144stwa dla graczy mobilnych<\/h3>\n<p>Nowi u\u017cytkownicy mog\u0105 mie\u0107 pewne obawy zwi\u0105zane z instalacj\u0105 nowej aplikacji na swoich urz\u0105dzeniach i podawaniem danych osobowych oraz informacji dotycz\u0105cych p\u0142atno\u015bci. Cowboyspin posiada oficjaln\u0105 licencj\u0119 eGaming wydan\u0105 przez Cura\u00e7ao Gaming Control Board. Korzystamy z innowacyjnego systemu szyfrowania 256-bitowego AES, aby zapewni\u0107 bezpiecze\u0144stwo wszystkich danych. Zapory sieciowe aplikacji internetowej pomagaj\u0105 nam chroni\u0107 oprogramowanie mobilne przed potencjalnymi atakami hakerskimi. Na urz\u0105dzeniu mobilnym mo\u017cna w\u0142\u0105czy\u0107 logowanie biometryczne (Face ID, Touch ID).<\/p>\n<p><div class=\"scrollable-content-wrap my-5\"><div class=\"scrollable-content-inner\"><h2>Oprogramowanie mobilne dla systemu Android<\/h2>\n<p>Wszyscy nasi klienci korzystaj\u0105cy z systemu Android mog\u0105 cieszy\u0107 si\u0119 p\u0142ynnym dzia\u0142aniem na swoich urz\u0105dzeniach mobilnych. Uzyskuj\u0105 dost\u0119p do ca\u0142ej kolekcji gier Cowboy Spin, obejmuj\u0105cej ponad 6 000 tytu\u0142\u00f3w. Znajduj\u0105 si\u0119 w\u015br\u00f3d nich automaty online, gry kasynowe na \u017cywo, gry sto\u0142owe, gry typu crash i wiele innych. W naszym kasynie mobilnym wszystkie tytu\u0142y s\u0105 dostosowane do mniejszych rozmiar\u00f3w ekran\u00f3w. Korzystamy ze specjalnej funkcji sterowania dotykowego, aby procesy by\u0142y wygodne i przyjemne.<\/p>\n<p>Aplikacj\u0119 Cowboyspin mo\u017cna zainstalowa\u0107 bezpo\u015brednio z naszej strony internetowej. Wymaga ona stabilnego po\u0142\u0105czenia internetowego (Wi-Fi, 4G lub 5G) i urz\u0105dzenia mobilnego. Post\u0119puj zgodnie z poni\u017cszymi instrukcjami, aby wszystko przebieg\u0142o szybko i sprawnie:<\/p>\n<ol>\n<li>U\u017cytkownicy musz\u0105 przej\u015b\u0107 do menu g\u0142\u00f3wnego strony internetowej.<\/li>\n<li>Nale\u017cy klikn\u0105\u0107 przycisk \u201eAplikacja kasyna\u201d.<\/li>\n<li>Na nowej stronie nale\u017cy wybra\u0107 opcj\u0119 \u201eZainstaluj\u201d.<\/li>\n<li>Ikona marki pojawi si\u0119 na ekranie g\u0142\u00f3wnym w ci\u0105gu kilku sekund.<\/li>\n<\/ol>\n<p><img loading=\"lazy\" decoding=\"async\" class=\"alignnone size-full wp-image-1928\" src=\"https:\/\/thecowboyspin.com\/wp-content\/uploads\/2026\/03\/Cowboyspin-Android-App.webp\" alt=\"Cowboyspin Android App\" width=\"1248\" height=\"536\" srcset=\"https:\/\/thecowboyspin.com\/wp-content\/uploads\/2026\/03\/Cowboyspin-Android-App.webp 1248w, https:\/\/thecowboyspin.com\/wp-content\/uploads\/2026\/03\/Cowboyspin-Android-App-300x129.webp 300w, https:\/\/thecowboyspin.com\/wp-content\/uploads\/2026\/03\/Cowboyspin-Android-App-1024x440.webp 1024w, https:\/\/thecowboyspin.com\/wp-content\/uploads\/2026\/03\/Cowboyspin-Android-App-768x330.webp 768w\" sizes=\"auto, (max-width: 1248px) 100vw, 1248px\" \/><\/p>\n<\/div><\/div><div style=\"clear: both\"><\/div><div class=\"d-flex justify-content-center\"><button data-item=\"decouvrez_link\" data-group=\"website_links\" class=\"goto fw-bold rounded-pill btn btn-orange\" aria-label=\"Pobierz aplikacj\u0119 Cowboyspin\" >Pobierz aplikacj\u0119 Cowboyspin<\/button><\/div><div class=\"scrollable-content-wrap my-5\"><div class=\"scrollable-content-inner\"><h2>Graj w podr\u00f3\u017cy na iOS<\/h2>\n<p>Kasyno Cowboyspin jest r\u00f3wnie\u017c dost\u0119pne dla os\u00f3b posiadaj\u0105cych urz\u0105dzenia z systemem iOS. Mo\u017cna z niego korzysta\u0107 w przegl\u0105darce Firefox lub Google Chrome bez konieczno\u015bci instalacji. Je\u015bli jeste\u015b ju\u017c naszym graczem na komputerze stacjonarnym, wygl\u0105d i nawigacja b\u0119d\u0105 Ci znane. U\u017cytkownicy musz\u0105 po prostu zalogowa\u0107 si\u0119 na swoje istniej\u0105ce konto. Nie jest wymagana dodatkowa rejestracja. Je\u015bli jednak Twoja pierwsza wyp\u0142ata b\u0119dzie realizowana na urz\u0105dzeniu mobilnym, nadal musisz przej\u015b\u0107 proces weryfikacji.<\/p>\n<p>Inn\u0105 opcj\u0105 jest aplikacja Cowboyspin. Pozwala ona uzyska\u0107 dost\u0119p do wszystkich ulubionych funkcji za pomoc\u0105 jednego klikni\u0119cia na ekranie g\u0142\u00f3wnym. Je\u015bli masz jakiekolwiek pytania dotycz\u0105ce oprogramowania mobilnego, mo\u017cesz skontaktowa\u0107 si\u0119 z naszym zespo\u0142em pomocy technicznej za pomoc\u0105 wbudowanego czatu na \u017cywo. U\u017cytkownicy mog\u0105 r\u00f3wnie\u017c wys\u0142a\u0107 do nas wiadomo\u015b\u0107 e-mail, je\u015bli jest to dla nich wygodniejsze.<\/p>\n<h3>Jak zainstalowa\u0107 aplikacj\u0119?<\/h3>\n<p>Instalacja oprogramowania na iPhonie lub iPadzie jest prosta. Oferujemy naszym klientom progresywn\u0105 aplikacj\u0119 internetow\u0105 (PWA), kt\u00f3ra nie zajmuje du\u017co miejsca w pami\u0119ci urz\u0105dzenia. U\u017cytkownicy nie musz\u0105 tworzy\u0107 dodatkowych kont w App Store, poniewa\u017c Cowboyspin mo\u017cna zainstalowa\u0107 z naszej strony internetowej.<\/p>\n<p>Je\u015bli chcesz wypr\u00f3bowa\u0107 aplikacj\u0119, odwied\u017a nasz\u0105 stron\u0119 na smartfonie lub tablecie w dowolnej przegl\u0105darce, na przyk\u0142ad Safari. Kliknij przycisk \u201eUdost\u0119pnij\u201d u do\u0142u ekranu, aby otworzy\u0107 opcje przegl\u0105darki. Aby utworzy\u0107 ikon\u0119 skr\u00f3tu, wybierz opcj\u0119 \u201eDodaj do ekranu g\u0142\u00f3wnego\u201d. Gracze Cowboy Spin Casino mog\u0105 w razie potrzeby zmieni\u0107 nazw\u0119 lub wygl\u0105d ikony.<\/p>\n<p><img loading=\"lazy\" decoding=\"async\" class=\"alignnone size-full wp-image-1936\" src=\"https:\/\/thecowboyspin.com\/wp-content\/uploads\/2026\/03\/Cowboyspin-iOS-App.webp\" alt=\"Cowboyspin iOS App\" width=\"1248\" height=\"536\" srcset=\"https:\/\/thecowboyspin.com\/wp-content\/uploads\/2026\/03\/Cowboyspin-iOS-App.webp 1248w, https:\/\/thecowboyspin.com\/wp-content\/uploads\/2026\/03\/Cowboyspin-iOS-App-300x129.webp 300w, https:\/\/thecowboyspin.com\/wp-content\/uploads\/2026\/03\/Cowboyspin-iOS-App-1024x440.webp 1024w, https:\/\/thecowboyspin.com\/wp-content\/uploads\/2026\/03\/Cowboyspin-iOS-App-768x330.webp 768w\" sizes=\"auto, (max-width: 1248px) 100vw, 1248px\" \/><\/p>\n<\/div><\/div><div style=\"clear: both\"><\/div><div class=\"d-flex justify-content-center\"><button data-item=\"decouvrez_link\" data-group=\"website_links\" class=\"goto fw-bold rounded-pill btn btn-orange\" aria-label=\"Pobierz Cowboyspin\" >Pobierz Cowboyspin<\/button><\/div><div class=\"scrollable-content-wrap my-5\"><div class=\"scrollable-content-inner\"><h2>Cowboyspin Casino na komputerze<\/h2>\n<p>Mimo \u017ce gry mobilne staj\u0105 si\u0119 coraz bardziej popularne, wielu u\u017cytkownik\u00f3w lubi gra\u0107 na du\u017cych ekranach w zaciszu w\u0142asnego domu. Nie ograniczamy Ci\u0119 i oferujemy w pe\u0142ni zoptymalizowan\u0105 wersj\u0119 Cowboyspin na komputery z systemem Windows i macOS. Po zalogowaniu si\u0119 na swoje konto wszystkie Twoje preferencje, osi\u0105gni\u0119cia i saldo zostan\u0105 zsynchronizowane na wszystkich urz\u0105dzeniach. Poni\u017csza tabela przedstawia g\u0142\u00f3wne r\u00f3\u017cnice mi\u0119dzy gr\u0105 na urz\u0105dzeniu mobilnym a komputerze stacjonarnym.<\/p>\n<table>\n<tbody>\n<tr>\n<td>Aspekt<\/td>\n<td>Gra na urz\u0105dzeniach mobilnych<\/td>\n<td>Gra na komputerze stacjonarnym<\/td>\n<\/tr>\n<tr>\n<td>Wy\u015bwietlanie na ekranie<\/td>\n<td>Kompaktowy ekran jest zoptymalizowany pod k\u0105tem nawigacji dotykowej i szybkich sesji<\/td>\n<td>Wi\u0119kszy wy\u015bwietlacz zapewnia bardziej szczeg\u00f3\u0142owy widok gier i interfejs\u00f3w<\/td>\n<\/tr>\n<tr>\n<td>Sterowanie<\/td>\n<td>Funkcje sterowania ekranem dotykowym obejmuj\u0105 stukanie i przesuwanie palcem<\/td>\n<td>Mysz i klawiatura zapewniaj\u0105 precyzyjn\u0105 kontrol\u0119 i nawigacj\u0119<\/td>\n<\/tr>\n<tr>\n<td>Przeno\u015bno\u015b\u0107<\/td>\n<td>Mo\u017cesz gra\u0107 w dowolnym miejscu z dost\u0119pem do Internetu<\/td>\n<td>U\u017cytkownicy s\u0105 zazwyczaj ograniczeni do grania w domu lub przy biurku<\/td>\n<\/tr>\n<tr>\n<td>Wydajno\u015b\u0107<\/td>\n<td>Zoptymalizowane wersje mobilne zapewniaj\u0105 p\u0142ynn\u0105 rozgrywk\u0119 na mniejszych urz\u0105dzeniach<\/td>\n<td>Cz\u0119sto jest nieco szybszy dzi\u0119ki mocniejszemu sprz\u0119towi i stabilnym po\u0142\u0105czeniom<\/td>\n<\/tr>\n<tr>\n<td>Wci\u0105gaj\u0105ca rozgrywka<\/td>\n<td>Wygodne rozwi\u0105zanie do kr\u00f3tkich sesji grania w podr\u00f3\u017cy<\/td>\n<td>Wi\u0119ksza immersja dzi\u0119ki wi\u0119kszemu ekranowi i pe\u0142nej widoczno\u015bci interfejsu<\/td>\n<\/tr>\n<\/tbody>\n<\/table>\n<p><img loading=\"lazy\" decoding=\"async\" class=\"alignnone size-full wp-image-1944\" src=\"https:\/\/thecowboyspin.com\/wp-content\/uploads\/2026\/03\/Cowboyspin-Desktop.webp\" alt=\"Cowboyspin Desktop\" width=\"1248\" height=\"536\" srcset=\"https:\/\/thecowboyspin.com\/wp-content\/uploads\/2026\/03\/Cowboyspin-Desktop.webp 1248w, https:\/\/thecowboyspin.com\/wp-content\/uploads\/2026\/03\/Cowboyspin-Desktop-300x129.webp 300w, https:\/\/thecowboyspin.com\/wp-content\/uploads\/2026\/03\/Cowboyspin-Desktop-1024x440.webp 1024w, https:\/\/thecowboyspin.com\/wp-content\/uploads\/2026\/03\/Cowboyspin-Desktop-768x330.webp 768w\" sizes=\"auto, (max-width: 1248px) 100vw, 1248px\" \/><\/p>\n<\/div><\/div><div style=\"clear: both\"><\/div><div class=\"d-flex justify-content-center\"><button data-item=\"decouvrez_link\" data-group=\"website_links\" class=\"goto fw-bold rounded-pill btn btn-orange\" aria-label=\"Pobierz aplikacj\u0119 Cowboyspin\" >Pobierz aplikacj\u0119 Cowboyspin<\/button><\/div><div class=\"scrollable-content-wrap my-5\"><div class=\"scrollable-content-inner\"><h2>FAQ<\/h2>\n<h3>Czy mog\u0119 p\u0142ynnie prze\u0142\u0105cza\u0107 si\u0119 mi\u0119dzy wersj\u0105 komputerow\u0105 a aplikacj\u0105 Cowboyspin Casino?<\/h3>\n<p>Nasi klienci mog\u0105 gra\u0107 zar\u00f3wno w wersj\u0119 komputerow\u0105, jak i mobiln\u0105 Cowboy Spin, ale nie jednocze\u015bnie. Aby zsynchronizowa\u0107 informacje mi\u0119dzy urz\u0105dzeniami, nale\u017cy u\u017cywa\u0107 tego samego konta.<\/p>\n<h3>Co nale\u017cy zrobi\u0107, je\u015bli aplikacja ulegnie awarii podczas sesji gry?<\/h3>\n<p>Je\u015bli aplikacja Cowboyspin przesta\u0142a dzia\u0142a\u0107 lub wyst\u0119puj\u0105 w niej usterki, sprawd\u017a po\u0142\u0105czenie internetowe i ponownie uruchom oprogramowanie mobilne. Je\u015bli problem nadal wyst\u0119puje, skontaktuj si\u0119 z naszym zespo\u0142em pomocy technicznej za po\u015brednictwem czatu na \u017cywo lub poczty elektronicznej.<\/p>\n<h3>Czy metody i procesy p\u0142atno\u015bci s\u0105 takie same na urz\u0105dzeniach mobilnych?<\/h3>\n<p>Po zako\u0144czeniu rejestracji mo\u017cesz \u0142atwo dokonywa\u0107 wp\u0142at i wyp\u0142at na swoim urz\u0105dzeniu mobilnym. Procesy s\u0105 takie same. Mo\u017cesz wybiera\u0107 spo\u015br\u00f3d kart bankowych, kryptowalut, e-portfeli i przelew\u00f3w bankowych.<\/p>\n<\/div><\/div><\/p>\n","protected":false},"excerpt":{"rendered":"<p>Platforma mobilna Cowboy Spin Cowboyspin App to szansa dla wszystkich naszych polskich klient\u00f3w, aby nie byli ograniczeni lokalizacj\u0105 i urz\u0105dzeniem. Mo\u017cesz z \u0142atwo\u015bci\u0105 gra\u0107 na smartfonie lub tablecie i prze\u0142\u0105cza\u0107 si\u0119 na komputer stacjonarny lub laptop, gdy jest to dla Ciebie wygodniejsze. Wszystkie Twoje ulubione gry b\u0119d\u0105 dost\u0119pne w podr\u00f3\u017cy, z szybkim \u0142adowaniem i p\u0142ynn\u0105 [&hellip;]<\/p>\n","protected":false},"author":1,"featured_media":0,"parent":0,"menu_order":0,"comment_status":"closed","ping_status":"closed","template":"template-builder.php","meta":{"_acf_changed":false,"inline_featured_image":false,"footnotes":""},"class_list":["post-1447","page","type-page","status-publish","hentry"],"acf":[],"yoast_head":"<!-- This site is optimized with the Yoast SEO plugin v27.3 - https:\/\/yoast.com\/product\/yoast-seo-wordpress\/ -->\n<title>Pobierz aplikacj\u0119 Cowboyspin | iOS, Android i komputery stacjonarne<\/title>\n<meta name=\"description\" content=\"Zainstaluj aplikacj\u0119 Cowboyspin na iOS, Androidzie, Windowsie i macOS, \u017ceby gra\u0107 w ponad 6000 gier kasynowych gdziekolwiek jeste\u015b. P\u0142ynne dzia\u0142anie, synchronizacja konta i wsparcie 24\/7 \u2013 wszystko to w Cowboyspin.\" \/>\n<meta name=\"robots\" content=\"index, follow, max-snippet:-1, max-image-preview:large, max-video-preview:-1\" \/>\n<link rel=\"canonical\" href=\"https:\/\/thecowboyspin.com\/pl\/aplikacja\/\" \/>\n<meta property=\"og:locale\" content=\"pl_PL\" \/>\n<meta property=\"og:type\" content=\"article\" \/>\n<meta property=\"og:title\" content=\"Pobierz aplikacj\u0119 Cowboyspin | iOS, Android i komputery stacjonarne\" \/>\n<meta property=\"og:description\" content=\"Zainstaluj aplikacj\u0119 Cowboyspin na iOS, Androidzie, Windowsie i macOS, \u017ceby gra\u0107 w ponad 6000 gier kasynowych gdziekolwiek jeste\u015b. P\u0142ynne dzia\u0142anie, synchronizacja konta i wsparcie 24\/7 \u2013 wszystko to w Cowboyspin.\" \/>\n<meta property=\"og:url\" content=\"https:\/\/thecowboyspin.com\/pl\/aplikacja\/\" \/>\n<meta property=\"og:site_name\" content=\"cowboyspin\" \/>\n<meta property=\"article:modified_time\" content=\"2026-03-24T13:21:10+00:00\" \/>\n<meta name=\"twitter:card\" content=\"summary_large_image\" \/>\n<meta name=\"twitter:label1\" content=\"Est. reading time\" \/>\n\t<meta name=\"twitter:data1\" content=\"2 minutes\" \/>\n<script type=\"application\/ld+json\" class=\"yoast-schema-graph\">{\"@context\":\"https:\\\/\\\/schema.org\",\"@graph\":[{\"@type\":\"WebPage\",\"@id\":\"https:\\\/\\\/thecowboyspin.com\\\/pl\\\/aplikacja\\\/\",\"url\":\"https:\\\/\\\/thecowboyspin.com\\\/pl\\\/aplikacja\\\/\",\"name\":\"Pobierz aplikacj\u0119 Cowboyspin | iOS, Android i komputery stacjonarne\",\"isPartOf\":{\"@id\":\"https:\\\/\\\/thecowboyspin.com\\\/pl\\\/#website\"},\"datePublished\":\"2026-01-20T12:08:23+00:00\",\"dateModified\":\"2026-03-24T13:21:10+00:00\",\"description\":\"Zainstaluj aplikacj\u0119 Cowboyspin na iOS, Androidzie, Windowsie i macOS, \u017ceby gra\u0107 w ponad 6000 gier kasynowych gdziekolwiek jeste\u015b. P\u0142ynne dzia\u0142anie, synchronizacja konta i wsparcie 24\\\/7 \u2013 wszystko to w Cowboyspin.\",\"breadcrumb\":{\"@id\":\"https:\\\/\\\/thecowboyspin.com\\\/pl\\\/aplikacja\\\/#breadcrumb\"},\"inLanguage\":\"pl-PL\",\"potentialAction\":[{\"@type\":\"ReadAction\",\"target\":[\"https:\\\/\\\/thecowboyspin.com\\\/pl\\\/aplikacja\\\/\"]}]},{\"@type\":\"BreadcrumbList\",\"@id\":\"https:\\\/\\\/thecowboyspin.com\\\/pl\\\/aplikacja\\\/#breadcrumb\",\"itemListElement\":[{\"@type\":\"ListItem\",\"position\":1,\"name\":\"Cowboyspin\",\"item\":\"https:\\\/\\\/thecowboyspin.com\\\/pl\\\/\"},{\"@type\":\"ListItem\",\"position\":2,\"name\":\"Aplikacja\"}]},{\"@type\":\"WebSite\",\"@id\":\"https:\\\/\\\/thecowboyspin.com\\\/pl\\\/#website\",\"url\":\"https:\\\/\\\/thecowboyspin.com\\\/pl\\\/\",\"name\":\"Cowboyspin\",\"description\":\"\",\"publisher\":{\"@id\":\"https:\\\/\\\/thecowboyspin.com\\\/pl\\\/#organization\"},\"potentialAction\":[{\"@type\":\"SearchAction\",\"target\":{\"@type\":\"EntryPoint\",\"urlTemplate\":\"https:\\\/\\\/thecowboyspin.com\\\/pl\\\/?s={search_term_string}\"},\"query-input\":{\"@type\":\"PropertyValueSpecification\",\"valueRequired\":true,\"valueName\":\"search_term_string\"}}],\"inLanguage\":\"pl-PL\"},{\"@type\":\"Organization\",\"@id\":\"https:\\\/\\\/thecowboyspin.com\\\/pl\\\/#organization\",\"name\":\"Cowboyspin\",\"url\":\"https:\\\/\\\/thecowboyspin.com\\\/pl\\\/\",\"logo\":{\"@type\":\"ImageObject\",\"inLanguage\":\"pl-PL\",\"@id\":\"https:\\\/\\\/thecowboyspin.com\\\/pl\\\/#\\\/schema\\\/logo\\\/image\\\/\",\"url\":\"https:\\\/\\\/thecowboyspin.com\\\/wp-content\\\/uploads\\\/2026\\\/03\\\/cowboyspin-logo.png\",\"contentUrl\":\"https:\\\/\\\/thecowboyspin.com\\\/wp-content\\\/uploads\\\/2026\\\/03\\\/cowboyspin-logo.png\",\"width\":180,\"height\":66,\"caption\":\"Cowboyspin\"},\"image\":{\"@id\":\"https:\\\/\\\/thecowboyspin.com\\\/pl\\\/#\\\/schema\\\/logo\\\/image\\\/\"}}]}<\/script>\n<!-- \/ Yoast SEO plugin. -->","yoast_head_json":{"title":"Pobierz aplikacj\u0119 Cowboyspin | iOS, Android i komputery stacjonarne","description":"Zainstaluj aplikacj\u0119 Cowboyspin na iOS, Androidzie, Windowsie i macOS, \u017ceby gra\u0107 w ponad 6000 gier kasynowych gdziekolwiek jeste\u015b. P\u0142ynne dzia\u0142anie, synchronizacja konta i wsparcie 24\/7 \u2013 wszystko to w Cowboyspin.","robots":{"index":"index","follow":"follow","max-snippet":"max-snippet:-1","max-image-preview":"max-image-preview:large","max-video-preview":"max-video-preview:-1"},"canonical":"https:\/\/thecowboyspin.com\/pl\/aplikacja\/","og_locale":"pl_PL","og_type":"article","og_title":"Pobierz aplikacj\u0119 Cowboyspin | iOS, Android i komputery stacjonarne","og_description":"Zainstaluj aplikacj\u0119 Cowboyspin na iOS, Androidzie, Windowsie i macOS, \u017ceby gra\u0107 w ponad 6000 gier kasynowych gdziekolwiek jeste\u015b. P\u0142ynne dzia\u0142anie, synchronizacja konta i wsparcie 24\/7 \u2013 wszystko to w Cowboyspin.","og_url":"https:\/\/thecowboyspin.com\/pl\/aplikacja\/","og_site_name":"cowboyspin","article_modified_time":"2026-03-24T13:21:10+00:00","twitter_card":"summary_large_image","twitter_misc":{"Est. reading time":"2 minutes"},"schema":{"@context":"https:\/\/schema.org","@graph":[{"@type":"WebPage","@id":"https:\/\/thecowboyspin.com\/pl\/aplikacja\/","url":"https:\/\/thecowboyspin.com\/pl\/aplikacja\/","name":"Pobierz aplikacj\u0119 Cowboyspin | iOS, Android i komputery stacjonarne","isPartOf":{"@id":"https:\/\/thecowboyspin.com\/pl\/#website"},"datePublished":"2026-01-20T12:08:23+00:00","dateModified":"2026-03-24T13:21:10+00:00","description":"Zainstaluj aplikacj\u0119 Cowboyspin na iOS, Androidzie, Windowsie i macOS, \u017ceby gra\u0107 w ponad 6000 gier kasynowych gdziekolwiek jeste\u015b. P\u0142ynne dzia\u0142anie, synchronizacja konta i wsparcie 24\/7 \u2013 wszystko to w Cowboyspin.","breadcrumb":{"@id":"https:\/\/thecowboyspin.com\/pl\/aplikacja\/#breadcrumb"},"inLanguage":"pl-PL","potentialAction":[{"@type":"ReadAction","target":["https:\/\/thecowboyspin.com\/pl\/aplikacja\/"]}]},{"@type":"BreadcrumbList","@id":"https:\/\/thecowboyspin.com\/pl\/aplikacja\/#breadcrumb","itemListElement":[{"@type":"ListItem","position":1,"name":"Cowboyspin","item":"https:\/\/thecowboyspin.com\/pl\/"},{"@type":"ListItem","position":2,"name":"Aplikacja"}]},{"@type":"WebSite","@id":"https:\/\/thecowboyspin.com\/pl\/#website","url":"https:\/\/thecowboyspin.com\/pl\/","name":"Cowboyspin","description":"","publisher":{"@id":"https:\/\/thecowboyspin.com\/pl\/#organization"},"potentialAction":[{"@type":"SearchAction","target":{"@type":"EntryPoint","urlTemplate":"https:\/\/thecowboyspin.com\/pl\/?s={search_term_string}"},"query-input":{"@type":"PropertyValueSpecification","valueRequired":true,"valueName":"search_term_string"}}],"inLanguage":"pl-PL"},{"@type":"Organization","@id":"https:\/\/thecowboyspin.com\/pl\/#organization","name":"Cowboyspin","url":"https:\/\/thecowboyspin.com\/pl\/","logo":{"@type":"ImageObject","inLanguage":"pl-PL","@id":"https:\/\/thecowboyspin.com\/pl\/#\/schema\/logo\/image\/","url":"https:\/\/thecowboyspin.com\/wp-content\/uploads\/2026\/03\/cowboyspin-logo.png","contentUrl":"https:\/\/thecowboyspin.com\/wp-content\/uploads\/2026\/03\/cowboyspin-logo.png","width":180,"height":66,"caption":"Cowboyspin"},"image":{"@id":"https:\/\/thecowboyspin.com\/pl\/#\/schema\/logo\/image\/"}}]}},"_links":{"self":[{"href":"https:\/\/thecowboyspin.com\/pl\/wp-json\/wp\/v2\/pages\/1447","targetHints":{"allow":["GET"]}}],"collection":[{"href":"https:\/\/thecowboyspin.com\/pl\/wp-json\/wp\/v2\/pages"}],"about":[{"href":"https:\/\/thecowboyspin.com\/pl\/wp-json\/wp\/v2\/types\/page"}],"author":[{"embeddable":true,"href":"https:\/\/thecowboyspin.com\/pl\/wp-json\/wp\/v2\/users\/1"}],"replies":[{"embeddable":true,"href":"https:\/\/thecowboyspin.com\/pl\/wp-json\/wp\/v2\/comments?post=1447"}],"version-history":[{"count":3,"href":"https:\/\/thecowboyspin.com\/pl\/wp-json\/wp\/v2\/pages\/1447\/revisions"}],"predecessor-version":[{"id":2070,"href":"https:\/\/thecowboyspin.com\/pl\/wp-json\/wp\/v2\/pages\/1447\/revisions\/2070"}],"wp:attachment":[{"href":"https:\/\/thecowboyspin.com\/pl\/wp-json\/wp\/v2\/media?parent=1447"}],"curies":[{"name":"wp","href":"https:\/\/api.w.org\/{rel}","templated":true}]}}