{"id":1485,"date":"2026-01-20T12:11:11","date_gmt":"2026-01-20T12:11:11","guid":{"rendered":"https:\/\/bonuskongcasino.com\/login-and-registration\/"},"modified":"2026-03-24T13:03:18","modified_gmt":"2026-03-24T13:03:18","slug":"accesso-e-registrazione","status":"publish","type":"page","link":"https:\/\/thecowboyspin.com\/it\/accesso-e-registrazione\/","title":{"rendered":"Accesso e registrazione"},"content":{"rendered":"<h1>Accesso e registrazione all&#8217;account Cowboyspin<\/h1>\n<p>Se sei pronto a sfruttare le nostre fantastiche funzionalit\u00e0 e provare tutti i tuoi giochi preferiti con soldi veri, devi solo completare la procedura di Cowboyspin login. Si tratta di un processo rapido che richiede solo un indirizzo e-mail e una password agli utenti italiani. Assicurati di creare una password complessa per impedire l&#8217;accesso non autorizzato da parte di terzi.<\/p>\n<p><div class=\"banner-wrap\" aria-label=\"Banner\"><img src=\"https:\/\/thecowboyspin.com\/wp-content\/uploads\/2026\/03\/banner-desktop2x.webp\" class=\"w-100 d-none d-lg-block img-pc main-banner-img\" alt=\"Cowboyspin bonus desktop\" fetchpriority=\"high\" decoding=\"async\"><img src=\"https:\/\/thecowboyspin.com\/wp-content\/uploads\/2026\/03\/banner-mobile2x.webp\" class=\"w-100 d-none d-md-block d-lg-none main-banner-img\" alt=\"Cowboyspin bonus mobile\" fetchpriority=\"high\" decoding=\"async\"><img src=\"https:\/\/thecowboyspin.com\/wp-content\/uploads\/2026\/03\/banner-mobile2x.webp\" class=\"w-100 d-md-none\" alt=\"Cowboyspin bonus mobile\" fetchpriority=\"high\" decoding=\"async\"><div class=\"banner-description\">\n<div class=\"banner-title\">Bonus di benvenuto<\/div>\n<p class=\"banner-header-title\">1500 \u20ac<\/p>\n<div class=\"banner-header-AdditionalText\">+ 250 Giri gratuiti<\/div>\n<button data-item=\"homepage_banner_link\" class=\"goto m-button m-gradient-border m-button--primary m-button--large banner-button btn-orange\">\n            <div class=\"m-button-content\">\n                <span>Iscriviti ora<\/span>\n                <span><\/span>\n            <\/div>\n        <\/button>\n<\/div>\n<div class=\"WelcomePack\">\n<p><img loading=\"lazy\" decoding=\"async\" class=\"alignnone size-full wp-image-1855\" src=\"https:\/\/thecowboyspin.com\/wp-content\/uploads\/2026\/03\/welcome-crown.png\" alt=\"crown\" width=\"25\" height=\"26\" \/><\/p>\n<div class=\"WelcomePack-Info\">Cashback settimanale fino al 25%<\/div>\n<p><img loading=\"lazy\" decoding=\"async\" class=\"alignnone size-full wp-image-1855\" src=\"https:\/\/thecowboyspin.com\/wp-content\/uploads\/2026\/03\/welcome-crown.png\" alt=\"crown\" width=\"25\" height=\"26\" \/><\/p>\n<\/div>\n<\/div><div class=\"scrollable-content-wrap my-5\"><div class=\"scrollable-content-inner\"><h2>Vantaggi della registrazione su Cowboyspin<\/h2>\n<p>La registrazione su Cowboy Spin Casino \u00e8 l&#8217;unico passo che ti separa da tutti i nostri giochi, bonus, pagamenti e molto altro ancora. Senza un account sulla nostra piattaforma, avrai solo la possibilit\u00e0 di giocare a diversi titoli in modalit\u00e0 demo. \u00c8 un&#8217;ottima occasione per provare qualcosa di nuovo senza alcun rischio, ma non ti offrir\u00e0 l&#8217;esperienza completa del casin\u00f2.<\/p>\n<p>Con un account, gli utenti possono essere sicuri che tutte le loro preferenze e impostazioni saranno salvate. Il processo di registrazione \u00e8 disponibile per tutti gli utenti che hanno compiuto 18 anni. Utilizziamo speciali sistemi di crittografia e tokenizzazione per mantenere tutti i tuoi dati al sicuro su Cowboyspin.<\/p>\n<h3>Come creare un account?<\/h3>\n<p>La nostra procedura di registrazione \u00e8 semplice e pu\u00f2 essere completata in pochi minuti. Richiediamo solo un indirizzo e-mail valido e una password. Consigliamo vivamente a tutti i giocatori di fornire informazioni reali, poich\u00e9 queste saranno successivamente verificate durante il processo di verifica. Segui le nostre istruzioni qui sotto per creare un account su Cowboyspin Casino:<\/p>\n<ol>\n<li>Clicca sul pulsante &#8220;Registrati&#8221; nell&#8217;intestazione della pagina principale.<\/li>\n<li>Gli utenti devono compilare il modulo di registrazione fornito.<\/li>\n<li>\u00c8 necessario accettare i termini e le condizioni e confermare l&#8217;et\u00e0 spuntando le apposite caselle.<\/li>\n<li>\u00c8 possibile inserire un codice promozionale, se ne possiedi uno.<\/li>\n<li>Dopo aver verificato tutte le informazioni inserite, gli utenti devono inviare il modulo cliccando sul pulsante alla fine.<\/li>\n<\/ol>\n<h2>Procedura di accesso rapido a Cowboyspin<\/h2>\n<p>Dopo aver completato la registrazione sulla piattaforma, \u00e8 sufficiente completare la procedura di accesso a Cowboyspin. Qui, i giocatori devono utilizzare le informazioni fornite durante la creazione dell&#8217;account. Se si tenta di accedere al proprio profilo pi\u00f9 volte senza successo, ci\u00f2 potrebbe essere percepito come un&#8217;attivit\u00e0 sospetta e l&#8217;account verr\u00e0 temporaneamente bloccato.<\/p>\n<p>L&#8217;accesso a Cowboy Spin consente di accedere non solo a tutte le nostre funzionalit\u00e0 disponibili, ma anche a impostazioni molto importanti che renderanno la tua esperienza pi\u00f9 personalizzata. Gli utenti possono modificare i propri dati personali in qualsiasi momento, controllare la cronologia delle attivit\u00e0, abilitare strumenti di gioco responsabile e molto altro ancora.<\/p>\n<h3>Reimpostazione delle informazioni personali<\/h3>\n<p>Non \u00e8 un grosso problema se hai dimenticato le tue informazioni di accesso a Cowboyspin Casino. Sulla nostra piattaforma c&#8217;\u00e8 una soluzione per ogni problema. Se hai dimenticato la password, clicca semplicemente sul link &#8220;Hai dimenticato la password?&#8221; nel modulo di accesso a Cowboyspin. Ti invieremo un link speciale per il ripristino.<\/p>\n<p>Se hai problemi a ricordare il tuo indirizzo e-mail, devi contattare il nostro team di assistenza multilingue tramite live chat o e-mail. I responsabili di Cowboyspin verificheranno la tua identit\u00e0 e ti aiuteranno ad accedere al profilo.<\/p>\n<p><img loading=\"lazy\" decoding=\"async\" class=\"alignnone size-full wp-image-1951\" src=\"https:\/\/thecowboyspin.com\/wp-content\/uploads\/2026\/03\/Cowboyspin.webp\" alt=\"Cowboyspin login\" width=\"1248\" height=\"536\" srcset=\"https:\/\/thecowboyspin.com\/wp-content\/uploads\/2026\/03\/Cowboyspin.webp 1248w, https:\/\/thecowboyspin.com\/wp-content\/uploads\/2026\/03\/Cowboyspin-300x129.webp 300w, https:\/\/thecowboyspin.com\/wp-content\/uploads\/2026\/03\/Cowboyspin-1024x440.webp 1024w, https:\/\/thecowboyspin.com\/wp-content\/uploads\/2026\/03\/Cowboyspin-768x330.webp 768w\" sizes=\"auto, (max-width: 1248px) 100vw, 1248px\" \/><\/p>\n<h2>Processo di verifica su Cowboyspin Casino<\/h2>\n<p>Prima di effettuare il primo prelievo su Cowboy Spin, tutti gli utenti devono verificare la propria identit\u00e0. Il processo prevede il caricamento delle foto dei propri documenti personali. Si tratta di un passo importante per noi al fine di prevenire le frodi e garantire la sicurezza della piattaforma. La tabella sottostante fornisce ulteriori informazioni sui documenti richiesti.<\/p>\n<table>\n<tbody>\n<tr>\n<td>Tipo di verifica<\/td>\n<td>Documenti accettati<\/td>\n<td>Dettagli<\/td>\n<\/tr>\n<tr>\n<td>Verifica dell&#8217;identit\u00e0<\/td>\n<td>Passaporto, carta d&#8217;identit\u00e0 nazionale, patente di guida<\/td>\n<td>Devono essere validi e non scaduti; la foto e i dettagli devono essere chiaramente visibili<\/td>\n<\/tr>\n<tr>\n<td>Prova di residenza<\/td>\n<td>Bolletta (elettricit\u00e0, gas, acqua), estratto conto bancario, lettera governativa, documento fiscale<\/td>\n<td>Deve essere stato emesso negli ultimi 3 mesi e riportare il nome completo e l&#8217;indirizzo<\/td>\n<\/tr>\n<tr>\n<td>Verifica del metodo di pagamento<\/td>\n<td>Foto della carta di debito\/credito, screenshot della pagina dell&#8217;account di un portafoglio elettronico, estratto conto bancario, screenshot dell&#8217;online banking che mostra l&#8217;IBAN e il nome<\/td>\n<td>Il nome deve corrispondere a quello dell&#8217;account Cowboyspin Casino<\/td>\n<\/tr>\n<\/tbody>\n<\/table>\n<h2>Domande frequenti<\/h2>\n<h3>Quali sono i requisiti per creare un account su Cowboy Spin?<\/h3>\n<p>L&#8217;accesso a Cowboyspin \u00e8 disponibile per tutti i giocatori che hanno compiuto 18 anni. Ogni persona pu\u00f2 avere un solo profilo sul sito web. Ecco perch\u00e9 non \u00e8 necessario creare un nuovo account quando si gioca su dispositivi diversi.<\/p>\n<h3>Come garantite la sicurezza degli account e delle informazioni personali?<\/h3>\n<p>Utilizziamo l&#8217;innovativa crittografia TLS 1.3 per proteggere tutte le tue informazioni personali e di pagamento. Tutti gli utenti con un account possono abilitare l&#8217;autenticazione a due fattori per avere un ulteriore livello di sicurezza.<\/p>\n<h3>Posso disconnettermi manualmente da tutti i dispositivi?<\/h3>\n<p>Questa funzione \u00e8 disponibile nelle impostazioni del tuo account. Puoi anche contattare il nostro team di assistenza per ricevere aiuto con la procedura.<\/p>\n<\/div><\/div><\/p>\n","protected":false},"excerpt":{"rendered":"<p>Accesso e registrazione all&#8217;account Cowboyspin Se sei pronto a sfruttare le nostre fantastiche funzionalit\u00e0 e provare tutti i tuoi giochi preferiti con soldi veri, devi solo completare la procedura di Cowboyspin login. Si tratta di un processo rapido che richiede solo un indirizzo e-mail e una password agli utenti italiani. Assicurati di creare una password [&hellip;]<\/p>\n","protected":false},"author":1,"featured_media":0,"parent":0,"menu_order":0,"comment_status":"closed","ping_status":"closed","template":"template-builder.php","meta":{"_acf_changed":false,"inline_featured_image":false,"footnotes":""},"class_list":["post-1485","page","type-page","status-publish","hentry"],"acf":[],"yoast_head":"<!-- This site is optimized with the Yoast SEO plugin v27.3 - https:\/\/yoast.com\/product\/yoast-seo-wordpress\/ -->\n<title>Cowboyspin Login - Accesso sicuro alla registrazione e al login<\/title>\n<meta name=\"description\" content=\"Accesso a Cowboyspin: accedi al tuo account in modo sicuro o creane uno nuovo in pochi minuti. Gestisci facilmente la verifica, il recupero della password e le impostazioni dell&#039;account in Cowboyspin.\" \/>\n<meta name=\"robots\" content=\"index, follow, max-snippet:-1, max-image-preview:large, max-video-preview:-1\" \/>\n<link rel=\"canonical\" href=\"https:\/\/thecowboyspin.com\/it\/accesso-e-registrazione\/\" \/>\n<meta property=\"og:locale\" content=\"it_IT\" \/>\n<meta property=\"og:type\" content=\"article\" \/>\n<meta property=\"og:title\" content=\"Cowboyspin Login - Accesso sicuro alla registrazione e al login\" \/>\n<meta property=\"og:description\" content=\"Accesso a Cowboyspin: accedi al tuo account in modo sicuro o creane uno nuovo in pochi minuti. Gestisci facilmente la verifica, il recupero della password e le impostazioni dell&#039;account in Cowboyspin.\" \/>\n<meta property=\"og:url\" content=\"https:\/\/thecowboyspin.com\/it\/accesso-e-registrazione\/\" \/>\n<meta property=\"og:site_name\" content=\"cowboyspin\" \/>\n<meta property=\"article:modified_time\" content=\"2026-03-24T13:03:18+00:00\" \/>\n<meta name=\"twitter:card\" content=\"summary_large_image\" \/>\n<meta name=\"twitter:label1\" content=\"Est. reading time\" \/>\n\t<meta name=\"twitter:data1\" content=\"1 minute\" \/>\n<script type=\"application\/ld+json\" class=\"yoast-schema-graph\">{\"@context\":\"https:\\\/\\\/schema.org\",\"@graph\":[{\"@type\":\"WebPage\",\"@id\":\"https:\\\/\\\/thecowboyspin.com\\\/it\\\/accesso-e-registrazione\\\/\",\"url\":\"https:\\\/\\\/thecowboyspin.com\\\/it\\\/accesso-e-registrazione\\\/\",\"name\":\"Cowboyspin Login - Accesso sicuro alla registrazione e al login\",\"isPartOf\":{\"@id\":\"https:\\\/\\\/thecowboyspin.com\\\/it\\\/#website\"},\"datePublished\":\"2026-01-20T12:11:11+00:00\",\"dateModified\":\"2026-03-24T13:03:18+00:00\",\"description\":\"Accesso a Cowboyspin: accedi al tuo account in modo sicuro o creane uno nuovo in pochi minuti. Gestisci facilmente la verifica, il recupero della password e le impostazioni dell'account in Cowboyspin.\",\"breadcrumb\":{\"@id\":\"https:\\\/\\\/thecowboyspin.com\\\/it\\\/accesso-e-registrazione\\\/#breadcrumb\"},\"inLanguage\":\"it-IT\",\"potentialAction\":[{\"@type\":\"ReadAction\",\"target\":[\"https:\\\/\\\/thecowboyspin.com\\\/it\\\/accesso-e-registrazione\\\/\"]}]},{\"@type\":\"BreadcrumbList\",\"@id\":\"https:\\\/\\\/thecowboyspin.com\\\/it\\\/accesso-e-registrazione\\\/#breadcrumb\",\"itemListElement\":[{\"@type\":\"ListItem\",\"position\":1,\"name\":\"Cowboyspin\",\"item\":\"https:\\\/\\\/thecowboyspin.com\\\/it\\\/\"},{\"@type\":\"ListItem\",\"position\":2,\"name\":\"Accesso e registrazione\"}]},{\"@type\":\"WebSite\",\"@id\":\"https:\\\/\\\/thecowboyspin.com\\\/it\\\/#website\",\"url\":\"https:\\\/\\\/thecowboyspin.com\\\/it\\\/\",\"name\":\"Cowboyspin\",\"description\":\"\",\"publisher\":{\"@id\":\"https:\\\/\\\/thecowboyspin.com\\\/it\\\/#organization\"},\"potentialAction\":[{\"@type\":\"SearchAction\",\"target\":{\"@type\":\"EntryPoint\",\"urlTemplate\":\"https:\\\/\\\/thecowboyspin.com\\\/it\\\/?s={search_term_string}\"},\"query-input\":{\"@type\":\"PropertyValueSpecification\",\"valueRequired\":true,\"valueName\":\"search_term_string\"}}],\"inLanguage\":\"it-IT\"},{\"@type\":\"Organization\",\"@id\":\"https:\\\/\\\/thecowboyspin.com\\\/it\\\/#organization\",\"name\":\"Cowboyspin\",\"url\":\"https:\\\/\\\/thecowboyspin.com\\\/it\\\/\",\"logo\":{\"@type\":\"ImageObject\",\"inLanguage\":\"it-IT\",\"@id\":\"https:\\\/\\\/thecowboyspin.com\\\/it\\\/#\\\/schema\\\/logo\\\/image\\\/\",\"url\":\"https:\\\/\\\/thecowboyspin.com\\\/wp-content\\\/uploads\\\/2026\\\/03\\\/cowboyspin-logo.png\",\"contentUrl\":\"https:\\\/\\\/thecowboyspin.com\\\/wp-content\\\/uploads\\\/2026\\\/03\\\/cowboyspin-logo.png\",\"width\":180,\"height\":66,\"caption\":\"Cowboyspin\"},\"image\":{\"@id\":\"https:\\\/\\\/thecowboyspin.com\\\/it\\\/#\\\/schema\\\/logo\\\/image\\\/\"}}]}<\/script>\n<!-- \/ Yoast SEO plugin. -->","yoast_head_json":{"title":"Cowboyspin Login - Accesso sicuro alla registrazione e al login","description":"Accesso a Cowboyspin: accedi al tuo account in modo sicuro o creane uno nuovo in pochi minuti. Gestisci facilmente la verifica, il recupero della password e le impostazioni dell'account in Cowboyspin.","robots":{"index":"index","follow":"follow","max-snippet":"max-snippet:-1","max-image-preview":"max-image-preview:large","max-video-preview":"max-video-preview:-1"},"canonical":"https:\/\/thecowboyspin.com\/it\/accesso-e-registrazione\/","og_locale":"it_IT","og_type":"article","og_title":"Cowboyspin Login - Accesso sicuro alla registrazione e al login","og_description":"Accesso a Cowboyspin: accedi al tuo account in modo sicuro o creane uno nuovo in pochi minuti. Gestisci facilmente la verifica, il recupero della password e le impostazioni dell'account in Cowboyspin.","og_url":"https:\/\/thecowboyspin.com\/it\/accesso-e-registrazione\/","og_site_name":"cowboyspin","article_modified_time":"2026-03-24T13:03:18+00:00","twitter_card":"summary_large_image","twitter_misc":{"Est. reading time":"1 minute"},"schema":{"@context":"https:\/\/schema.org","@graph":[{"@type":"WebPage","@id":"https:\/\/thecowboyspin.com\/it\/accesso-e-registrazione\/","url":"https:\/\/thecowboyspin.com\/it\/accesso-e-registrazione\/","name":"Cowboyspin Login - Accesso sicuro alla registrazione e al login","isPartOf":{"@id":"https:\/\/thecowboyspin.com\/it\/#website"},"datePublished":"2026-01-20T12:11:11+00:00","dateModified":"2026-03-24T13:03:18+00:00","description":"Accesso a Cowboyspin: accedi al tuo account in modo sicuro o creane uno nuovo in pochi minuti. Gestisci facilmente la verifica, il recupero della password e le impostazioni dell'account in Cowboyspin.","breadcrumb":{"@id":"https:\/\/thecowboyspin.com\/it\/accesso-e-registrazione\/#breadcrumb"},"inLanguage":"it-IT","potentialAction":[{"@type":"ReadAction","target":["https:\/\/thecowboyspin.com\/it\/accesso-e-registrazione\/"]}]},{"@type":"BreadcrumbList","@id":"https:\/\/thecowboyspin.com\/it\/accesso-e-registrazione\/#breadcrumb","itemListElement":[{"@type":"ListItem","position":1,"name":"Cowboyspin","item":"https:\/\/thecowboyspin.com\/it\/"},{"@type":"ListItem","position":2,"name":"Accesso e registrazione"}]},{"@type":"WebSite","@id":"https:\/\/thecowboyspin.com\/it\/#website","url":"https:\/\/thecowboyspin.com\/it\/","name":"Cowboyspin","description":"","publisher":{"@id":"https:\/\/thecowboyspin.com\/it\/#organization"},"potentialAction":[{"@type":"SearchAction","target":{"@type":"EntryPoint","urlTemplate":"https:\/\/thecowboyspin.com\/it\/?s={search_term_string}"},"query-input":{"@type":"PropertyValueSpecification","valueRequired":true,"valueName":"search_term_string"}}],"inLanguage":"it-IT"},{"@type":"Organization","@id":"https:\/\/thecowboyspin.com\/it\/#organization","name":"Cowboyspin","url":"https:\/\/thecowboyspin.com\/it\/","logo":{"@type":"ImageObject","inLanguage":"it-IT","@id":"https:\/\/thecowboyspin.com\/it\/#\/schema\/logo\/image\/","url":"https:\/\/thecowboyspin.com\/wp-content\/uploads\/2026\/03\/cowboyspin-logo.png","contentUrl":"https:\/\/thecowboyspin.com\/wp-content\/uploads\/2026\/03\/cowboyspin-logo.png","width":180,"height":66,"caption":"Cowboyspin"},"image":{"@id":"https:\/\/thecowboyspin.com\/it\/#\/schema\/logo\/image\/"}}]}},"_links":{"self":[{"href":"https:\/\/thecowboyspin.com\/it\/wp-json\/wp\/v2\/pages\/1485","targetHints":{"allow":["GET"]}}],"collection":[{"href":"https:\/\/thecowboyspin.com\/it\/wp-json\/wp\/v2\/pages"}],"about":[{"href":"https:\/\/thecowboyspin.com\/it\/wp-json\/wp\/v2\/types\/page"}],"author":[{"embeddable":true,"href":"https:\/\/thecowboyspin.com\/it\/wp-json\/wp\/v2\/users\/1"}],"replies":[{"embeddable":true,"href":"https:\/\/thecowboyspin.com\/it\/wp-json\/wp\/v2\/comments?post=1485"}],"version-history":[{"count":3,"href":"https:\/\/thecowboyspin.com\/it\/wp-json\/wp\/v2\/pages\/1485\/revisions"}],"predecessor-version":[{"id":2064,"href":"https:\/\/thecowboyspin.com\/it\/wp-json\/wp\/v2\/pages\/1485\/revisions\/2064"}],"wp:attachment":[{"href":"https:\/\/thecowboyspin.com\/it\/wp-json\/wp\/v2\/media?parent=1485"}],"curies":[{"name":"wp","href":"https:\/\/api.w.org\/{rel}","templated":true}]}}