{"id":1457,"date":"2026-01-20T12:21:20","date_gmt":"2026-01-20T12:21:20","guid":{"rendered":"https:\/\/bonuskongcasino.com\/bonus\/"},"modified":"2026-03-24T13:04:32","modified_gmt":"2026-03-24T13:04:32","slug":"bonus","status":"publish","type":"page","link":"https:\/\/thecowboyspin.com\/it\/bonus\/","title":{"rendered":"Bonus"},"content":{"rendered":"<h1>Bonus e premi di Cowboy Spin Casino<\/h1>\n<p>Il sistema di Cowboyspin bonus soddisfer\u00e0 tutti, dai nuovi arrivati ai giocatori italiani abituali. Abbiamo preparato molte offerte generose che possono farti ottenere giri gratuiti, contanti, monete o rimborsi. Tutte le nostre promozioni hanno regole chiare che ti consigliamo di leggere prima di attivare l&#8217;opzione preferita.<\/p>\n<p><div class=\"banner-wrap\" aria-label=\"Banner\"><img src=\"https:\/\/thecowboyspin.com\/wp-content\/uploads\/2026\/03\/banner-desktop2x.webp\" class=\"w-100 d-none d-lg-block img-pc main-banner-img\" alt=\"Cowboyspin bonus desktop\" fetchpriority=\"high\" decoding=\"async\"><img src=\"https:\/\/thecowboyspin.com\/wp-content\/uploads\/2026\/03\/banner-mobile2x.webp\" class=\"w-100 d-none d-md-block d-lg-none main-banner-img\" alt=\"Cowboyspin bonus mobile\" fetchpriority=\"high\" decoding=\"async\"><img src=\"https:\/\/thecowboyspin.com\/wp-content\/uploads\/2026\/03\/banner-mobile2x.webp\" class=\"w-100 d-md-none\" alt=\"Cowboyspin bonus mobile\" fetchpriority=\"high\" decoding=\"async\"><div class=\"banner-description\">\n<div class=\"banner-title\">Bonus di benvenuto<\/div>\n<p class=\"banner-header-title\">1500 \u20ac<\/p>\n<div class=\"banner-header-AdditionalText\">+ 250 Giri gratuiti<\/div>\n<button data-item=\"homepage_banner_link\" class=\"goto m-button m-gradient-border m-button--primary m-button--large banner-button btn-orange\">\n            <div class=\"m-button-content\">\n                <span>Iscriviti ora<\/span>\n                <span><\/span>\n            <\/div>\n        <\/button>\n<\/div>\n<div class=\"WelcomePack\">\n<p><img loading=\"lazy\" decoding=\"async\" class=\"alignnone size-full wp-image-1855\" src=\"https:\/\/thecowboyspin.com\/wp-content\/uploads\/2026\/03\/welcome-crown.png\" alt=\"crown\" width=\"25\" height=\"26\" \/><\/p>\n<div class=\"WelcomePack-Info\">Cashback settimanale fino al 25%<\/div>\n<p><img loading=\"lazy\" decoding=\"async\" class=\"alignnone size-full wp-image-1855\" src=\"https:\/\/thecowboyspin.com\/wp-content\/uploads\/2026\/03\/welcome-crown.png\" alt=\"crown\" width=\"25\" height=\"26\" \/><\/p>\n<\/div>\n<\/div><div class=\"promotions-wrap\"><div class=\"promotion-card\" style=\"background-image: url(https:\/\/thecowboyspin.com\/wp-content\/uploads\/Cowboyspin-promocards-300\u0445300.webp);\"><h2 class=\"promotion-card__title\">Bonus sul primo deposito<\/h2><label class=\"promotion-card__offer\">100% fino a \u20ac 500 + 150 giri gratuiti<\/label><label class=\"promotion-card__description\"><\/label><div class=\"promotion-card__actions\"><button data-item=\"payments_link\" data-group=\"website_links\" class=\"goto btn btn-orange rounded-pill fw-bold px-4 m-button m-gradient-border m-button--primary m-button--large promotion-button promotion-card__action-btn\" aria-label=\"Iscriviti\"><div class=\"m-button-content\"><span class=\"promotion-button__content\">Iscriviti<\/span><\/div><\/button><button data-item=\"http:\/\/bonus_link\" data-group=\"website_links\" class=\"goto m-button m-gradient-border m-button--secondary m-button--medium promotion-card__info-btn\" aria-label=\"More information\"><div class=\"m-button-content\"><svg viewBox=\"0 0 24 24\" fill=\"none\" xmlns=\"http:\/\/www.w3.org\/2000\/svg\" class=\"m-icon m-icon-loadable\" name=\"Attention\" loading=\"false\" aria-hidden=\"true\"><path d=\"M12 22C6.477 22 2 17.522 2 12S6.477 2 12 2s10 4.478 10 10-4.477 10-10 10m-.002-13.004a.999.999 0 1 0 0-1.997.999.999 0 0 0 0 1.997M12 17a1 1 0 0 0 .993-.884L13 16l-.002-5.001-.007-.117a1 1 0 0 0-1.986 0l-.007.117L11 16l.007.117A1 1 0 0 0 12 17\" fill=\"currentColor\"><\/path><\/svg><\/div><\/button><\/div><\/div><div class=\"promotion-card\" style=\"background-image: url(https:\/\/thecowboyspin.com\/wp-content\/uploads\/Cowboyspin-promocards-300\u0445300-1.webp);\"><h2 class=\"promotion-card__title\">Bonus sul secondo deposito<\/h2><label class=\"promotion-card__offer\">55% fino a \u20ac 500 + 100 giri gratuiti<\/label><label class=\"promotion-card__description\"><\/label><div class=\"promotion-card__actions\"><button data-item=\"payments_link\" data-group=\"website_links\" class=\"goto btn btn-orange rounded-pill fw-bold px-4 m-button m-gradient-border m-button--primary m-button--large promotion-button promotion-card__action-btn\" aria-label=\"Iscriviti\"><div class=\"m-button-content\"><span class=\"promotion-button__content\">Iscriviti<\/span><\/div><\/button><button data-item=\"http:\/\/bonus_link\" data-group=\"website_links\" class=\"goto m-button m-gradient-border m-button--secondary m-button--medium promotion-card__info-btn\" aria-label=\"More information\"><div class=\"m-button-content\"><svg viewBox=\"0 0 24 24\" fill=\"none\" xmlns=\"http:\/\/www.w3.org\/2000\/svg\" class=\"m-icon m-icon-loadable\" name=\"Attention\" loading=\"false\" aria-hidden=\"true\"><path d=\"M12 22C6.477 22 2 17.522 2 12S6.477 2 12 2s10 4.478 10 10-4.477 10-10 10m-.002-13.004a.999.999 0 1 0 0-1.997.999.999 0 0 0 0 1.997M12 17a1 1 0 0 0 .993-.884L13 16l-.002-5.001-.007-.117a1 1 0 0 0-1.986 0l-.007.117L11 16l.007.117A1 1 0 0 0 12 17\" fill=\"currentColor\"><\/path><\/svg><\/div><\/button><\/div><\/div><div class=\"promotion-card\" style=\"background-image: url(https:\/\/thecowboyspin.com\/wp-content\/uploads\/Cowboyspin-promocards-300\u0445300-2.webp);\"><h2 class=\"promotion-card__title\">Bonus sul terzo deposito<\/h2><label class=\"promotion-card__offer\">100% fino a \u20ac 500<\/label><label class=\"promotion-card__description\"><\/label><div class=\"promotion-card__actions\"><button data-item=\"payments_link\" data-group=\"website_links\" class=\"goto btn btn-orange rounded-pill fw-bold px-4 m-button m-gradient-border m-button--primary m-button--large promotion-button promotion-card__action-btn\" aria-label=\"Iscriviti\"><div class=\"m-button-content\"><span class=\"promotion-button__content\">Iscriviti<\/span><\/div><\/button><button data-item=\"http:\/\/bonus_link\" data-group=\"website_links\" class=\"goto m-button m-gradient-border m-button--secondary m-button--medium promotion-card__info-btn\" aria-label=\"More information\"><div class=\"m-button-content\"><svg viewBox=\"0 0 24 24\" fill=\"none\" xmlns=\"http:\/\/www.w3.org\/2000\/svg\" class=\"m-icon m-icon-loadable\" name=\"Attention\" loading=\"false\" aria-hidden=\"true\"><path d=\"M12 22C6.477 22 2 17.522 2 12S6.477 2 12 2s10 4.478 10 10-4.477 10-10 10m-.002-13.004a.999.999 0 1 0 0-1.997.999.999 0 0 0 0 1.997M12 17a1 1 0 0 0 .993-.884L13 16l-.002-5.001-.007-.117a1 1 0 0 0-1.986 0l-.007.117L11 16l.007.117A1 1 0 0 0 12 17\" fill=\"currentColor\"><\/path><\/svg><\/div><\/button><\/div><\/div><div class=\"promotion-card\" style=\"background-image: url(https:\/\/thecowboyspin.com\/wp-content\/uploads\/Cowboyspin-promocards-300\u0445300-3.webp);\"><h2 class=\"promotion-card__title\">Cashback settimanale<\/h2><label class=\"promotion-card__offer\">fino al 25%<\/label><label class=\"promotion-card__description\"><\/label><div class=\"promotion-card__actions\"><button data-item=\"payments_link\" data-group=\"website_links\" class=\"goto btn btn-orange rounded-pill fw-bold px-4 m-button m-gradient-border m-button--primary m-button--large promotion-button promotion-card__action-btn\" aria-label=\"Iscriviti\"><div class=\"m-button-content\"><span class=\"promotion-button__content\">Iscriviti<\/span><\/div><\/button><button data-item=\"http:\/\/bonus_link\" data-group=\"website_links\" class=\"goto m-button m-gradient-border m-button--secondary m-button--medium promotion-card__info-btn\" aria-label=\"More information\"><div class=\"m-button-content\"><svg viewBox=\"0 0 24 24\" fill=\"none\" xmlns=\"http:\/\/www.w3.org\/2000\/svg\" class=\"m-icon m-icon-loadable\" name=\"Attention\" loading=\"false\" aria-hidden=\"true\"><path d=\"M12 22C6.477 22 2 17.522 2 12S6.477 2 12 2s10 4.478 10 10-4.477 10-10 10m-.002-13.004a.999.999 0 1 0 0-1.997.999.999 0 0 0 0 1.997M12 17a1 1 0 0 0 .993-.884L13 16l-.002-5.001-.007-.117a1 1 0 0 0-1.986 0l-.007.117L11 16l.007.117A1 1 0 0 0 12 17\" fill=\"currentColor\"><\/path><\/svg><\/div><\/button><\/div><\/div><div class=\"promotion-card\" style=\"background-image: url(https:\/\/thecowboyspin.com\/wp-content\/uploads\/gold-promocards-300\u0445300.webp);\"><h2 class=\"promotion-card__title\">Ricarica domenicale<\/h2><label class=\"promotion-card__offer\">25% fino a \u20ac 100<\/label><label class=\"promotion-card__description\"><\/label><div class=\"promotion-card__actions\"><button data-item=\"payments_link\" data-group=\"website_links\" class=\"goto btn btn-orange rounded-pill fw-bold px-4 m-button m-gradient-border m-button--primary m-button--large promotion-button promotion-card__action-btn\" aria-label=\"Iscriviti\"><div class=\"m-button-content\"><span class=\"promotion-button__content\">Iscriviti<\/span><\/div><\/button><button data-item=\"http:\/\/bonus_link\" data-group=\"website_links\" class=\"goto m-button m-gradient-border m-button--secondary m-button--medium promotion-card__info-btn\" aria-label=\"More information\"><div class=\"m-button-content\"><svg viewBox=\"0 0 24 24\" fill=\"none\" xmlns=\"http:\/\/www.w3.org\/2000\/svg\" class=\"m-icon m-icon-loadable\" name=\"Attention\" loading=\"false\" aria-hidden=\"true\"><path d=\"M12 22C6.477 22 2 17.522 2 12S6.477 2 12 2s10 4.478 10 10-4.477 10-10 10m-.002-13.004a.999.999 0 1 0 0-1.997.999.999 0 0 0 0 1.997M12 17a1 1 0 0 0 .993-.884L13 16l-.002-5.001-.007-.117a1 1 0 0 0-1.986 0l-.007.117L11 16l.007.117A1 1 0 0 0 12 17\" fill=\"currentColor\"><\/path><\/svg><\/div><\/button><\/div><\/div><div class=\"promotion-card\" style=\"background-image: url(https:\/\/thecowboyspin.com\/wp-content\/uploads\/Cowboyspin-promocards-300\u0445300-4.webp);\"><h2 class=\"promotion-card__title\">Rakeback<\/h2><label class=\"promotion-card__offer\">fino al 17%<\/label><label class=\"promotion-card__description\"><\/label><div class=\"promotion-card__actions\"><button data-item=\"payments_link\" data-group=\"website_links\" class=\"goto btn btn-orange rounded-pill fw-bold px-4 m-button m-gradient-border m-button--primary m-button--large promotion-button promotion-card__action-btn\" aria-label=\"Iscriviti\"><div class=\"m-button-content\"><span class=\"promotion-button__content\">Iscriviti<\/span><\/div><\/button><button data-item=\"http:\/\/bonus_link\" data-group=\"website_links\" class=\"goto m-button m-gradient-border m-button--secondary m-button--medium promotion-card__info-btn\" aria-label=\"More information\"><div class=\"m-button-content\"><svg viewBox=\"0 0 24 24\" fill=\"none\" xmlns=\"http:\/\/www.w3.org\/2000\/svg\" class=\"m-icon m-icon-loadable\" name=\"Attention\" loading=\"false\" aria-hidden=\"true\"><path d=\"M12 22C6.477 22 2 17.522 2 12S6.477 2 12 2s10 4.478 10 10-4.477 10-10 10m-.002-13.004a.999.999 0 1 0 0-1.997.999.999 0 0 0 0 1.997M12 17a1 1 0 0 0 .993-.884L13 16l-.002-5.001-.007-.117a1 1 0 0 0-1.986 0l-.007.117L11 16l.007.117A1 1 0 0 0 12 17\" fill=\"currentColor\"><\/path><\/svg><\/div><\/button><\/div><\/div><div class=\"promotion-card\" style=\"background-image: url(https:\/\/thecowboyspin.com\/wp-content\/uploads\/Cowboyspin-promocards-300\u0445300-5.webp);\"><h2 class=\"promotion-card__title\">Bonus Highroller<\/h2><label class=\"promotion-card__offer\">50% fino a \u20ac 500<\/label><label class=\"promotion-card__description\"><\/label><div class=\"promotion-card__actions\"><button data-item=\"payments_link\" data-group=\"website_links\" class=\"goto btn btn-orange rounded-pill fw-bold px-4 m-button m-gradient-border m-button--primary m-button--large promotion-button promotion-card__action-btn\" aria-label=\"Iscriviti\"><div class=\"m-button-content\"><span class=\"promotion-button__content\">Iscriviti<\/span><\/div><\/button><button data-item=\"http:\/\/bonus_link\" data-group=\"website_links\" class=\"goto m-button m-gradient-border m-button--secondary m-button--medium promotion-card__info-btn\" aria-label=\"More information\"><div class=\"m-button-content\"><svg viewBox=\"0 0 24 24\" fill=\"none\" xmlns=\"http:\/\/www.w3.org\/2000\/svg\" class=\"m-icon m-icon-loadable\" name=\"Attention\" loading=\"false\" aria-hidden=\"true\"><path d=\"M12 22C6.477 22 2 17.522 2 12S6.477 2 12 2s10 4.478 10 10-4.477 10-10 10m-.002-13.004a.999.999 0 1 0 0-1.997.999.999 0 0 0 0 1.997M12 17a1 1 0 0 0 .993-.884L13 16l-.002-5.001-.007-.117a1 1 0 0 0-1.986 0l-.007.117L11 16l.007.117A1 1 0 0 0 12 17\" fill=\"currentColor\"><\/path><\/svg><\/div><\/button><\/div><\/div><\/div><div class=\"scrollable-content-wrap my-5\"><div class=\"scrollable-content-inner\"><h2>Catalogo delle promozioni su Cowboyspin<\/h2>\n<p>Tutti gli utenti di Cowboy Spin Casino hanno l&#8217;opportunit\u00e0 di ricevere non solo le vincite dai loro giochi preferiti, ma anche dall&#8217;attivazione dei nostri fantastici bonus. Ci sono diverse opzioni per diverse preferenze e budget. Prima di tutto, c&#8217;\u00e8 il pacchetto di benvenuto per tutti i nuovi utenti registrati, che include fondi bonus e giri gratuiti.<\/p>\n<p>La maggior parte della nostra collezione \u00e8 costituita da promozioni per i clienti abituali. Alcune di esse consentono di ottenere un rimborso sulle perdite, mentre altre offrono vantaggi esclusivi. Aggiungiamo regolarmente offerte stagionali per rendere il tuo gioco ancora pi\u00f9 emozionante. La tabella sottostante presenta le principali offerte bonus di Cowboyspin disponibili per tutti gli utenti registrati.<\/p>\n<table>\n<tbody>\n<tr>\n<td>Offerta bonus<\/td>\n<td>Ricompensa<\/td>\n<td>Codice promozionale<\/td>\n<\/tr>\n<tr>\n<td>Bonus Highroller<\/td>\n<td>50% fino a 500 \u20ac<\/td>\n<td>50HIGH<\/td>\n<\/tr>\n<tr>\n<td>Cashback settimanale<\/td>\n<td>fino al 25%<\/td>\n<td>no<\/td>\n<\/tr>\n<tr>\n<td>Ricarica domenicale<\/td>\n<td>25% fino a 100 \u20ac<\/td>\n<td>RELDAY<\/td>\n<\/tr>\n<tr>\n<td>Rakeback<\/td>\n<td>fino al 17%<\/td>\n<td>no<\/td>\n<\/tr>\n<\/tbody>\n<\/table>\n<h2>Pacchetto di benvenuto per i nuovi giocatori registrati<\/h2>\n<p>Comprendiamo che utilizzare un nuovo casin\u00f2 online possa risultare complesso a volte, poich\u00e9 tutti i titoli sono nuovi per te. Per aiutarti a sentirti pi\u00f9 sicuro e provare tutti i giochi che desideri senza perdere troppo, offriamo un generoso bonus Cowboy Spin per i nuovi clienti.<\/p>\n<p>I termini principali per l&#8217;attivazione sono la creazione di un account e il primo deposito. Senza alcun codice promozionale aggiuntivo, riceverai automaticamente fino a 1.500 \u20ac + 250 giri gratuiti. L&#8217;intero pacchetto sar\u00e0 distribuito sui tuoi primi tre depositi su Cowboyspin, prolungando ulteriormente la tua esperienza di gioco.<\/p>\n<p><img loading=\"lazy\" decoding=\"async\" class=\"alignnone size-full wp-image-1959\" src=\"https:\/\/thecowboyspin.com\/wp-content\/uploads\/2026\/03\/Cowboyspin-Bonus.webp\" alt=\"Cowboyspin Bonus\" width=\"1248\" height=\"536\" srcset=\"https:\/\/thecowboyspin.com\/wp-content\/uploads\/2026\/03\/Cowboyspin-Bonus.webp 1248w, https:\/\/thecowboyspin.com\/wp-content\/uploads\/2026\/03\/Cowboyspin-Bonus-300x129.webp 300w, https:\/\/thecowboyspin.com\/wp-content\/uploads\/2026\/03\/Cowboyspin-Bonus-1024x440.webp 1024w, https:\/\/thecowboyspin.com\/wp-content\/uploads\/2026\/03\/Cowboyspin-Bonus-768x330.webp 768w\" sizes=\"auto, (max-width: 1248px) 100vw, 1248px\" \/><\/p>\n<h2>Selezione di tornei<\/h2>\n<p>Oltre a tutte le promozioni che abbiamo gi\u00e0 descritto, ci sono anche molti tornei entusiasmanti. L&#8217;obiettivo qui non \u00e8 solo quello di giocare per divertimento o per vincite standard, ma di classificarsi in una classifica e vincere enormi premi in palio su Cowboyspin Casino.<\/p>\n<p>Alcuni tornei sono gratuiti, mentre altri richiedono un buy-in. Ogni evento \u00e8 specifico per un tipo di gioco. Su Cowboy Spin troverai principalmente opzioni per slot online e titoli di casin\u00f2 dal vivo. Ecco l&#8217;elenco delle opzioni attualmente disponibili:<\/p>\n<ul>\n<li>Spinoleague con un montepremi di 12.000.000 \u20ac<\/li>\n<li>Torneo live, dove puoi ricevere 10.000 \u20ac<\/li>\n<li>Torneo Rookie Rumble con un premio giornaliero di 2.500 \u20ac<\/li>\n<\/ul>\n<h2>Come attivare e ottenere il bonus?<\/h2>\n<p>Per ricevere il bonus Cowboyspin e avere la possibilit\u00e0 di prelevarlo, gli utenti devono soddisfare i termini e le condizioni. Prima di tutto, devi essere un utente registrato. Nella maggior parte dei casi, l&#8217;attivazione \u00e8 legata al deposito minimo che devi effettuare. Ad esempio, il pacchetto di benvenuto di Cowboyspin Casino richiede un deposito di almeno 20 \u20ac. Inoltre, tutte le promozioni hanno un periodo di validit\u00e0. Ci\u00f2 significa che devi soddisfare tutti i requisiti entro un determinato periodo di tempo.<\/p>\n<p>Se sei pronto a prelevare l&#8217;importo del bonus, devi soddisfare il requisito di scommessa, che di solito \u00e8 x35-x40. Puoi trovare le regole di ogni offerta Cowboyspin cliccandoci sopra. La nostra piattaforma consente ai giocatori di avere un solo bonus di deposito attivo. Questo non si applica ai tornei e alle missioni.<\/p>\n<p>Anche se hai gi\u00e0 giocato in un casin\u00f2 online, \u00e8 molto importante leggere le regole prima di scegliere l&#8217;offerta. Alcuni termini si applicano al processo di attivazione, mentre altri si applicano alla ricezione del premio.<\/p>\n<h2>Domande frequenti<\/h2>\n<h3>Come funzionano i requisiti di scommessa?<\/h3>\n<p>Il requisito di scommessa indica quante volte devi giocare il bonus Cowboyspin prima di poter prelevare le vincite. Ad esempio, se l&#8217;importo \u00e8 di 100 \u20ac e il requisito \u00e8 x35, devi piazzare scommesse per un totale di 3.500 \u20ac prima di poter prelevare le tue vincite.<\/p>\n<h3>Posso ottenere il pacchetto di benvenuto su desktop e poi su cellulare?<\/h3>\n<p>Il pacchetto di benvenuto di Cowboyspin Casino pu\u00f2 essere attivato una sola volta dopo aver creato un account. Puoi farlo su qualsiasi dispositivo. Tuttavia, dopo aver completato i termini e ricevuto il premio, non potrai attivarlo una seconda volta.<\/p>\n<h3>Cosa succede se non ho soddisfatto tutti i termini della promozione Cowboy Spin entro il periodo di validit\u00e0?<\/h3>\n<p>Purtroppo, in questo caso, la promozione e tutti i premi correlati saranno annullati. Se si tratta di un bonus regolare, puoi attivarlo nuovamente in conformit\u00e0 con le regole. \u00c8 molto importante leggere le informazioni sul periodo di validit\u00e0 e gli altri requisiti dell&#8217;offerta.<\/p>\n<\/div><\/div><\/p>\n","protected":false},"excerpt":{"rendered":"<p>Bonus e premi di Cowboy Spin Casino Il sistema di Cowboyspin bonus soddisfer\u00e0 tutti, dai nuovi arrivati ai giocatori italiani abituali. Abbiamo preparato molte offerte generose che possono farti ottenere giri gratuiti, contanti, monete o rimborsi. Tutte le nostre promozioni hanno regole chiare che ti consigliamo di leggere prima di attivare l&#8217;opzione preferita.<\/p>\n","protected":false},"author":1,"featured_media":0,"parent":0,"menu_order":0,"comment_status":"closed","ping_status":"closed","template":"template-builder.php","meta":{"_acf_changed":false,"inline_featured_image":false,"footnotes":""},"class_list":["post-1457","page","type-page","status-publish","hentry"],"acf":[],"yoast_head":"<!-- This site is optimized with the Yoast SEO plugin v27.3 - https:\/\/yoast.com\/product\/yoast-seo-wordpress\/ -->\n<title>Cowboyspin Bonus | FS e offerta speciale per i giocatori<\/title>\n<meta name=\"description\" content=\"Bonus Cowboyspin: scopri i bonus di benvenuto, i giri gratuiti, i premi cashback e le promozioni esclusive. Termini completi e dettagli per richiedere i bonus disponibili su Cowboyspin.\" \/>\n<meta name=\"robots\" content=\"index, follow, max-snippet:-1, max-image-preview:large, max-video-preview:-1\" \/>\n<link rel=\"canonical\" href=\"https:\/\/thecowboyspin.com\/it\/bonus\/\" \/>\n<meta property=\"og:locale\" content=\"it_IT\" \/>\n<meta property=\"og:type\" content=\"article\" \/>\n<meta property=\"og:title\" content=\"Cowboyspin Bonus | FS e offerta speciale per i giocatori\" \/>\n<meta property=\"og:description\" content=\"Bonus Cowboyspin: scopri i bonus di benvenuto, i giri gratuiti, i premi cashback e le promozioni esclusive. Termini completi e dettagli per richiedere i bonus disponibili su Cowboyspin.\" \/>\n<meta property=\"og:url\" content=\"https:\/\/thecowboyspin.com\/it\/bonus\/\" \/>\n<meta property=\"og:site_name\" content=\"cowboyspin\" \/>\n<meta property=\"article:modified_time\" content=\"2026-03-24T13:04:32+00:00\" \/>\n<meta name=\"twitter:card\" content=\"summary_large_image\" \/>\n<meta name=\"twitter:label1\" content=\"Est. reading time\" \/>\n\t<meta name=\"twitter:data1\" content=\"1 minute\" \/>\n<script type=\"application\/ld+json\" class=\"yoast-schema-graph\">{\"@context\":\"https:\\\/\\\/schema.org\",\"@graph\":[{\"@type\":\"WebPage\",\"@id\":\"https:\\\/\\\/thecowboyspin.com\\\/it\\\/bonus\\\/\",\"url\":\"https:\\\/\\\/thecowboyspin.com\\\/it\\\/bonus\\\/\",\"name\":\"Cowboyspin Bonus | FS e offerta speciale per i giocatori\",\"isPartOf\":{\"@id\":\"https:\\\/\\\/thecowboyspin.com\\\/it\\\/#website\"},\"datePublished\":\"2026-01-20T12:21:20+00:00\",\"dateModified\":\"2026-03-24T13:04:32+00:00\",\"description\":\"Bonus Cowboyspin: scopri i bonus di benvenuto, i giri gratuiti, i premi cashback e le promozioni esclusive. Termini completi e dettagli per richiedere i bonus disponibili su Cowboyspin.\",\"breadcrumb\":{\"@id\":\"https:\\\/\\\/thecowboyspin.com\\\/it\\\/bonus\\\/#breadcrumb\"},\"inLanguage\":\"it-IT\",\"potentialAction\":[{\"@type\":\"ReadAction\",\"target\":[\"https:\\\/\\\/thecowboyspin.com\\\/it\\\/bonus\\\/\"]}]},{\"@type\":\"BreadcrumbList\",\"@id\":\"https:\\\/\\\/thecowboyspin.com\\\/it\\\/bonus\\\/#breadcrumb\",\"itemListElement\":[{\"@type\":\"ListItem\",\"position\":1,\"name\":\"Cowboyspin\",\"item\":\"https:\\\/\\\/thecowboyspin.com\\\/it\\\/\"},{\"@type\":\"ListItem\",\"position\":2,\"name\":\"Bonus\"}]},{\"@type\":\"WebSite\",\"@id\":\"https:\\\/\\\/thecowboyspin.com\\\/it\\\/#website\",\"url\":\"https:\\\/\\\/thecowboyspin.com\\\/it\\\/\",\"name\":\"Cowboyspin\",\"description\":\"\",\"publisher\":{\"@id\":\"https:\\\/\\\/thecowboyspin.com\\\/it\\\/#organization\"},\"potentialAction\":[{\"@type\":\"SearchAction\",\"target\":{\"@type\":\"EntryPoint\",\"urlTemplate\":\"https:\\\/\\\/thecowboyspin.com\\\/it\\\/?s={search_term_string}\"},\"query-input\":{\"@type\":\"PropertyValueSpecification\",\"valueRequired\":true,\"valueName\":\"search_term_string\"}}],\"inLanguage\":\"it-IT\"},{\"@type\":\"Organization\",\"@id\":\"https:\\\/\\\/thecowboyspin.com\\\/it\\\/#organization\",\"name\":\"Cowboyspin\",\"url\":\"https:\\\/\\\/thecowboyspin.com\\\/it\\\/\",\"logo\":{\"@type\":\"ImageObject\",\"inLanguage\":\"it-IT\",\"@id\":\"https:\\\/\\\/thecowboyspin.com\\\/it\\\/#\\\/schema\\\/logo\\\/image\\\/\",\"url\":\"https:\\\/\\\/thecowboyspin.com\\\/wp-content\\\/uploads\\\/2026\\\/03\\\/cowboyspin-logo.png\",\"contentUrl\":\"https:\\\/\\\/thecowboyspin.com\\\/wp-content\\\/uploads\\\/2026\\\/03\\\/cowboyspin-logo.png\",\"width\":180,\"height\":66,\"caption\":\"Cowboyspin\"},\"image\":{\"@id\":\"https:\\\/\\\/thecowboyspin.com\\\/it\\\/#\\\/schema\\\/logo\\\/image\\\/\"}}]}<\/script>\n<!-- \/ Yoast SEO plugin. -->","yoast_head_json":{"title":"Cowboyspin Bonus | FS e offerta speciale per i giocatori","description":"Bonus Cowboyspin: scopri i bonus di benvenuto, i giri gratuiti, i premi cashback e le promozioni esclusive. Termini completi e dettagli per richiedere i bonus disponibili su Cowboyspin.","robots":{"index":"index","follow":"follow","max-snippet":"max-snippet:-1","max-image-preview":"max-image-preview:large","max-video-preview":"max-video-preview:-1"},"canonical":"https:\/\/thecowboyspin.com\/it\/bonus\/","og_locale":"it_IT","og_type":"article","og_title":"Cowboyspin Bonus | FS e offerta speciale per i giocatori","og_description":"Bonus Cowboyspin: scopri i bonus di benvenuto, i giri gratuiti, i premi cashback e le promozioni esclusive. Termini completi e dettagli per richiedere i bonus disponibili su Cowboyspin.","og_url":"https:\/\/thecowboyspin.com\/it\/bonus\/","og_site_name":"cowboyspin","article_modified_time":"2026-03-24T13:04:32+00:00","twitter_card":"summary_large_image","twitter_misc":{"Est. reading time":"1 minute"},"schema":{"@context":"https:\/\/schema.org","@graph":[{"@type":"WebPage","@id":"https:\/\/thecowboyspin.com\/it\/bonus\/","url":"https:\/\/thecowboyspin.com\/it\/bonus\/","name":"Cowboyspin Bonus | FS e offerta speciale per i giocatori","isPartOf":{"@id":"https:\/\/thecowboyspin.com\/it\/#website"},"datePublished":"2026-01-20T12:21:20+00:00","dateModified":"2026-03-24T13:04:32+00:00","description":"Bonus Cowboyspin: scopri i bonus di benvenuto, i giri gratuiti, i premi cashback e le promozioni esclusive. Termini completi e dettagli per richiedere i bonus disponibili su Cowboyspin.","breadcrumb":{"@id":"https:\/\/thecowboyspin.com\/it\/bonus\/#breadcrumb"},"inLanguage":"it-IT","potentialAction":[{"@type":"ReadAction","target":["https:\/\/thecowboyspin.com\/it\/bonus\/"]}]},{"@type":"BreadcrumbList","@id":"https:\/\/thecowboyspin.com\/it\/bonus\/#breadcrumb","itemListElement":[{"@type":"ListItem","position":1,"name":"Cowboyspin","item":"https:\/\/thecowboyspin.com\/it\/"},{"@type":"ListItem","position":2,"name":"Bonus"}]},{"@type":"WebSite","@id":"https:\/\/thecowboyspin.com\/it\/#website","url":"https:\/\/thecowboyspin.com\/it\/","name":"Cowboyspin","description":"","publisher":{"@id":"https:\/\/thecowboyspin.com\/it\/#organization"},"potentialAction":[{"@type":"SearchAction","target":{"@type":"EntryPoint","urlTemplate":"https:\/\/thecowboyspin.com\/it\/?s={search_term_string}"},"query-input":{"@type":"PropertyValueSpecification","valueRequired":true,"valueName":"search_term_string"}}],"inLanguage":"it-IT"},{"@type":"Organization","@id":"https:\/\/thecowboyspin.com\/it\/#organization","name":"Cowboyspin","url":"https:\/\/thecowboyspin.com\/it\/","logo":{"@type":"ImageObject","inLanguage":"it-IT","@id":"https:\/\/thecowboyspin.com\/it\/#\/schema\/logo\/image\/","url":"https:\/\/thecowboyspin.com\/wp-content\/uploads\/2026\/03\/cowboyspin-logo.png","contentUrl":"https:\/\/thecowboyspin.com\/wp-content\/uploads\/2026\/03\/cowboyspin-logo.png","width":180,"height":66,"caption":"Cowboyspin"},"image":{"@id":"https:\/\/thecowboyspin.com\/it\/#\/schema\/logo\/image\/"}}]}},"_links":{"self":[{"href":"https:\/\/thecowboyspin.com\/it\/wp-json\/wp\/v2\/pages\/1457","targetHints":{"allow":["GET"]}}],"collection":[{"href":"https:\/\/thecowboyspin.com\/it\/wp-json\/wp\/v2\/pages"}],"about":[{"href":"https:\/\/thecowboyspin.com\/it\/wp-json\/wp\/v2\/types\/page"}],"author":[{"embeddable":true,"href":"https:\/\/thecowboyspin.com\/it\/wp-json\/wp\/v2\/users\/1"}],"replies":[{"embeddable":true,"href":"https:\/\/thecowboyspin.com\/it\/wp-json\/wp\/v2\/comments?post=1457"}],"version-history":[{"count":3,"href":"https:\/\/thecowboyspin.com\/it\/wp-json\/wp\/v2\/pages\/1457\/revisions"}],"predecessor-version":[{"id":2065,"href":"https:\/\/thecowboyspin.com\/it\/wp-json\/wp\/v2\/pages\/1457\/revisions\/2065"}],"wp:attachment":[{"href":"https:\/\/thecowboyspin.com\/it\/wp-json\/wp\/v2\/media?parent=1457"}],"curies":[{"name":"wp","href":"https:\/\/api.w.org\/{rel}","templated":true}]}}