{"id":1445,"date":"2026-01-20T12:08:23","date_gmt":"2026-01-20T12:08:23","guid":{"rendered":"https:\/\/bonuskongcasino.com\/app\/"},"modified":"2026-03-24T13:01:50","modified_gmt":"2026-03-24T13:01:50","slug":"applicazione","status":"publish","type":"page","link":"https:\/\/thecowboyspin.com\/it\/applicazione\/","title":{"rendered":"Applicazione"},"content":{"rendered":"<h1>Piattaforma mobile Cowboy Spin<\/h1>\n<p>Cowboyspin App offre a tutti i nostri clienti italiani l&#8217;opportunit\u00e0 di non essere limitati dalla loro posizione e dal loro dispositivo. Puoi giocare facilmente sul tuo smartphone o tablet e passare a un PC o a un laptop quando ti \u00e8 pi\u00f9 comodo. Tutti i tuoi giochi preferiti saranno disponibili ovunque ti trovi, con un caricamento veloce e un gameplay fluido.<\/p>\n<div class=\"banner-wrap\" aria-label=\"Banner\"><img src=\"https:\/\/thecowboyspin.com\/wp-content\/uploads\/2026\/03\/banner-desktop2x.webp\" class=\"w-100 d-none d-lg-block img-pc main-banner-img\" alt=\"Cowboyspin bonus desktop\" fetchpriority=\"high\" decoding=\"async\"><img src=\"https:\/\/thecowboyspin.com\/wp-content\/uploads\/2026\/03\/banner-mobile2x.webp\" class=\"w-100 d-none d-md-block d-lg-none main-banner-img\" alt=\"Cowboyspin bonus mobile\" fetchpriority=\"high\" decoding=\"async\"><img src=\"https:\/\/thecowboyspin.com\/wp-content\/uploads\/2026\/03\/banner-mobile2x.webp\" class=\"w-100 d-md-none\" alt=\"Cowboyspin bonus mobile\" fetchpriority=\"high\" decoding=\"async\"><div class=\"banner-description\">\n<div class=\"banner-title\">Bonus di benvenuto<\/div>\n<p class=\"banner-header-title\">1500 \u20ac<\/p>\n<div class=\"banner-header-AdditionalText\">+ 250 Giri gratuiti<\/div>\n<button data-item=\"homepage_banner_link\" class=\"goto m-button m-gradient-border m-button--primary m-button--large banner-button btn-orange\">\n            <div class=\"m-button-content\">\n                <span>Iscriviti ora<\/span>\n                <span><\/span>\n            <\/div>\n        <\/button>\n<\/div>\n<div class=\"WelcomePack\">\n<p><img loading=\"lazy\" decoding=\"async\" class=\"alignnone size-full wp-image-1855\" src=\"https:\/\/thecowboyspin.com\/wp-content\/uploads\/2026\/03\/welcome-crown.png\" alt=\"crown\" width=\"25\" height=\"26\" \/><\/p>\n<div class=\"WelcomePack-Info\">Cashback settimanale fino al 25%<\/div>\n<p><img loading=\"lazy\" decoding=\"async\" class=\"alignnone size-full wp-image-1855\" src=\"https:\/\/thecowboyspin.com\/wp-content\/uploads\/2026\/03\/welcome-crown.png\" alt=\"crown\" width=\"25\" height=\"26\" \/><\/p>\n<\/div>\n<\/div>\n<h2>Perch\u00e9 scegliere l&#8217;app Cowboyspin?<\/h2>\n<p>Noi di Cowboyspin Casino comprendiamo l&#8217;importanza per i giocatori moderni di poter giocare online da qualsiasi luogo. Gli utenti preferiscono avere le loro fonti di intrattenimento su un dispositivo mobile. Il nostro casin\u00f2 online offre diverse opzioni per rendere questo possibile. Gli utenti possono semplicemente utilizzare la versione mobile del sito web o installare l&#8217;app Cowboy Spin, facile da usare.<\/p>\n<p>Garantiamo che entrambe le opzioni ti offriranno un&#8217;esperienza di gioco completa senza perdere nessuna delle funzionalit\u00e0 disponibili sulla versione desktop. Troverai gli stessi processi e le stesse funzionalit\u00e0, ma ottimizzati per smartphone e tablet.<\/p>\n<h3>Misure di sicurezza per i giocatori mobili<\/h3>\n<p>I nuovi utenti potrebbero avere qualche preoccupazione riguardo all&#8217;installazione di una nuova applicazione sui propri dispositivi e alla fornitura di informazioni personali e di pagamento. Cowboyspin detiene la licenza ufficiale eGaming rilasciata dalla Cura\u00e7ao Gaming Control Board. Utilizziamo un innovativo sistema di crittografia AES a 256 bit per mantenere tutti i tuoi dati al sicuro. I firewall delle applicazioni web ci aiutano a proteggere il software mobile da potenziali attacchi di hacking. Sul tuo dispositivo mobile puoi abilitare il login biometrico (Face ID, Touch ID).<\/p>\n<p><div class=\"scrollable-content-wrap my-5\"><div class=\"scrollable-content-inner\"><h2>Software mobile per Android<\/h2>\n<p>Tutti i nostri clienti Android possono godere di un&#8217;esperienza senza interruzioni sui propri dispositivi mobili. Avrai accesso all&#8217;intera collezione di giochi Cowboy Spin con oltre 6.000 titoli. Ci sono slot online, giochi da casin\u00f2 dal vivo, giochi da tavolo, titoli crash e molto altro ancora. Nel nostro casin\u00f2 mobile, tutti i titoli sono adattati a schermi di dimensioni pi\u00f9 piccole. Utilizziamo una speciale funzionalit\u00e0 di controllo touch per rendere i processi comodi e divertenti.<\/p>\n<p>L&#8217;app Cowboyspin pu\u00f2 essere installata direttamente dal nostro sito web. Richiede una connessione Internet stabile (Wi-Fi, 4G o 5G) e il tuo dispositivo mobile. Segui le nostre istruzioni qui sotto per rendere tutto facile e veloce:<\/p>\n<ol>\n<li>Gli utenti devono andare al menu principale del sito web.<\/li>\n<li>\u00c8 necessario cliccare sul pulsante &#8220;App Casin\u00f2&#8221;.<\/li>\n<li>Nella nuova pagina, devi selezionare &#8220;Installa&#8221;.<\/li>\n<li>L&#8217;icona del marchio apparir\u00e0 sulla schermata iniziale entro pochi secondi.<\/li>\n<\/ol>\n<p><img loading=\"lazy\" decoding=\"async\" class=\"alignnone size-full wp-image-1927\" src=\"https:\/\/thecowboyspin.com\/wp-content\/uploads\/2026\/03\/Cowboyspin-Android-App.webp\" alt=\"Cowboyspin Android App\" width=\"1248\" height=\"536\" srcset=\"https:\/\/thecowboyspin.com\/wp-content\/uploads\/2026\/03\/Cowboyspin-Android-App.webp 1248w, https:\/\/thecowboyspin.com\/wp-content\/uploads\/2026\/03\/Cowboyspin-Android-App-300x129.webp 300w, https:\/\/thecowboyspin.com\/wp-content\/uploads\/2026\/03\/Cowboyspin-Android-App-1024x440.webp 1024w, https:\/\/thecowboyspin.com\/wp-content\/uploads\/2026\/03\/Cowboyspin-Android-App-768x330.webp 768w\" sizes=\"auto, (max-width: 1248px) 100vw, 1248px\" \/><\/p>\n<\/div><\/div><div style=\"clear: both\"><\/div><div class=\"d-flex justify-content-center\"><button data-item=\"decouvrez_link\" data-group=\"website_links\" class=\"goto fw-bold rounded-pill btn btn-orange\" aria-label=\"Scarica l&#039;app Cowboyspin\" >Scarica l&#039;app Cowboyspin<\/button><\/div><div class=\"scrollable-content-wrap my-5\"><div class=\"scrollable-content-inner\"><h2>Gioca in movimento su iOS<\/h2>\n<p>Cowboyspin Casino \u00e8 disponibile anche per chi possiede dispositivi iOS. \u00c8 possibile utilizzarlo su Firefox o Google Chrome senza alcuna installazione. Se sei gi\u00e0 un nostro giocatore desktop, il design e la navigazione ti risulteranno familiari. Gli utenti devono semplicemente accedere al proprio account esistente. Non \u00e8 richiesta alcuna registrazione aggiuntiva. Tuttavia, se il tuo primo prelievo avverr\u00e0 su un dispositivo mobile, dovrai comunque sottoporsi al processo di verifica.<\/p>\n<p>Un&#8217;altra opzione \u00e8 l&#8217;app Cowboyspin. Ti consente di accedere a tutte le tue funzioni preferite con un solo clic dalla schermata iniziale. Se hai domande sul software mobile, \u00e8 disponibile una chat live integrata per contattare il nostro team di assistenza. Gli utenti possono anche inviarci un&#8217;e-mail se \u00e8 pi\u00f9 comodo.<\/p>\n<h3>Come installare l&#8217;applicazione?<\/h3>\n<p>L&#8217;installazione del software su un iPhone o iPad \u00e8 semplice. Offriamo ai nostri clienti un&#8217;applicazione web progressiva (PWA) che non occupa molto spazio di archiviazione sul dispositivo. Gli utenti non devono creare account aggiuntivi nell&#8217;App Store perch\u00e9 Cowboyspin pu\u00f2 essere installato dal nostro sito web.<\/p>\n<p>Se sei pronto a provare l&#8217;applicazione, visita la nostra pagina sul tuo smartphone o tablet con il browser che preferisci, ad esempio Safari. Clicca sul pulsante &#8220;Condividi&#8221; nella parte inferiore dello schermo per aprire le opzioni del browser. Seleziona &#8220;Aggiungi alla schermata Home&#8221; per creare un&#8217;icona di collegamento. I giocatori di Cowboy Spin Casino possono modificarne il nome o l&#8217;aspetto, se necessario.<\/p>\n<p><img loading=\"lazy\" decoding=\"async\" class=\"alignnone size-full wp-image-1935\" src=\"https:\/\/thecowboyspin.com\/wp-content\/uploads\/2026\/03\/Cowboyspin-iOS-App.webp\" alt=\"Cowboyspin iOS App\" width=\"1248\" height=\"536\" srcset=\"https:\/\/thecowboyspin.com\/wp-content\/uploads\/2026\/03\/Cowboyspin-iOS-App.webp 1248w, https:\/\/thecowboyspin.com\/wp-content\/uploads\/2026\/03\/Cowboyspin-iOS-App-300x129.webp 300w, https:\/\/thecowboyspin.com\/wp-content\/uploads\/2026\/03\/Cowboyspin-iOS-App-1024x440.webp 1024w, https:\/\/thecowboyspin.com\/wp-content\/uploads\/2026\/03\/Cowboyspin-iOS-App-768x330.webp 768w\" sizes=\"auto, (max-width: 1248px) 100vw, 1248px\" \/><\/p>\n<\/div><\/div><div style=\"clear: both\"><\/div><div class=\"d-flex justify-content-center\"><button data-item=\"decouvrez_link\" data-group=\"website_links\" class=\"goto fw-bold rounded-pill btn btn-orange\" aria-label=\"Scarica Cowboyspin\" >Scarica Cowboyspin<\/button><\/div><div class=\"scrollable-content-wrap my-5\"><div class=\"scrollable-content-inner\"><h2>Cowboyspin Casino sul tuo PC<\/h2>\n<p>Anche se il gioco mobile sta diventando sempre pi\u00f9 popolare, molti utenti amano giocare su schermi di grandi dimensioni nel comfort delle loro case. Non ti limitiamo e offriamo una versione desktop di Cowboyspin completamente ottimizzata per Windows e macOS. Dopo aver effettuato l&#8217;accesso al tuo account, tutte le tue preferenze, i tuoi risultati e il tuo saldo saranno sincronizzati su tutti i dispositivi. La tabella seguente mostra le principali differenze tra il gioco su dispositivo mobile e su desktop.<\/p>\n<table>\n<tbody>\n<tr>\n<td>Aspetto<\/td>\n<td>Giocare su dispositivo mobile<\/td>\n<td>Giocare su desktop<\/td>\n<\/tr>\n<tr>\n<td>Esperienza visiva<\/td>\n<td>Lo schermo compatto \u00e8 ottimizzato per la navigazione touch e le sessioni rapide<\/td>\n<td>Il display pi\u00f9 grande offre una visione pi\u00f9 dettagliata dei giochi e delle interfacce<\/td>\n<\/tr>\n<tr>\n<td>Controlli<\/td>\n<td>I comandi touchscreen consentono di toccare e scorrere<\/td>\n<td>Il mouse e la tastiera offrono un controllo e una navigazione precisi<\/td>\n<\/tr>\n<tr>\n<td>Portabilit\u00e0<\/td>\n<td>\u00c8 possibile giocare ovunque sia disponibile una connessione Internet<\/td>\n<td>Gli utenti sono solitamente limitati a giocare a casa o alla scrivania<\/td>\n<\/tr>\n<tr>\n<td>Prestazioni<\/td>\n<td>Le versioni mobili ottimizzate garantiscono un gameplay fluido su dispositivi pi\u00f9 piccoli<\/td>\n<td>Spesso \u00e8 leggermente pi\u00f9 veloce con hardware pi\u00f9 potente e connessioni stabili<\/td>\n<\/tr>\n<tr>\n<td>Immersione<\/td>\n<td>Comodo per brevi sessioni di gioco in movimento<\/td>\n<td>Pi\u00f9 coinvolgente grazie allo schermo pi\u00f9 grande e alla visibilit\u00e0 completa dell&#8217;interfaccia<\/td>\n<\/tr>\n<\/tbody>\n<\/table>\n<p><img loading=\"lazy\" decoding=\"async\" class=\"alignnone size-full wp-image-1943\" src=\"https:\/\/thecowboyspin.com\/wp-content\/uploads\/2026\/03\/Cowboyspin-Desktop.webp\" alt=\"Cowboyspin Desktop\" width=\"1248\" height=\"536\" srcset=\"https:\/\/thecowboyspin.com\/wp-content\/uploads\/2026\/03\/Cowboyspin-Desktop.webp 1248w, https:\/\/thecowboyspin.com\/wp-content\/uploads\/2026\/03\/Cowboyspin-Desktop-300x129.webp 300w, https:\/\/thecowboyspin.com\/wp-content\/uploads\/2026\/03\/Cowboyspin-Desktop-1024x440.webp 1024w, https:\/\/thecowboyspin.com\/wp-content\/uploads\/2026\/03\/Cowboyspin-Desktop-768x330.webp 768w\" sizes=\"auto, (max-width: 1248px) 100vw, 1248px\" \/><\/p>\n<\/div><\/div><div style=\"clear: both\"><\/div><div class=\"d-flex justify-content-center\"><button data-item=\"decouvrez_link\" data-group=\"website_links\" class=\"goto fw-bold rounded-pill btn btn-orange\" aria-label=\"Scarica l&#039;app Cowboyspin\" >Scarica l&#039;app Cowboyspin<\/button><\/div><div class=\"scrollable-content-wrap my-5\"><div class=\"scrollable-content-inner\"><h2>Domande frequenti<\/h2>\n<h3>Posso passare senza problemi dal desktop all&#8217;app di Cowboyspin Casino?<\/h3>\n<p>I nostri clienti possono giocare sia sulla versione desktop che su quella mobile di Cowboy Spin, ma non contemporaneamente. \u00c8 necessario utilizzare lo stesso account per sincronizzare le informazioni tra i dispositivi.<\/p>\n<h3>Cosa devo fare se l&#8217;app si blocca durante la sessione di gioco?<\/h3>\n<p>Se l&#8217;app Cowboyspin smette di funzionare o presenta dei malfunzionamenti, controlla la tua connessione Internet e riavvia il software mobile. Se il problema persiste, contatta il nostro team di assistenza tramite live chat o e-mail.<\/p>\n<h3>I metodi e le procedure di pagamento sono gli stessi sui dispositivi mobili?<\/h3>\n<p>Dopo aver completato la registrazione, puoi facilmente effettuare depositi e prelievi sul tuo dispositivo mobile. Le procedure sono le stesse. Puoi scegliere tra carte bancarie, criptovalute, portafogli elettronici e bonifici bancari.<\/p>\n<\/div><\/div><\/p>\n","protected":false},"excerpt":{"rendered":"<p>Piattaforma mobile Cowboy Spin Cowboyspin App offre a tutti i nostri clienti italiani l&#8217;opportunit\u00e0 di non essere limitati dalla loro posizione e dal loro dispositivo. Puoi giocare facilmente sul tuo smartphone o tablet e passare a un PC o a un laptop quando ti \u00e8 pi\u00f9 comodo. Tutti i tuoi giochi preferiti saranno disponibili ovunque [&hellip;]<\/p>\n","protected":false},"author":1,"featured_media":0,"parent":0,"menu_order":0,"comment_status":"closed","ping_status":"closed","template":"template-builder.php","meta":{"_acf_changed":false,"inline_featured_image":false,"footnotes":""},"class_list":["post-1445","page","type-page","status-publish","hentry"],"acf":[],"yoast_head":"<!-- This site is optimized with the Yoast SEO plugin v27.3 - https:\/\/yoast.com\/product\/yoast-seo-wordpress\/ -->\n<title>Scarica l&#039;app Cowboyspin | iOS, Android e desktop<\/title>\n<meta name=\"description\" content=\"Installa l&#039;app Cowboyspin su iOS, Android, Windows e macOS per giocare a oltre 6000 giochi da casin\u00f2 ovunque ti trovi. Prestazioni fluide, sincronizzazione dell&#039;account e assistenza 24 ore su 24, 7 giorni su 7: tutto questo in Cowboyspin.\" \/>\n<meta name=\"robots\" content=\"index, follow, max-snippet:-1, max-image-preview:large, max-video-preview:-1\" \/>\n<link rel=\"canonical\" href=\"https:\/\/thecowboyspin.com\/it\/applicazione\/\" \/>\n<meta property=\"og:locale\" content=\"it_IT\" \/>\n<meta property=\"og:type\" content=\"article\" \/>\n<meta property=\"og:title\" content=\"Scarica l&#039;app Cowboyspin | iOS, Android e desktop\" \/>\n<meta property=\"og:description\" content=\"Installa l&#039;app Cowboyspin su iOS, Android, Windows e macOS per giocare a oltre 6000 giochi da casin\u00f2 ovunque ti trovi. Prestazioni fluide, sincronizzazione dell&#039;account e assistenza 24 ore su 24, 7 giorni su 7: tutto questo in Cowboyspin.\" \/>\n<meta property=\"og:url\" content=\"https:\/\/thecowboyspin.com\/it\/applicazione\/\" \/>\n<meta property=\"og:site_name\" content=\"cowboyspin\" \/>\n<meta property=\"article:modified_time\" content=\"2026-03-24T13:01:50+00:00\" \/>\n<meta name=\"twitter:card\" content=\"summary_large_image\" \/>\n<meta name=\"twitter:label1\" content=\"Est. reading time\" \/>\n\t<meta name=\"twitter:data1\" content=\"2 minutes\" \/>\n<script type=\"application\/ld+json\" class=\"yoast-schema-graph\">{\"@context\":\"https:\\\/\\\/schema.org\",\"@graph\":[{\"@type\":\"WebPage\",\"@id\":\"https:\\\/\\\/thecowboyspin.com\\\/it\\\/applicazione\\\/\",\"url\":\"https:\\\/\\\/thecowboyspin.com\\\/it\\\/applicazione\\\/\",\"name\":\"Scarica l'app Cowboyspin | iOS, Android e desktop\",\"isPartOf\":{\"@id\":\"https:\\\/\\\/thecowboyspin.com\\\/it\\\/#website\"},\"datePublished\":\"2026-01-20T12:08:23+00:00\",\"dateModified\":\"2026-03-24T13:01:50+00:00\",\"description\":\"Installa l'app Cowboyspin su iOS, Android, Windows e macOS per giocare a oltre 6000 giochi da casin\u00f2 ovunque ti trovi. Prestazioni fluide, sincronizzazione dell'account e assistenza 24 ore su 24, 7 giorni su 7: tutto questo in Cowboyspin.\",\"breadcrumb\":{\"@id\":\"https:\\\/\\\/thecowboyspin.com\\\/it\\\/applicazione\\\/#breadcrumb\"},\"inLanguage\":\"it-IT\",\"potentialAction\":[{\"@type\":\"ReadAction\",\"target\":[\"https:\\\/\\\/thecowboyspin.com\\\/it\\\/applicazione\\\/\"]}]},{\"@type\":\"BreadcrumbList\",\"@id\":\"https:\\\/\\\/thecowboyspin.com\\\/it\\\/applicazione\\\/#breadcrumb\",\"itemListElement\":[{\"@type\":\"ListItem\",\"position\":1,\"name\":\"Cowboyspin\",\"item\":\"https:\\\/\\\/thecowboyspin.com\\\/it\\\/\"},{\"@type\":\"ListItem\",\"position\":2,\"name\":\"Applicazione\"}]},{\"@type\":\"WebSite\",\"@id\":\"https:\\\/\\\/thecowboyspin.com\\\/it\\\/#website\",\"url\":\"https:\\\/\\\/thecowboyspin.com\\\/it\\\/\",\"name\":\"Cowboyspin\",\"description\":\"\",\"publisher\":{\"@id\":\"https:\\\/\\\/thecowboyspin.com\\\/it\\\/#organization\"},\"potentialAction\":[{\"@type\":\"SearchAction\",\"target\":{\"@type\":\"EntryPoint\",\"urlTemplate\":\"https:\\\/\\\/thecowboyspin.com\\\/it\\\/?s={search_term_string}\"},\"query-input\":{\"@type\":\"PropertyValueSpecification\",\"valueRequired\":true,\"valueName\":\"search_term_string\"}}],\"inLanguage\":\"it-IT\"},{\"@type\":\"Organization\",\"@id\":\"https:\\\/\\\/thecowboyspin.com\\\/it\\\/#organization\",\"name\":\"Cowboyspin\",\"url\":\"https:\\\/\\\/thecowboyspin.com\\\/it\\\/\",\"logo\":{\"@type\":\"ImageObject\",\"inLanguage\":\"it-IT\",\"@id\":\"https:\\\/\\\/thecowboyspin.com\\\/it\\\/#\\\/schema\\\/logo\\\/image\\\/\",\"url\":\"https:\\\/\\\/thecowboyspin.com\\\/wp-content\\\/uploads\\\/2026\\\/03\\\/cowboyspin-logo.png\",\"contentUrl\":\"https:\\\/\\\/thecowboyspin.com\\\/wp-content\\\/uploads\\\/2026\\\/03\\\/cowboyspin-logo.png\",\"width\":180,\"height\":66,\"caption\":\"Cowboyspin\"},\"image\":{\"@id\":\"https:\\\/\\\/thecowboyspin.com\\\/it\\\/#\\\/schema\\\/logo\\\/image\\\/\"}}]}<\/script>\n<!-- \/ Yoast SEO plugin. -->","yoast_head_json":{"title":"Scarica l'app Cowboyspin | iOS, Android e desktop","description":"Installa l'app Cowboyspin su iOS, Android, Windows e macOS per giocare a oltre 6000 giochi da casin\u00f2 ovunque ti trovi. Prestazioni fluide, sincronizzazione dell'account e assistenza 24 ore su 24, 7 giorni su 7: tutto questo in Cowboyspin.","robots":{"index":"index","follow":"follow","max-snippet":"max-snippet:-1","max-image-preview":"max-image-preview:large","max-video-preview":"max-video-preview:-1"},"canonical":"https:\/\/thecowboyspin.com\/it\/applicazione\/","og_locale":"it_IT","og_type":"article","og_title":"Scarica l'app Cowboyspin | iOS, Android e desktop","og_description":"Installa l'app Cowboyspin su iOS, Android, Windows e macOS per giocare a oltre 6000 giochi da casin\u00f2 ovunque ti trovi. Prestazioni fluide, sincronizzazione dell'account e assistenza 24 ore su 24, 7 giorni su 7: tutto questo in Cowboyspin.","og_url":"https:\/\/thecowboyspin.com\/it\/applicazione\/","og_site_name":"cowboyspin","article_modified_time":"2026-03-24T13:01:50+00:00","twitter_card":"summary_large_image","twitter_misc":{"Est. reading time":"2 minutes"},"schema":{"@context":"https:\/\/schema.org","@graph":[{"@type":"WebPage","@id":"https:\/\/thecowboyspin.com\/it\/applicazione\/","url":"https:\/\/thecowboyspin.com\/it\/applicazione\/","name":"Scarica l'app Cowboyspin | iOS, Android e desktop","isPartOf":{"@id":"https:\/\/thecowboyspin.com\/it\/#website"},"datePublished":"2026-01-20T12:08:23+00:00","dateModified":"2026-03-24T13:01:50+00:00","description":"Installa l'app Cowboyspin su iOS, Android, Windows e macOS per giocare a oltre 6000 giochi da casin\u00f2 ovunque ti trovi. Prestazioni fluide, sincronizzazione dell'account e assistenza 24 ore su 24, 7 giorni su 7: tutto questo in Cowboyspin.","breadcrumb":{"@id":"https:\/\/thecowboyspin.com\/it\/applicazione\/#breadcrumb"},"inLanguage":"it-IT","potentialAction":[{"@type":"ReadAction","target":["https:\/\/thecowboyspin.com\/it\/applicazione\/"]}]},{"@type":"BreadcrumbList","@id":"https:\/\/thecowboyspin.com\/it\/applicazione\/#breadcrumb","itemListElement":[{"@type":"ListItem","position":1,"name":"Cowboyspin","item":"https:\/\/thecowboyspin.com\/it\/"},{"@type":"ListItem","position":2,"name":"Applicazione"}]},{"@type":"WebSite","@id":"https:\/\/thecowboyspin.com\/it\/#website","url":"https:\/\/thecowboyspin.com\/it\/","name":"Cowboyspin","description":"","publisher":{"@id":"https:\/\/thecowboyspin.com\/it\/#organization"},"potentialAction":[{"@type":"SearchAction","target":{"@type":"EntryPoint","urlTemplate":"https:\/\/thecowboyspin.com\/it\/?s={search_term_string}"},"query-input":{"@type":"PropertyValueSpecification","valueRequired":true,"valueName":"search_term_string"}}],"inLanguage":"it-IT"},{"@type":"Organization","@id":"https:\/\/thecowboyspin.com\/it\/#organization","name":"Cowboyspin","url":"https:\/\/thecowboyspin.com\/it\/","logo":{"@type":"ImageObject","inLanguage":"it-IT","@id":"https:\/\/thecowboyspin.com\/it\/#\/schema\/logo\/image\/","url":"https:\/\/thecowboyspin.com\/wp-content\/uploads\/2026\/03\/cowboyspin-logo.png","contentUrl":"https:\/\/thecowboyspin.com\/wp-content\/uploads\/2026\/03\/cowboyspin-logo.png","width":180,"height":66,"caption":"Cowboyspin"},"image":{"@id":"https:\/\/thecowboyspin.com\/it\/#\/schema\/logo\/image\/"}}]}},"_links":{"self":[{"href":"https:\/\/thecowboyspin.com\/it\/wp-json\/wp\/v2\/pages\/1445","targetHints":{"allow":["GET"]}}],"collection":[{"href":"https:\/\/thecowboyspin.com\/it\/wp-json\/wp\/v2\/pages"}],"about":[{"href":"https:\/\/thecowboyspin.com\/it\/wp-json\/wp\/v2\/types\/page"}],"author":[{"embeddable":true,"href":"https:\/\/thecowboyspin.com\/it\/wp-json\/wp\/v2\/users\/1"}],"replies":[{"embeddable":true,"href":"https:\/\/thecowboyspin.com\/it\/wp-json\/wp\/v2\/comments?post=1445"}],"version-history":[{"count":3,"href":"https:\/\/thecowboyspin.com\/it\/wp-json\/wp\/v2\/pages\/1445\/revisions"}],"predecessor-version":[{"id":2062,"href":"https:\/\/thecowboyspin.com\/it\/wp-json\/wp\/v2\/pages\/1445\/revisions\/2062"}],"wp:attachment":[{"href":"https:\/\/thecowboyspin.com\/it\/wp-json\/wp\/v2\/media?parent=1445"}],"curies":[{"name":"wp","href":"https:\/\/api.w.org\/{rel}","templated":true}]}}