{"id":1482,"date":"2026-01-20T12:11:11","date_gmt":"2026-01-20T12:11:11","guid":{"rendered":"https:\/\/bonuskongcasino.com\/login-and-registration\/"},"modified":"2026-03-24T12:08:35","modified_gmt":"2026-03-24T12:08:35","slug":"connexion-et-inscription","status":"publish","type":"page","link":"https:\/\/thecowboyspin.com\/fr\/connexion-et-inscription\/","title":{"rendered":"Connexion et inscription"},"content":{"rendered":"<h1>Connexion et inscription \u00e0 Cowboyspin<\/h1>\n<p>Si vous \u00eates pr\u00eat \u00e0 profiter de nos fonctionnalit\u00e9s sympas et \u00e0 essayer tous vos jeux pr\u00e9f\u00e9r\u00e9s avec de l&rsquo;argent r\u00e9el, il vous suffit de suivre la proc\u00e9dure de Cowboyspin login. Il s&rsquo;agit d&rsquo;un processus rapide qui ne n\u00e9cessite qu&rsquo;une adresse e-mail et un mot de passe pour les utilisateurs. Veillez \u00e0 cr\u00e9er un mot de passe fort afin d&#8217;emp\u00eacher tout acc\u00e8s non autoris\u00e9 par des tiers.<\/p>\n<p><div class=\"banner-wrap\" aria-label=\"Banner\"><img src=\"https:\/\/thecowboyspin.com\/wp-content\/uploads\/2026\/03\/banner-desktop2x.webp\" class=\"w-100 d-none d-lg-block img-pc main-banner-img\" alt=\"Cowboyspin bonus desktop\" fetchpriority=\"high\" decoding=\"async\"><img src=\"https:\/\/thecowboyspin.com\/wp-content\/uploads\/2026\/03\/banner-mobile2x.webp\" class=\"w-100 d-none d-md-block d-lg-none main-banner-img\" alt=\"Cowboyspin bonus mobile\" fetchpriority=\"high\" decoding=\"async\"><img src=\"https:\/\/thecowboyspin.com\/wp-content\/uploads\/2026\/03\/banner-mobile2x.webp\" class=\"w-100 d-md-none\" alt=\"Cowboyspin bonus mobile\" fetchpriority=\"high\" decoding=\"async\"><div class=\"banner-description\">\n<div class=\"banner-title\">Bonus de bienvenue<\/div>\n<p class=\"banner-header-title\">1500 \u20ac<\/p>\n<div class=\"banner-header-AdditionalText\">+ 250 Tours gratuits<\/div>\n<button data-item=\"homepage_banner_link\" class=\"goto m-button m-gradient-border m-button--primary m-button--large banner-button btn-orange\">\n            <div class=\"m-button-content\">\n                <span>Inscrivez-vous d\u00e8s maintenant<\/span>\n                <span><\/span>\n            <\/div>\n        <\/button>\n<\/div>\n<div class=\"WelcomePack\">\n<p><img loading=\"lazy\" decoding=\"async\" class=\"alignnone size-full wp-image-1852\" src=\"https:\/\/thecowboyspin.com\/wp-content\/uploads\/2026\/03\/welcome-crown.png\" alt=\"crown\" width=\"25\" height=\"26\" \/><\/p>\n<div class=\"WelcomePack-Info\">Cashback hebdomadaire jusqu&rsquo;\u00e0 25 %<\/div>\n<p><img loading=\"lazy\" decoding=\"async\" class=\"alignnone size-full wp-image-1852\" src=\"https:\/\/thecowboyspin.com\/wp-content\/uploads\/2026\/03\/welcome-crown.png\" alt=\"crown\" width=\"25\" height=\"26\" \/><\/p>\n<\/div>\n<\/div><div class=\"scrollable-content-wrap my-5\"><div class=\"scrollable-content-inner\"><h2>Avantages de l&rsquo;inscription \u00e0 Cowboyspin<\/h2>\n<p>L&rsquo;inscription sur Cowboy Spin Casino est la seule \u00e9tape qui vous s\u00e9pare de tous nos jeux, bonus, paiements et bien plus encore. Sans compte sur notre plateforme, vous n&rsquo;avez la possibilit\u00e9 de jouer qu&rsquo;\u00e0 quelques titres en mode d\u00e9mo. C&rsquo;est une excellente occasion d&rsquo;essayer quelque chose de nouveau sans aucun risque, mais cela ne vous permettra pas de profiter pleinement de l&rsquo;exp\u00e9rience du casino.<\/p>\n<p>Avec un compte, les utilisateurs peuvent \u00eatre s\u00fbrs que toutes leurs pr\u00e9f\u00e9rences et tous leurs param\u00e8tres seront enregistr\u00e9s. Le processus d&rsquo;inscription est accessible \u00e0 tous les utilisateurs \u00e2g\u00e9s de 18 ans ou plus. Nous utilisons des syst\u00e8mes sp\u00e9ciaux de cryptage et de tokenisation pour assurer la s\u00e9curit\u00e9 de toutes vos donn\u00e9es chez Cowboyspin.<\/p>\n<h3>Comment cr\u00e9er un compte ?<\/h3>\n<p>Notre proc\u00e9dure d&rsquo;inscription est simple et peut \u00eatre effectu\u00e9e en quelques minutes. Nous demandons uniquement une adresse e-mail valide et un mot de passe. Nous recommandons vivement \u00e0 tous les joueurs de fournir des informations r\u00e9elles, car celles-ci seront v\u00e9rifi\u00e9es ult\u00e9rieurement lors du processus de v\u00e9rification. Suivez nos instructions ci-dessous pour cr\u00e9er un compte Cowboyspin Casino :<\/p>\n<ol>\n<li>Vous devez cliquer sur le bouton \u00ab S&rsquo;inscrire \u00bb en haut de la page d&rsquo;accueil.<\/li>\n<li>Les utilisateurs doivent remplir le formulaire d&rsquo;inscription fourni.<\/li>\n<li>Il est n\u00e9cessaire d&rsquo;accepter les conditions g\u00e9n\u00e9rales et de confirmer votre \u00e2ge en cochant les cases pr\u00e9vues \u00e0 cet effet.<\/li>\n<li>Vous pouvez saisir un code promotionnel si vous en avez un.<\/li>\n<li>Apr\u00e8s avoir v\u00e9rifi\u00e9 toutes les informations saisies, les utilisateurs doivent soumettre le formulaire en cliquant sur le bouton \u00e0 la fin.<\/li>\n<\/ol>\n<h2>Proc\u00e9dure de connexion rapide \u00e0 Cowboyspin<\/h2>\n<p>Une fois l&rsquo;inscription sur la plateforme termin\u00e9e, il vous suffit de suivre la proc\u00e9dure de connexion \u00e0 Cowboyspin. Pour cela, les joueurs doivent utiliser les informations fournies lors de la cr\u00e9ation de leur compte. Si vous essayez de vous connecter \u00e0 votre profil plusieurs fois sans succ\u00e8s, cela peut \u00eatre consid\u00e9r\u00e9 comme une activit\u00e9 suspecte et votre compte sera temporairement bloqu\u00e9.<\/p>\n<p>La connexion \u00e0 Cowboy Spin vous permet d&rsquo;acc\u00e9der non seulement \u00e0 toutes nos fonctionnalit\u00e9s disponibles, mais aussi \u00e0 des param\u00e8tres tr\u00e8s importants qui personnaliseront davantage votre exp\u00e9rience. Les utilisateurs peuvent modifier leurs informations personnelles \u00e0 tout moment, consulter l&rsquo;historique de leurs activit\u00e9s, activer des outils de jeu responsable et bien plus encore.<\/p>\n<h3>R\u00e9initialisation des informations personnelles<\/h3>\n<p>Ce n&rsquo;est pas grave si vous avez oubli\u00e9 vos informations de connexion \u00e0 Cowboyspin Casino. Sur notre plateforme, il existe une solution \u00e0 tous les probl\u00e8mes. Si vous avez oubli\u00e9 votre mot de passe, il vous suffit de cliquer sur le lien \u00ab Mot de passe oubli\u00e9 ? \u00bb dans le formulaire de connexion \u00e0 Cowboyspin. Nous vous enverrons un lien de r\u00e9initialisation sp\u00e9cial.<\/p>\n<p>Si vous avez des difficult\u00e9s \u00e0 vous souvenir de votre adresse e-mail, vous devez contacter notre \u00e9quipe d&rsquo;assistance multilingue par chat en direct ou par e-mail. Les responsables de Cowboyspin v\u00e9rifieront votre identit\u00e9 et vous aideront \u00e0 acc\u00e9der \u00e0 votre profil.<\/p>\n<p><img loading=\"lazy\" decoding=\"async\" class=\"alignnone size-full wp-image-1948\" src=\"https:\/\/thecowboyspin.com\/wp-content\/uploads\/2026\/03\/Cowboyspin.webp\" alt=\"Cowboyspin login\" width=\"1248\" height=\"536\" srcset=\"https:\/\/thecowboyspin.com\/wp-content\/uploads\/2026\/03\/Cowboyspin.webp 1248w, https:\/\/thecowboyspin.com\/wp-content\/uploads\/2026\/03\/Cowboyspin-300x129.webp 300w, https:\/\/thecowboyspin.com\/wp-content\/uploads\/2026\/03\/Cowboyspin-1024x440.webp 1024w, https:\/\/thecowboyspin.com\/wp-content\/uploads\/2026\/03\/Cowboyspin-768x330.webp 768w\" sizes=\"auto, (max-width: 1248px) 100vw, 1248px\" \/><\/p>\n<h2>Processus de v\u00e9rification chez Cowboyspin Casino<\/h2>\n<p>Avant d&rsquo;effectuer leur premier retrait sur Cowboy Spin, tous les utilisateurs doivent v\u00e9rifier leur identit\u00e9. Le processus consiste \u00e0 t\u00e9l\u00e9charger des photos de vos documents personnels. Il s&rsquo;agit d&rsquo;une \u00e9tape importante pour nous permettre de pr\u00e9venir la fraude et de rester une plateforme s\u00e9curis\u00e9e. Le tableau ci-dessous vous donnera plus d&rsquo;informations sur les documents requis.<\/p>\n<table>\n<tbody>\n<tr>\n<td>Type de v\u00e9rification<\/td>\n<td>Documents accept\u00e9s<\/td>\n<td>D\u00e9tails<\/td>\n<\/tr>\n<tr>\n<td>V\u00e9rification d&rsquo;identit\u00e9<\/td>\n<td>Passeport, carte d&rsquo;identit\u00e9 nationale, permis de conduire<\/td>\n<td>Doit \u00eatre valide et en cours de validit\u00e9 ; la photo et les informations doivent \u00eatre clairement visibles<\/td>\n<\/tr>\n<tr>\n<td>Justificatif de domicile<\/td>\n<td>Facture de services publics (\u00e9lectricit\u00e9, gaz, eau), relev\u00e9 bancaire, lettre officielle, document fiscal<\/td>\n<td>Il doit avoir \u00e9t\u00e9 \u00e9mis au cours des 3 derniers mois et indiquer le nom complet et l&rsquo;adresse<\/td>\n<\/tr>\n<tr>\n<td>V\u00e9rification du mode de paiement<\/td>\n<td>Photo de la carte de d\u00e9bit\/cr\u00e9dit, capture d&rsquo;\u00e9cran d&rsquo;un compte e-wallet, relev\u00e9 bancaire, capture d&rsquo;\u00e9cran d&rsquo;un service bancaire en ligne indiquant l&rsquo;IBAN et le nom<\/td>\n<td>Le nom doit correspondre \u00e0 celui du compte Cowboyspin Casino<\/td>\n<\/tr>\n<\/tbody>\n<\/table>\n<h2>FAQ<\/h2>\n<h3>Quelles sont les conditions requises pour cr\u00e9er un compte sur Cowboy Spin ?<\/h3>\n<p>La connexion \u00e0 Cowboyspin est accessible \u00e0 tous les joueurs \u00e2g\u00e9s de 18 ans ou plus. Chaque personne n&rsquo;est autoris\u00e9e \u00e0 avoir qu&rsquo;un seul profil sur le site web. C&rsquo;est pourquoi vous n&rsquo;avez pas besoin de cr\u00e9er un nouveau compte lorsque vous jouez sur diff\u00e9rents appareils.<\/p>\n<h3>Comment assurez-vous la s\u00e9curit\u00e9 des comptes et des informations personnelles ?<\/h3>\n<p>Nous utilisons un cryptage TLS 1.3 innovant pour prot\u00e9ger toutes vos informations personnelles et bancaires. Tous les utilisateurs disposant d&rsquo;un compte peuvent activer l&rsquo;authentification \u00e0 deux facteurs pour b\u00e9n\u00e9ficier d&rsquo;un niveau de s\u00e9curit\u00e9 suppl\u00e9mentaire.<\/p>\n<h3>Puis-je me d\u00e9connecter manuellement de tous les appareils ?<\/h3>\n<p>Cette fonction est disponible dans les param\u00e8tres de votre compte. Vous pouvez \u00e9galement contacter notre \u00e9quipe d&rsquo;assistance pour obtenir de l&rsquo;aide.<\/p>\n<\/div><\/div><\/p>\n","protected":false},"excerpt":{"rendered":"<p>Connexion et inscription \u00e0 Cowboyspin Si vous \u00eates pr\u00eat \u00e0 profiter de nos fonctionnalit\u00e9s sympas et \u00e0 essayer tous vos jeux pr\u00e9f\u00e9r\u00e9s avec de l&rsquo;argent r\u00e9el, il vous suffit de suivre la proc\u00e9dure de Cowboyspin login. Il s&rsquo;agit d&rsquo;un processus rapide qui ne n\u00e9cessite qu&rsquo;une adresse e-mail et un mot de passe pour les utilisateurs. [&hellip;]<\/p>\n","protected":false},"author":1,"featured_media":0,"parent":0,"menu_order":0,"comment_status":"closed","ping_status":"closed","template":"template-builder.php","meta":{"_acf_changed":false,"inline_featured_image":false,"footnotes":""},"class_list":["post-1482","page","type-page","status-publish","hentry"],"acf":[],"yoast_head":"<!-- This site is optimized with the Yoast SEO plugin v27.3 - https:\/\/yoast.com\/product\/yoast-seo-wordpress\/ -->\n<title>Cowboyspin Login - Acc\u00e8s s\u00e9curis\u00e9 \u00e0 l&#039;inscription et \u00e0 la connexion<\/title>\n<meta name=\"description\" content=\"Connexion \u00e0 Cowboyspin : acc\u00e9dez \u00e0 votre compte en toute s\u00e9curit\u00e9 ou cr\u00e9ez-en un nouveau en quelques minutes. G\u00e9rez facilement la v\u00e9rification, la r\u00e9cup\u00e9ration de mot de passe et les param\u00e8tres de votre compte dans Cowboyspin.\" \/>\n<meta name=\"robots\" content=\"index, follow, max-snippet:-1, max-image-preview:large, max-video-preview:-1\" \/>\n<link rel=\"canonical\" href=\"https:\/\/thecowboyspin.com\/fr\/connexion-et-inscription\/\" \/>\n<meta property=\"og:locale\" content=\"fr_FR\" \/>\n<meta property=\"og:type\" content=\"article\" \/>\n<meta property=\"og:title\" content=\"Cowboyspin Login - Acc\u00e8s s\u00e9curis\u00e9 \u00e0 l&#039;inscription et \u00e0 la connexion\" \/>\n<meta property=\"og:description\" content=\"Connexion \u00e0 Cowboyspin : acc\u00e9dez \u00e0 votre compte en toute s\u00e9curit\u00e9 ou cr\u00e9ez-en un nouveau en quelques minutes. G\u00e9rez facilement la v\u00e9rification, la r\u00e9cup\u00e9ration de mot de passe et les param\u00e8tres de votre compte dans Cowboyspin.\" \/>\n<meta property=\"og:url\" content=\"https:\/\/thecowboyspin.com\/fr\/connexion-et-inscription\/\" \/>\n<meta property=\"og:site_name\" content=\"cowboyspin\" \/>\n<meta property=\"article:modified_time\" content=\"2026-03-24T12:08:35+00:00\" \/>\n<meta name=\"twitter:card\" content=\"summary_large_image\" \/>\n<meta name=\"twitter:label1\" content=\"Dur\u00e9e de lecture estim\u00e9e\" \/>\n\t<meta name=\"twitter:data1\" content=\"1 minute\" \/>\n<script type=\"application\/ld+json\" class=\"yoast-schema-graph\">{\"@context\":\"https:\\\/\\\/schema.org\",\"@graph\":[{\"@type\":\"WebPage\",\"@id\":\"https:\\\/\\\/thecowboyspin.com\\\/fr\\\/connexion-et-inscription\\\/\",\"url\":\"https:\\\/\\\/thecowboyspin.com\\\/fr\\\/connexion-et-inscription\\\/\",\"name\":\"Cowboyspin Login - Acc\u00e8s s\u00e9curis\u00e9 \u00e0 l'inscription et \u00e0 la connexion\",\"isPartOf\":{\"@id\":\"https:\\\/\\\/thecowboyspin.com\\\/fr\\\/#website\"},\"datePublished\":\"2026-01-20T12:11:11+00:00\",\"dateModified\":\"2026-03-24T12:08:35+00:00\",\"description\":\"Connexion \u00e0 Cowboyspin : acc\u00e9dez \u00e0 votre compte en toute s\u00e9curit\u00e9 ou cr\u00e9ez-en un nouveau en quelques minutes. G\u00e9rez facilement la v\u00e9rification, la r\u00e9cup\u00e9ration de mot de passe et les param\u00e8tres de votre compte dans Cowboyspin.\",\"breadcrumb\":{\"@id\":\"https:\\\/\\\/thecowboyspin.com\\\/fr\\\/connexion-et-inscription\\\/#breadcrumb\"},\"inLanguage\":\"fr-FR\",\"potentialAction\":[{\"@type\":\"ReadAction\",\"target\":[\"https:\\\/\\\/thecowboyspin.com\\\/fr\\\/connexion-et-inscription\\\/\"]}]},{\"@type\":\"BreadcrumbList\",\"@id\":\"https:\\\/\\\/thecowboyspin.com\\\/fr\\\/connexion-et-inscription\\\/#breadcrumb\",\"itemListElement\":[{\"@type\":\"ListItem\",\"position\":1,\"name\":\"Cowboyspin\",\"item\":\"https:\\\/\\\/thecowboyspin.com\\\/fr\\\/\"},{\"@type\":\"ListItem\",\"position\":2,\"name\":\"Connexion et inscription\"}]},{\"@type\":\"WebSite\",\"@id\":\"https:\\\/\\\/thecowboyspin.com\\\/fr\\\/#website\",\"url\":\"https:\\\/\\\/thecowboyspin.com\\\/fr\\\/\",\"name\":\"Cowboyspin\",\"description\":\"\",\"publisher\":{\"@id\":\"https:\\\/\\\/thecowboyspin.com\\\/fr\\\/#organization\"},\"potentialAction\":[{\"@type\":\"SearchAction\",\"target\":{\"@type\":\"EntryPoint\",\"urlTemplate\":\"https:\\\/\\\/thecowboyspin.com\\\/fr\\\/?s={search_term_string}\"},\"query-input\":{\"@type\":\"PropertyValueSpecification\",\"valueRequired\":true,\"valueName\":\"search_term_string\"}}],\"inLanguage\":\"fr-FR\"},{\"@type\":\"Organization\",\"@id\":\"https:\\\/\\\/thecowboyspin.com\\\/fr\\\/#organization\",\"name\":\"Cowboyspin\",\"url\":\"https:\\\/\\\/thecowboyspin.com\\\/fr\\\/\",\"logo\":{\"@type\":\"ImageObject\",\"inLanguage\":\"fr-FR\",\"@id\":\"https:\\\/\\\/thecowboyspin.com\\\/fr\\\/#\\\/schema\\\/logo\\\/image\\\/\",\"url\":\"https:\\\/\\\/thecowboyspin.com\\\/wp-content\\\/uploads\\\/2026\\\/03\\\/cowboyspin-logo.png\",\"contentUrl\":\"https:\\\/\\\/thecowboyspin.com\\\/wp-content\\\/uploads\\\/2026\\\/03\\\/cowboyspin-logo.png\",\"width\":180,\"height\":66,\"caption\":\"Cowboyspin\"},\"image\":{\"@id\":\"https:\\\/\\\/thecowboyspin.com\\\/fr\\\/#\\\/schema\\\/logo\\\/image\\\/\"}}]}<\/script>\n<!-- \/ Yoast SEO plugin. -->","yoast_head_json":{"title":"Cowboyspin Login - Acc\u00e8s s\u00e9curis\u00e9 \u00e0 l'inscription et \u00e0 la connexion","description":"Connexion \u00e0 Cowboyspin : acc\u00e9dez \u00e0 votre compte en toute s\u00e9curit\u00e9 ou cr\u00e9ez-en un nouveau en quelques minutes. G\u00e9rez facilement la v\u00e9rification, la r\u00e9cup\u00e9ration de mot de passe et les param\u00e8tres de votre compte dans Cowboyspin.","robots":{"index":"index","follow":"follow","max-snippet":"max-snippet:-1","max-image-preview":"max-image-preview:large","max-video-preview":"max-video-preview:-1"},"canonical":"https:\/\/thecowboyspin.com\/fr\/connexion-et-inscription\/","og_locale":"fr_FR","og_type":"article","og_title":"Cowboyspin Login - Acc\u00e8s s\u00e9curis\u00e9 \u00e0 l'inscription et \u00e0 la connexion","og_description":"Connexion \u00e0 Cowboyspin : acc\u00e9dez \u00e0 votre compte en toute s\u00e9curit\u00e9 ou cr\u00e9ez-en un nouveau en quelques minutes. G\u00e9rez facilement la v\u00e9rification, la r\u00e9cup\u00e9ration de mot de passe et les param\u00e8tres de votre compte dans Cowboyspin.","og_url":"https:\/\/thecowboyspin.com\/fr\/connexion-et-inscription\/","og_site_name":"cowboyspin","article_modified_time":"2026-03-24T12:08:35+00:00","twitter_card":"summary_large_image","twitter_misc":{"Dur\u00e9e de lecture estim\u00e9e":"1 minute"},"schema":{"@context":"https:\/\/schema.org","@graph":[{"@type":"WebPage","@id":"https:\/\/thecowboyspin.com\/fr\/connexion-et-inscription\/","url":"https:\/\/thecowboyspin.com\/fr\/connexion-et-inscription\/","name":"Cowboyspin Login - Acc\u00e8s s\u00e9curis\u00e9 \u00e0 l'inscription et \u00e0 la connexion","isPartOf":{"@id":"https:\/\/thecowboyspin.com\/fr\/#website"},"datePublished":"2026-01-20T12:11:11+00:00","dateModified":"2026-03-24T12:08:35+00:00","description":"Connexion \u00e0 Cowboyspin : acc\u00e9dez \u00e0 votre compte en toute s\u00e9curit\u00e9 ou cr\u00e9ez-en un nouveau en quelques minutes. G\u00e9rez facilement la v\u00e9rification, la r\u00e9cup\u00e9ration de mot de passe et les param\u00e8tres de votre compte dans Cowboyspin.","breadcrumb":{"@id":"https:\/\/thecowboyspin.com\/fr\/connexion-et-inscription\/#breadcrumb"},"inLanguage":"fr-FR","potentialAction":[{"@type":"ReadAction","target":["https:\/\/thecowboyspin.com\/fr\/connexion-et-inscription\/"]}]},{"@type":"BreadcrumbList","@id":"https:\/\/thecowboyspin.com\/fr\/connexion-et-inscription\/#breadcrumb","itemListElement":[{"@type":"ListItem","position":1,"name":"Cowboyspin","item":"https:\/\/thecowboyspin.com\/fr\/"},{"@type":"ListItem","position":2,"name":"Connexion et inscription"}]},{"@type":"WebSite","@id":"https:\/\/thecowboyspin.com\/fr\/#website","url":"https:\/\/thecowboyspin.com\/fr\/","name":"Cowboyspin","description":"","publisher":{"@id":"https:\/\/thecowboyspin.com\/fr\/#organization"},"potentialAction":[{"@type":"SearchAction","target":{"@type":"EntryPoint","urlTemplate":"https:\/\/thecowboyspin.com\/fr\/?s={search_term_string}"},"query-input":{"@type":"PropertyValueSpecification","valueRequired":true,"valueName":"search_term_string"}}],"inLanguage":"fr-FR"},{"@type":"Organization","@id":"https:\/\/thecowboyspin.com\/fr\/#organization","name":"Cowboyspin","url":"https:\/\/thecowboyspin.com\/fr\/","logo":{"@type":"ImageObject","inLanguage":"fr-FR","@id":"https:\/\/thecowboyspin.com\/fr\/#\/schema\/logo\/image\/","url":"https:\/\/thecowboyspin.com\/wp-content\/uploads\/2026\/03\/cowboyspin-logo.png","contentUrl":"https:\/\/thecowboyspin.com\/wp-content\/uploads\/2026\/03\/cowboyspin-logo.png","width":180,"height":66,"caption":"Cowboyspin"},"image":{"@id":"https:\/\/thecowboyspin.com\/fr\/#\/schema\/logo\/image\/"}}]}},"_links":{"self":[{"href":"https:\/\/thecowboyspin.com\/fr\/wp-json\/wp\/v2\/pages\/1482","targetHints":{"allow":["GET"]}}],"collection":[{"href":"https:\/\/thecowboyspin.com\/fr\/wp-json\/wp\/v2\/pages"}],"about":[{"href":"https:\/\/thecowboyspin.com\/fr\/wp-json\/wp\/v2\/types\/page"}],"author":[{"embeddable":true,"href":"https:\/\/thecowboyspin.com\/fr\/wp-json\/wp\/v2\/users\/1"}],"replies":[{"embeddable":true,"href":"https:\/\/thecowboyspin.com\/fr\/wp-json\/wp\/v2\/comments?post=1482"}],"version-history":[{"count":3,"href":"https:\/\/thecowboyspin.com\/fr\/wp-json\/wp\/v2\/pages\/1482\/revisions"}],"predecessor-version":[{"id":2040,"href":"https:\/\/thecowboyspin.com\/fr\/wp-json\/wp\/v2\/pages\/1482\/revisions\/2040"}],"wp:attachment":[{"href":"https:\/\/thecowboyspin.com\/fr\/wp-json\/wp\/v2\/media?parent=1482"}],"curies":[{"name":"wp","href":"https:\/\/api.w.org\/{rel}","templated":true}]}}