{"id":1440,"date":"2026-01-20T12:08:23","date_gmt":"2026-01-20T12:08:23","guid":{"rendered":"https:\/\/bonuskongcasino.com\/app\/"},"modified":"2026-03-24T12:06:41","modified_gmt":"2026-03-24T12:06:41","slug":"app","status":"publish","type":"page","link":"https:\/\/thecowboyspin.com\/fr\/app\/","title":{"rendered":"App"},"content":{"rendered":"<h1>Plateforme mobile Cowboy Spin<\/h1>\n<p>Cowboyspin App permet \u00e0 tous nos clients de ne pas \u00eatre limit\u00e9s par leur emplacement et leur appareil. Vous pouvez facilement jouer sur votre smartphone ou votre tablette et passer \u00e0 un PC ou un ordinateur portable lorsque cela vous convient mieux. Tous vos jeux pr\u00e9f\u00e9r\u00e9s seront disponibles o\u00f9 que vous soyez, avec un chargement rapide et une exp\u00e9rience de jeu fluide.<\/p>\n<div class=\"banner-wrap\" aria-label=\"Banner\"><img src=\"https:\/\/thecowboyspin.com\/wp-content\/uploads\/2026\/03\/banner-desktop2x.webp\" class=\"w-100 d-none d-lg-block img-pc main-banner-img\" alt=\"Cowboyspin bonus desktop\" fetchpriority=\"high\" decoding=\"async\"><img src=\"https:\/\/thecowboyspin.com\/wp-content\/uploads\/2026\/03\/banner-mobile2x.webp\" class=\"w-100 d-none d-md-block d-lg-none main-banner-img\" alt=\"Cowboyspin bonus mobile\" fetchpriority=\"high\" decoding=\"async\"><img src=\"https:\/\/thecowboyspin.com\/wp-content\/uploads\/2026\/03\/banner-mobile2x.webp\" class=\"w-100 d-md-none\" alt=\"Cowboyspin bonus mobile\" fetchpriority=\"high\" decoding=\"async\"><div class=\"banner-description\">\n<div class=\"banner-title\">Bonus de bienvenue<\/div>\n<p class=\"banner-header-title\">1500 \u20ac<\/p>\n<div class=\"banner-header-AdditionalText\">+ 250 Tours gratuits<\/div>\n<button data-item=\"homepage_banner_link\" class=\"goto m-button m-gradient-border m-button--primary m-button--large banner-button btn-orange\">\n            <div class=\"m-button-content\">\n                <span>Inscrivez-vous d\u00e8s maintenant<\/span>\n                <span><\/span>\n            <\/div>\n        <\/button>\n<\/div>\n<div class=\"WelcomePack\">\n<p><img loading=\"lazy\" decoding=\"async\" class=\"alignnone size-full wp-image-1852\" src=\"https:\/\/thecowboyspin.com\/wp-content\/uploads\/2026\/03\/welcome-crown.png\" alt=\"crown\" width=\"25\" height=\"26\" \/><\/p>\n<div class=\"WelcomePack-Info\">Cashback hebdomadaire jusqu&rsquo;\u00e0 25 %<\/div>\n<p><img loading=\"lazy\" decoding=\"async\" class=\"alignnone size-full wp-image-1852\" src=\"https:\/\/thecowboyspin.com\/wp-content\/uploads\/2026\/03\/welcome-crown.png\" alt=\"crown\" width=\"25\" height=\"26\" \/><\/p>\n<\/div>\n<\/div>\n<h2>Pourquoi choisir l&rsquo;application Cowboyspin ?<\/h2>\n<p>Chez Cowboyspin Casino, nous comprenons l&rsquo;importance pour les joueurs modernes d&rsquo;\u00eatre en ligne o\u00f9 qu&rsquo;ils se trouvent. Les utilisateurs pr\u00e9f\u00e8rent avoir leurs sources de divertissement sur un appareil mobile. Notre casino en ligne offre plusieurs options pour que cela devienne r\u00e9alit\u00e9. Les utilisateurs peuvent simplement profiter de la version mobile du site web ou installer l&rsquo;app Cowboy Spin, tr\u00e8s conviviale.<\/p>\n<p>Nous vous garantissons que ces deux options vous offriront une exp\u00e9rience de jeu compl\u00e8te sans perdre aucune des fonctionnalit\u00e9s disponibles sur ordinateur. Vous retrouverez les m\u00eames processus et fonctionnalit\u00e9s, mais optimis\u00e9s pour les smartphones et les tablettes.<\/p>\n<h3>Mesures de s\u00e9curit\u00e9 pour les joueurs mobiles<\/h3>\n<p>Les nouveaux utilisateurs peuvent avoir certaines inqui\u00e9tudes quant \u00e0 l&rsquo;installation d&rsquo;une nouvelle application sur leurs appareils et \u00e0 la fourniture d&rsquo;informations personnelles et bancaires. Cowboyspin d\u00e9tient la licence officielle eGaming d\u00e9livr\u00e9e par la Cura\u00e7ao Gaming Control Board. Nous utilisons un syst\u00e8me de cryptage AES 256 bits innovant pour assurer la s\u00e9curit\u00e9 de toutes vos donn\u00e9es. Les pare-feu de l&rsquo;application web nous aident \u00e0 prot\u00e9ger le logiciel mobile contre d&rsquo;\u00e9ventuelles attaques de piratage. Sur votre appareil mobile, vous pouvez activer la connexion biom\u00e9trique (Face ID, Touch ID).<\/p>\n<p><div class=\"scrollable-content-wrap my-5\"><div class=\"scrollable-content-inner\"><h2>Logiciel mobile pour Android<\/h2>\n<p>Tous nos clients Android peuvent profiter d&rsquo;une exp\u00e9rience fluide sur leurs appareils mobiles. Vous avez acc\u00e8s \u00e0 l&rsquo;ensemble de la collection de jeux Cowboy Spin, qui compte plus de 6 000 titres. Vous y trouverez des machines \u00e0 sous en ligne, des jeux de casino en direct, des jeux de table, des titres crash et bien plus encore. Dans notre casino mobile, tous les titres sont adapt\u00e9s aux \u00e9crans de petite taille. Nous utilisons une fonctionnalit\u00e9 sp\u00e9ciale de contr\u00f4le tactile pour que les processus restent pratiques et amusants.<\/p>\n<p>L&rsquo;application Cowboyspin peut \u00eatre install\u00e9e directement depuis notre site web. Elle n\u00e9cessite une connexion Internet stable (Wi-Fi, 4G ou 5G) et votre appareil mobile. Suivez nos instructions ci-dessous pour que tout se passe rapidement et facilement :<\/p>\n<ol>\n<li>Les utilisateurs doivent se rendre dans le menu principal du site web.<\/li>\n<li>Il est n\u00e9cessaire de cliquer sur le bouton \u00ab Casino App \u00bb.<\/li>\n<li>Sur la nouvelle page, vous devez choisir \u00ab Installer \u00bb.<\/li>\n<li>L&rsquo;ic\u00f4ne de la marque appara\u00eetra sur votre \u00e9cran d&rsquo;accueil en quelques secondes.<\/li>\n<\/ol>\n<p><img loading=\"lazy\" decoding=\"async\" class=\"alignnone size-full wp-image-1924\" src=\"https:\/\/thecowboyspin.com\/wp-content\/uploads\/2026\/03\/Cowboyspin-Android-App.webp\" alt=\"Cowboyspin Android App\" width=\"1248\" height=\"536\" srcset=\"https:\/\/thecowboyspin.com\/wp-content\/uploads\/2026\/03\/Cowboyspin-Android-App.webp 1248w, https:\/\/thecowboyspin.com\/wp-content\/uploads\/2026\/03\/Cowboyspin-Android-App-300x129.webp 300w, https:\/\/thecowboyspin.com\/wp-content\/uploads\/2026\/03\/Cowboyspin-Android-App-1024x440.webp 1024w, https:\/\/thecowboyspin.com\/wp-content\/uploads\/2026\/03\/Cowboyspin-Android-App-768x330.webp 768w\" sizes=\"auto, (max-width: 1248px) 100vw, 1248px\" \/><\/p>\n<\/div><\/div><div style=\"clear: both\"><\/div><div class=\"d-flex justify-content-center\"><button data-item=\"decouvrez_link\" data-group=\"website_links\" class=\"goto fw-bold rounded-pill btn btn-orange\" aria-label=\"T\u00e9l\u00e9chargez l&#039;application Cowboyspin\" >T\u00e9l\u00e9chargez l&#039;application Cowboyspin<\/button><\/div><div class=\"scrollable-content-wrap my-5\"><div class=\"scrollable-content-inner\"><h2>Jouez o\u00f9 que vous soyez sur iOS<\/h2>\n<p>Cowboyspin Casino est \u00e9galement disponible pour ceux qui poss\u00e8dent un appareil iOS. Vous pouvez l&rsquo;utiliser dans Firefox ou Google Chrome sans aucune installation. Si vous \u00eates d\u00e9j\u00e0 un joueur sur ordinateur, le design et la navigation vous seront familiers. Les utilisateurs doivent simplement se connecter \u00e0 leur compte existant. Aucune inscription suppl\u00e9mentaire n&rsquo;est requise. Mais si votre premier retrait se fait sur un appareil mobile, vous devrez tout de m\u00eame passer par le processus de v\u00e9rification.<\/p>\n<p>Une autre option est l&rsquo;application Cowboyspin. Elle vous permet d&rsquo;acc\u00e9der \u00e0 toutes vos fonctionnalit\u00e9s pr\u00e9f\u00e9r\u00e9es en un seul clic depuis l&rsquo;\u00e9cran d&rsquo;accueil. Si vous avez des questions concernant le logiciel mobile, un chat en direct int\u00e9gr\u00e9 vous permet de contacter notre \u00e9quipe d&rsquo;assistance. Les utilisateurs peuvent \u00e9galement nous envoyer un e-mail si cela leur convient mieux.<\/p>\n<h3>Comment installer l&rsquo;application ?<\/h3>\n<p>L&rsquo;installation du logiciel sur un iPhone ou un iPad est tr\u00e8s simple. Nous proposons \u00e0 nos clients une application web progressive (PWA) qui ne prend pas beaucoup de place sur votre appareil. Les utilisateurs n&rsquo;ont pas besoin de cr\u00e9er de compte suppl\u00e9mentaire dans l&rsquo;App Store, car Cowboyspin peut \u00eatre install\u00e9 \u00e0 partir de notre site web.<\/p>\n<p>Si vous \u00eates pr\u00eat \u00e0 essayer l&rsquo;application, rendez-vous sur notre page depuis votre smartphone ou votre tablette dans le navigateur de votre choix, par exemple Safari. Cliquez sur le bouton \u00ab Partager \u00bb en bas de votre \u00e9cran pour ouvrir les options du navigateur. Vous devez choisir \u00ab Ajouter \u00e0 l&rsquo;\u00e9cran d&rsquo;accueil \u00bb pour cr\u00e9er une ic\u00f4ne de raccourci. Les joueurs de Cowboy Spin Casino peuvent modifier le nom ou l&rsquo;apparence de celle-ci si n\u00e9cessaire.<\/p>\n<p><img loading=\"lazy\" decoding=\"async\" class=\"alignnone size-full wp-image-1932\" src=\"https:\/\/thecowboyspin.com\/wp-content\/uploads\/2026\/03\/Cowboyspin-iOS-App.webp\" alt=\"Cowboyspin iOS App\" width=\"1248\" height=\"536\" srcset=\"https:\/\/thecowboyspin.com\/wp-content\/uploads\/2026\/03\/Cowboyspin-iOS-App.webp 1248w, https:\/\/thecowboyspin.com\/wp-content\/uploads\/2026\/03\/Cowboyspin-iOS-App-300x129.webp 300w, https:\/\/thecowboyspin.com\/wp-content\/uploads\/2026\/03\/Cowboyspin-iOS-App-1024x440.webp 1024w, https:\/\/thecowboyspin.com\/wp-content\/uploads\/2026\/03\/Cowboyspin-iOS-App-768x330.webp 768w\" sizes=\"auto, (max-width: 1248px) 100vw, 1248px\" \/><\/p>\n<\/div><\/div><div style=\"clear: both\"><\/div><div class=\"d-flex justify-content-center\"><button data-item=\"decouvrez_link\" data-group=\"website_links\" class=\"goto fw-bold rounded-pill btn btn-orange\" aria-label=\"T\u00e9l\u00e9charger Cowboyspin\" >T\u00e9l\u00e9charger Cowboyspin<\/button><\/div><div class=\"scrollable-content-wrap my-5\"><div class=\"scrollable-content-inner\"><h2>Cowboyspin Casino sur votre PC<\/h2>\n<p>M\u00eame si les jeux mobiles sont de plus en plus populaires, de nombreux utilisateurs pr\u00e9f\u00e8rent jouer sur de grands \u00e9crans dans le confort de leur foyer. Nous ne vous imposons aucune limite et vous proposons une version de bureau Cowboyspin enti\u00e8rement optimis\u00e9e pour Windows et macOS. Une fois connect\u00e9 \u00e0 votre compte, toutes vos pr\u00e9f\u00e9rences, vos succ\u00e8s et votre solde seront synchronis\u00e9s sur tous vos appareils. Le tableau ci-dessous pr\u00e9sente les principales diff\u00e9rences entre le jeu sur mobile et sur ordinateur de bureau.<\/p>\n<table>\n<tbody>\n<tr>\n<td>Aspect<\/td>\n<td>Jouer sur mobile<\/td>\n<td>Jouer sur un ordinateur de bureau<\/td>\n<\/tr>\n<tr>\n<td>Exp\u00e9rience visuelle<\/td>\n<td>L&rsquo;\u00e9cran compact est optimis\u00e9 pour la navigation tactile et les sessions rapides<\/td>\n<td>Un \u00e9cran plus grand offre une vue plus d\u00e9taill\u00e9e des jeux et des interfaces<\/td>\n<\/tr>\n<tr>\n<td>Commandes<\/td>\n<td>Les commandes tactiles permettent de taper et de balayer l&rsquo;\u00e9cran<\/td>\n<td>La souris et le clavier offrent un contr\u00f4le et une navigation pr\u00e9cis<\/td>\n<\/tr>\n<tr>\n<td>Portabilit\u00e9<\/td>\n<td>Vous pouvez jouer partout o\u00f9 vous disposez d&rsquo;une connexion Internet<\/td>\n<td>Les utilisateurs sont g\u00e9n\u00e9ralement limit\u00e9s \u00e0 jouer chez eux ou \u00e0 leur bureau<\/td>\n<\/tr>\n<tr>\n<td>Performances<\/td>\n<td>Les versions mobiles optimis\u00e9es garantissent un gameplay fluide sur les petits appareils<\/td>\n<td>Il est souvent l\u00e9g\u00e8rement plus rapide avec un mat\u00e9riel plus puissant et des connexions stables<\/td>\n<\/tr>\n<tr>\n<td>Immersion<\/td>\n<td>Pratique pour les sessions de jeu courtes lors de vos d\u00e9placements<\/td>\n<td>Plus immersif gr\u00e2ce \u00e0 un \u00e9cran plus grand et \u00e0 une visibilit\u00e9 totale de l&rsquo;interface<\/td>\n<\/tr>\n<\/tbody>\n<\/table>\n<p><img loading=\"lazy\" decoding=\"async\" class=\"alignnone size-full wp-image-1940\" src=\"https:\/\/thecowboyspin.com\/wp-content\/uploads\/2026\/03\/Cowboyspin-Desktop.webp\" alt=\"Cowboyspin Desktop\" width=\"1248\" height=\"536\" srcset=\"https:\/\/thecowboyspin.com\/wp-content\/uploads\/2026\/03\/Cowboyspin-Desktop.webp 1248w, https:\/\/thecowboyspin.com\/wp-content\/uploads\/2026\/03\/Cowboyspin-Desktop-300x129.webp 300w, https:\/\/thecowboyspin.com\/wp-content\/uploads\/2026\/03\/Cowboyspin-Desktop-1024x440.webp 1024w, https:\/\/thecowboyspin.com\/wp-content\/uploads\/2026\/03\/Cowboyspin-Desktop-768x330.webp 768w\" sizes=\"auto, (max-width: 1248px) 100vw, 1248px\" \/><\/p>\n<\/div><\/div><div style=\"clear: both\"><\/div><div class=\"d-flex justify-content-center\"><button data-item=\"decouvrez_link\" data-group=\"website_links\" class=\"goto fw-bold rounded-pill btn btn-orange\" aria-label=\"T\u00e9l\u00e9chargez l&#039;application Cowboyspin\" >T\u00e9l\u00e9chargez l&#039;application Cowboyspin<\/button><\/div><div class=\"scrollable-content-wrap my-5\"><div class=\"scrollable-content-inner\"><h2>FAQ<\/h2>\n<h3>Puis-je passer facilement du bureau \u00e0 l&rsquo;application Cowboyspin Casino ?<\/h3>\n<p>Nos clients peuvent jouer \u00e0 la fois sur la version bureau et la version mobile de Cowboy Spin, mais pas simultan\u00e9ment. Vous devez utiliser le m\u00eame compte pour synchroniser vos informations entre les appareils.<\/p>\n<h3>Que dois-je faire si l&rsquo;application plante pendant une session de jeu ?<\/h3>\n<p>Si l&rsquo;application Cowboyspin cesse de fonctionner ou pr\u00e9sente des dysfonctionnements, v\u00e9rifiez votre connexion Internet et reconnectez-vous au logiciel mobile. Si le probl\u00e8me persiste, contactez notre \u00e9quipe d&rsquo;assistance via le chat en direct ou par e-mail.<\/p>\n<h3>Les m\u00e9thodes et processus de paiement sont-ils les m\u00eames sur les appareils mobiles ?<\/h3>\n<p>Une fois l&rsquo;inscription termin\u00e9e, vous pouvez facilement effectuer des d\u00e9p\u00f4ts et des retraits sur votre appareil mobile. Les processus sont les m\u00eames. Vous pouvez choisir entre les cartes bancaires, les cryptomonnaies, les portefeuilles \u00e9lectroniques et les virements bancaires.<\/p>\n<\/div><\/div><\/p>\n","protected":false},"excerpt":{"rendered":"<p>Plateforme mobile Cowboy Spin Cowboyspin App permet \u00e0 tous nos clients de ne pas \u00eatre limit\u00e9s par leur emplacement et leur appareil. Vous pouvez facilement jouer sur votre smartphone ou votre tablette et passer \u00e0 un PC ou un ordinateur portable lorsque cela vous convient mieux. Tous vos jeux pr\u00e9f\u00e9r\u00e9s seront disponibles o\u00f9 que vous [&hellip;]<\/p>\n","protected":false},"author":1,"featured_media":0,"parent":0,"menu_order":0,"comment_status":"closed","ping_status":"closed","template":"template-builder.php","meta":{"_acf_changed":false,"inline_featured_image":false,"footnotes":""},"class_list":["post-1440","page","type-page","status-publish","hentry"],"acf":[],"yoast_head":"<!-- This site is optimized with the Yoast SEO plugin v27.3 - https:\/\/yoast.com\/product\/yoast-seo-wordpress\/ -->\n<title>T\u00e9l\u00e9chargement de l&#039;application Cowboyspin | iOS, Android et ordinateur de bureau<\/title>\n<meta name=\"description\" content=\"Installez l&#039;application Cowboyspin sur iOS, Android, Windows et macOS pour jouer \u00e0 plus de 6 000 jeux de casino o\u00f9 que vous soyez. Performances fluides, synchronisation des comptes et assistance 24 h\/24, 7 j\/7 : tout cela dans Cowboyspin.\" \/>\n<meta name=\"robots\" content=\"index, follow, max-snippet:-1, max-image-preview:large, max-video-preview:-1\" \/>\n<link rel=\"canonical\" href=\"https:\/\/thecowboyspin.com\/fr\/app\/\" \/>\n<meta property=\"og:locale\" content=\"fr_FR\" \/>\n<meta property=\"og:type\" content=\"article\" \/>\n<meta property=\"og:title\" content=\"T\u00e9l\u00e9chargement de l&#039;application Cowboyspin | iOS, Android et ordinateur de bureau\" \/>\n<meta property=\"og:description\" content=\"Installez l&#039;application Cowboyspin sur iOS, Android, Windows et macOS pour jouer \u00e0 plus de 6 000 jeux de casino o\u00f9 que vous soyez. Performances fluides, synchronisation des comptes et assistance 24 h\/24, 7 j\/7 : tout cela dans Cowboyspin.\" \/>\n<meta property=\"og:url\" content=\"https:\/\/thecowboyspin.com\/fr\/app\/\" \/>\n<meta property=\"og:site_name\" content=\"cowboyspin\" \/>\n<meta property=\"article:modified_time\" content=\"2026-03-24T12:06:41+00:00\" \/>\n<meta name=\"twitter:card\" content=\"summary_large_image\" \/>\n<meta name=\"twitter:label1\" content=\"Dur\u00e9e de lecture estim\u00e9e\" \/>\n\t<meta name=\"twitter:data1\" content=\"2 minutes\" \/>\n<script type=\"application\/ld+json\" class=\"yoast-schema-graph\">{\"@context\":\"https:\\\/\\\/schema.org\",\"@graph\":[{\"@type\":\"WebPage\",\"@id\":\"https:\\\/\\\/thecowboyspin.com\\\/fr\\\/app\\\/\",\"url\":\"https:\\\/\\\/thecowboyspin.com\\\/fr\\\/app\\\/\",\"name\":\"T\u00e9l\u00e9chargement de l'application Cowboyspin | iOS, Android et ordinateur de bureau\",\"isPartOf\":{\"@id\":\"https:\\\/\\\/thecowboyspin.com\\\/fr\\\/#website\"},\"datePublished\":\"2026-01-20T12:08:23+00:00\",\"dateModified\":\"2026-03-24T12:06:41+00:00\",\"description\":\"Installez l'application Cowboyspin sur iOS, Android, Windows et macOS pour jouer \u00e0 plus de 6 000 jeux de casino o\u00f9 que vous soyez. Performances fluides, synchronisation des comptes et assistance 24 h\\\/24, 7 j\\\/7 : tout cela dans Cowboyspin.\",\"breadcrumb\":{\"@id\":\"https:\\\/\\\/thecowboyspin.com\\\/fr\\\/app\\\/#breadcrumb\"},\"inLanguage\":\"fr-FR\",\"potentialAction\":[{\"@type\":\"ReadAction\",\"target\":[\"https:\\\/\\\/thecowboyspin.com\\\/fr\\\/app\\\/\"]}]},{\"@type\":\"BreadcrumbList\",\"@id\":\"https:\\\/\\\/thecowboyspin.com\\\/fr\\\/app\\\/#breadcrumb\",\"itemListElement\":[{\"@type\":\"ListItem\",\"position\":1,\"name\":\"Cowboyspin\",\"item\":\"https:\\\/\\\/thecowboyspin.com\\\/fr\\\/\"},{\"@type\":\"ListItem\",\"position\":2,\"name\":\"App\"}]},{\"@type\":\"WebSite\",\"@id\":\"https:\\\/\\\/thecowboyspin.com\\\/fr\\\/#website\",\"url\":\"https:\\\/\\\/thecowboyspin.com\\\/fr\\\/\",\"name\":\"Cowboyspin\",\"description\":\"\",\"publisher\":{\"@id\":\"https:\\\/\\\/thecowboyspin.com\\\/fr\\\/#organization\"},\"potentialAction\":[{\"@type\":\"SearchAction\",\"target\":{\"@type\":\"EntryPoint\",\"urlTemplate\":\"https:\\\/\\\/thecowboyspin.com\\\/fr\\\/?s={search_term_string}\"},\"query-input\":{\"@type\":\"PropertyValueSpecification\",\"valueRequired\":true,\"valueName\":\"search_term_string\"}}],\"inLanguage\":\"fr-FR\"},{\"@type\":\"Organization\",\"@id\":\"https:\\\/\\\/thecowboyspin.com\\\/fr\\\/#organization\",\"name\":\"Cowboyspin\",\"url\":\"https:\\\/\\\/thecowboyspin.com\\\/fr\\\/\",\"logo\":{\"@type\":\"ImageObject\",\"inLanguage\":\"fr-FR\",\"@id\":\"https:\\\/\\\/thecowboyspin.com\\\/fr\\\/#\\\/schema\\\/logo\\\/image\\\/\",\"url\":\"https:\\\/\\\/thecowboyspin.com\\\/wp-content\\\/uploads\\\/2026\\\/03\\\/cowboyspin-logo.png\",\"contentUrl\":\"https:\\\/\\\/thecowboyspin.com\\\/wp-content\\\/uploads\\\/2026\\\/03\\\/cowboyspin-logo.png\",\"width\":180,\"height\":66,\"caption\":\"Cowboyspin\"},\"image\":{\"@id\":\"https:\\\/\\\/thecowboyspin.com\\\/fr\\\/#\\\/schema\\\/logo\\\/image\\\/\"}}]}<\/script>\n<!-- \/ Yoast SEO plugin. -->","yoast_head_json":{"title":"T\u00e9l\u00e9chargement de l'application Cowboyspin | iOS, Android et ordinateur de bureau","description":"Installez l'application Cowboyspin sur iOS, Android, Windows et macOS pour jouer \u00e0 plus de 6 000 jeux de casino o\u00f9 que vous soyez. Performances fluides, synchronisation des comptes et assistance 24 h\/24, 7 j\/7 : tout cela dans Cowboyspin.","robots":{"index":"index","follow":"follow","max-snippet":"max-snippet:-1","max-image-preview":"max-image-preview:large","max-video-preview":"max-video-preview:-1"},"canonical":"https:\/\/thecowboyspin.com\/fr\/app\/","og_locale":"fr_FR","og_type":"article","og_title":"T\u00e9l\u00e9chargement de l'application Cowboyspin | iOS, Android et ordinateur de bureau","og_description":"Installez l'application Cowboyspin sur iOS, Android, Windows et macOS pour jouer \u00e0 plus de 6 000 jeux de casino o\u00f9 que vous soyez. Performances fluides, synchronisation des comptes et assistance 24 h\/24, 7 j\/7 : tout cela dans Cowboyspin.","og_url":"https:\/\/thecowboyspin.com\/fr\/app\/","og_site_name":"cowboyspin","article_modified_time":"2026-03-24T12:06:41+00:00","twitter_card":"summary_large_image","twitter_misc":{"Dur\u00e9e de lecture estim\u00e9e":"2 minutes"},"schema":{"@context":"https:\/\/schema.org","@graph":[{"@type":"WebPage","@id":"https:\/\/thecowboyspin.com\/fr\/app\/","url":"https:\/\/thecowboyspin.com\/fr\/app\/","name":"T\u00e9l\u00e9chargement de l'application Cowboyspin | iOS, Android et ordinateur de bureau","isPartOf":{"@id":"https:\/\/thecowboyspin.com\/fr\/#website"},"datePublished":"2026-01-20T12:08:23+00:00","dateModified":"2026-03-24T12:06:41+00:00","description":"Installez l'application Cowboyspin sur iOS, Android, Windows et macOS pour jouer \u00e0 plus de 6 000 jeux de casino o\u00f9 que vous soyez. Performances fluides, synchronisation des comptes et assistance 24 h\/24, 7 j\/7 : tout cela dans Cowboyspin.","breadcrumb":{"@id":"https:\/\/thecowboyspin.com\/fr\/app\/#breadcrumb"},"inLanguage":"fr-FR","potentialAction":[{"@type":"ReadAction","target":["https:\/\/thecowboyspin.com\/fr\/app\/"]}]},{"@type":"BreadcrumbList","@id":"https:\/\/thecowboyspin.com\/fr\/app\/#breadcrumb","itemListElement":[{"@type":"ListItem","position":1,"name":"Cowboyspin","item":"https:\/\/thecowboyspin.com\/fr\/"},{"@type":"ListItem","position":2,"name":"App"}]},{"@type":"WebSite","@id":"https:\/\/thecowboyspin.com\/fr\/#website","url":"https:\/\/thecowboyspin.com\/fr\/","name":"Cowboyspin","description":"","publisher":{"@id":"https:\/\/thecowboyspin.com\/fr\/#organization"},"potentialAction":[{"@type":"SearchAction","target":{"@type":"EntryPoint","urlTemplate":"https:\/\/thecowboyspin.com\/fr\/?s={search_term_string}"},"query-input":{"@type":"PropertyValueSpecification","valueRequired":true,"valueName":"search_term_string"}}],"inLanguage":"fr-FR"},{"@type":"Organization","@id":"https:\/\/thecowboyspin.com\/fr\/#organization","name":"Cowboyspin","url":"https:\/\/thecowboyspin.com\/fr\/","logo":{"@type":"ImageObject","inLanguage":"fr-FR","@id":"https:\/\/thecowboyspin.com\/fr\/#\/schema\/logo\/image\/","url":"https:\/\/thecowboyspin.com\/wp-content\/uploads\/2026\/03\/cowboyspin-logo.png","contentUrl":"https:\/\/thecowboyspin.com\/wp-content\/uploads\/2026\/03\/cowboyspin-logo.png","width":180,"height":66,"caption":"Cowboyspin"},"image":{"@id":"https:\/\/thecowboyspin.com\/fr\/#\/schema\/logo\/image\/"}}]}},"_links":{"self":[{"href":"https:\/\/thecowboyspin.com\/fr\/wp-json\/wp\/v2\/pages\/1440","targetHints":{"allow":["GET"]}}],"collection":[{"href":"https:\/\/thecowboyspin.com\/fr\/wp-json\/wp\/v2\/pages"}],"about":[{"href":"https:\/\/thecowboyspin.com\/fr\/wp-json\/wp\/v2\/types\/page"}],"author":[{"embeddable":true,"href":"https:\/\/thecowboyspin.com\/fr\/wp-json\/wp\/v2\/users\/1"}],"replies":[{"embeddable":true,"href":"https:\/\/thecowboyspin.com\/fr\/wp-json\/wp\/v2\/comments?post=1440"}],"version-history":[{"count":3,"href":"https:\/\/thecowboyspin.com\/fr\/wp-json\/wp\/v2\/pages\/1440\/revisions"}],"predecessor-version":[{"id":2038,"href":"https:\/\/thecowboyspin.com\/fr\/wp-json\/wp\/v2\/pages\/1440\/revisions\/2038"}],"wp:attachment":[{"href":"https:\/\/thecowboyspin.com\/fr\/wp-json\/wp\/v2\/media?parent=1440"}],"curies":[{"name":"wp","href":"https:\/\/api.w.org\/{rel}","templated":true}]}}