{"id":1487,"date":"2026-01-20T12:11:11","date_gmt":"2026-01-20T12:11:11","guid":{"rendered":"https:\/\/bonuskongcasino.com\/login-and-registration\/"},"modified":"2026-03-24T13:47:10","modified_gmt":"2026-03-24T13:47:10","slug":"inicio-de-sesion-y-registro","status":"publish","type":"page","link":"https:\/\/thecowboyspin.com\/es\/inicio-de-sesion-y-registro\/","title":{"rendered":"Inicio de sesi\u00f3n y Registro"},"content":{"rendered":"<h1>Inicio de sesi\u00f3n y registro en la cuenta de Cowboyspin<\/h1>\n<p>Si est\u00e1s listo para aprovechar nuestras fant\u00e1sticas funciones y probar todos tus juegos favoritos con dinero real, solo tienes que completar el procedimiento de Cowboyspin login. Es un proceso r\u00e1pido que solo requiere una direcci\u00f3n de correo electr\u00f3nico y una contrase\u00f1a de los usuarios espa\u00f1oles. Aseg\u00farate de crear una contrase\u00f1a segura para evitar el acceso no autorizado de terceros.<\/p>\n<p><div class=\"banner-wrap\" aria-label=\"Banner\"><img src=\"https:\/\/thecowboyspin.com\/wp-content\/uploads\/2026\/03\/banner-desktop2x.webp\" class=\"w-100 d-none d-lg-block img-pc main-banner-img\" alt=\"Cowboyspin bonus desktop\" fetchpriority=\"high\" decoding=\"async\"><img src=\"https:\/\/thecowboyspin.com\/wp-content\/uploads\/2026\/03\/banner-mobile2x.webp\" class=\"w-100 d-none d-md-block d-lg-none main-banner-img\" alt=\"Cowboyspin bonus mobile\" fetchpriority=\"high\" decoding=\"async\"><img src=\"https:\/\/thecowboyspin.com\/wp-content\/uploads\/2026\/03\/banner-mobile2x.webp\" class=\"w-100 d-md-none\" alt=\"Cowboyspin bonus mobile\" fetchpriority=\"high\" decoding=\"async\"><div class=\"banner-description\">\n<div class=\"banner-title\">Bonos de bienvenida<\/div>\n<p class=\"banner-header-title\">1500 \u20ac<\/p>\n<div class=\"banner-header-AdditionalText\">+ 250 Tiradas gratis<\/div>\n<button data-item=\"homepage_banner_link\" class=\"goto m-button m-gradient-border m-button--primary m-button--large banner-button btn-orange\">\n            <div class=\"m-button-content\">\n                <span>Reg\u00edstrate ahora<\/span>\n                <span><\/span>\n            <\/div>\n        <\/button>\n<\/div>\n<div class=\"WelcomePack\">\n<p><img loading=\"lazy\" decoding=\"async\" class=\"alignnone size-full wp-image-1857\" src=\"https:\/\/thecowboyspin.com\/wp-content\/uploads\/2026\/03\/welcome-crown.png\" alt=\"crown\" width=\"25\" height=\"26\" \/><\/p>\n<div class=\"WelcomePack-Info\">Reembolso semanal de hasta el 25 %<\/div>\n<p><img loading=\"lazy\" decoding=\"async\" class=\"alignnone size-full wp-image-1857\" src=\"https:\/\/thecowboyspin.com\/wp-content\/uploads\/2026\/03\/welcome-crown.png\" alt=\"crown\" width=\"25\" height=\"26\" \/><\/p>\n<\/div>\n<\/div><div class=\"scrollable-content-wrap my-5\"><div class=\"scrollable-content-inner\"><h2>Ventajas del registro en Cowboyspin<\/h2>\n<p>El registro en Cowboy Spin Casino es el \u00fanico paso que le separa de todos nuestros juegos, bonificaciones, pagos y mucho m\u00e1s. Sin una cuenta en nuestra plataforma, solo tendr\u00e1 la oportunidad de jugar a varios t\u00edtulos en modo demo. Es una gran oportunidad para probar algo nuevo sin ning\u00fan riesgo, pero no le proporcionar\u00e1 la experiencia completa del casino.<\/p>\n<p>Con una cuenta, los usuarios pueden estar seguros de que todas sus preferencias y configuraciones se guardar\u00e1n. El proceso de registro est\u00e1 disponible para todos los usuarios mayores de 18 a\u00f1os. Utilizamos sistemas especiales de cifrado y tokenizaci\u00f3n para mantener todos tus datos seguros en Cowboyspin.<\/p>\n<h3>\u00bfC\u00f3mo crear una cuenta?<\/h3>\n<p>Nuestro procedimiento de registro es sencillo y se puede completar en pocos minutos. Solo necesitamos una direcci\u00f3n de correo electr\u00f3nico v\u00e1lida y una contrase\u00f1a. Recomendamos encarecidamente a todos los jugadores que proporcionen informaci\u00f3n real, ya que posteriormente se comprobar\u00e1 durante el proceso de verificaci\u00f3n. Sigue nuestras instrucciones a continuaci\u00f3n para crear una cuenta en Cowboyspin Casino:<\/p>\n<ol>\n<li>Debe hacer clic en el bot\u00f3n \u00abReg\u00edstrate\u00bb en la parte superior de la p\u00e1gina principal.<\/li>\n<li>Los usuarios deben rellenar el formulario de registro proporcionado.<\/li>\n<li>Es necesario aceptar los t\u00e9rminos y condiciones y confirmar la edad marcando las casillas correspondientes.<\/li>\n<li>Puede introducir un c\u00f3digo promocional si dispone de uno.<\/li>\n<li>Despu\u00e9s de verificar toda la informaci\u00f3n introducida, los usuarios deben enviar el formulario haciendo clic en el bot\u00f3n al final.<\/li>\n<\/ol>\n<h2>Procedimiento r\u00e1pido de inicio de sesi\u00f3n en Cowboyspin<\/h2>\n<p>Despu\u00e9s de completar el registro en la plataforma, solo tiene que completar el procedimiento de inicio de sesi\u00f3n en Cowboyspin. Aqu\u00ed, los jugadores deben utilizar la informaci\u00f3n proporcionada al crear una cuenta. Si intenta iniciar sesi\u00f3n en su perfil varias veces sin \u00e9xito, esto puede percibirse como una actividad sospechosa y su cuenta se bloquear\u00e1 temporalmente.<\/p>\n<p>El inicio de sesi\u00f3n en Cowboy Spin le permite acceder no solo a todas nuestras funciones disponibles, sino tambi\u00e9n a ajustes muy importantes que har\u00e1n que su experiencia sea m\u00e1s personalizada. Los usuarios pueden cambiar sus datos personales en cualquier momento, consultar el historial de actividad, habilitar herramientas de juego responsable y mucho m\u00e1s.<\/p>\n<h3>Restablecimiento de la informaci\u00f3n personal<\/h3>\n<p>No es un gran problema si ha olvidado alguna de sus datos de inicio de sesi\u00f3n en Cowboyspin Casino. En nuestra plataforma, hay una soluci\u00f3n para cualquier problema. Si ha olvidado su contrase\u00f1a, simplemente haga clic en el enlace \u00ab\u00bfHa olvidado su contrase\u00f1a?\u00bb en el formulario de inicio de sesi\u00f3n de Cowboyspin. Le enviaremos un enlace especial para restablecerla.<\/p>\n<p>Si tienes problemas para recordar tu direcci\u00f3n de correo electr\u00f3nico, debes ponerte en contacto con nuestro equipo de asistencia multiling\u00fce a trav\u00e9s del chat en vivo o del correo electr\u00f3nico. Los responsables de Cowboyspin verificar\u00e1n tu identidad y te ayudar\u00e1n a acceder al perfil.<\/p>\n<p><img loading=\"lazy\" decoding=\"async\" class=\"alignnone size-full wp-image-1953\" src=\"https:\/\/thecowboyspin.com\/wp-content\/uploads\/2026\/03\/Cowboyspin.webp\" alt=\"Cowboyspin login\" width=\"1248\" height=\"536\" srcset=\"https:\/\/thecowboyspin.com\/wp-content\/uploads\/2026\/03\/Cowboyspin.webp 1248w, https:\/\/thecowboyspin.com\/wp-content\/uploads\/2026\/03\/Cowboyspin-300x129.webp 300w, https:\/\/thecowboyspin.com\/wp-content\/uploads\/2026\/03\/Cowboyspin-1024x440.webp 1024w, https:\/\/thecowboyspin.com\/wp-content\/uploads\/2026\/03\/Cowboyspin-768x330.webp 768w\" sizes=\"auto, (max-width: 1248px) 100vw, 1248px\" \/><\/p>\n<h2>Proceso de verificaci\u00f3n en Cowboyspin Casino<\/h2>\n<p>Antes de realizar el primer retiro en Cowboy Spin, todos los usuarios deben verificar su identidad. El proceso incluye subir fotos de sus documentos personales. Ese es un paso importante para nosotros a fin de prevenir el fraude y mantener una plataforma segura. La tabla a continuaci\u00f3n le brindar\u00e1 m\u00e1s informaci\u00f3n sobre los documentos requeridos.<\/p>\n<table>\n<tbody>\n<tr>\n<td>Tipo de verificaci\u00f3n<\/td>\n<td>Documentos aceptados<\/td>\n<td>Detalles<\/td>\n<\/tr>\n<tr>\n<td>Verificaci\u00f3n de identidad<\/td>\n<td>Pasaporte, documento nacional de identidad, permiso de conducir<\/td>\n<td>Deben ser v\u00e1lidos y no estar caducados; la fotograf\u00eda y los datos deben ser claramente visibles<\/td>\n<\/tr>\n<tr>\n<td>Justificante de domicilio<\/td>\n<td>Factura de servicios p\u00fablicos (electricidad, gas, agua), extracto bancario, carta del gobierno, documento fiscal<\/td>\n<td>Debe haber sido emitido en los \u00faltimos 3 meses y mostrar el nombre completo y la direcci\u00f3n<\/td>\n<\/tr>\n<tr>\n<td>Verificaci\u00f3n del m\u00e9todo de pago<\/td>\n<td>Foto de la tarjeta de d\u00e9bito\/cr\u00e9dito, captura de pantalla de la p\u00e1gina de la cuenta del monedero electr\u00f3nico, extracto bancario, captura de pantalla de la banca online que muestre el IBAN y el nombre<\/td>\n<td>El nombre debe coincidir con el de la cuenta de Cowboyspin Casino<\/td>\n<\/tr>\n<\/tbody>\n<\/table>\n<h2>Preguntas frecuentes<\/h2>\n<h3>\u00bfCu\u00e1les son los requisitos para crear una cuenta en Cowboy Spin?<\/h3>\n<p>El inicio de sesi\u00f3n en Cowboyspin est\u00e1 disponible para todos los jugadores mayores de 18 a\u00f1os. Cada persona solo puede tener un perfil en el sitio web. Por eso no es necesario crear una nueva cuenta cuando se juega en diferentes dispositivos.<\/p>\n<h3>\u00bfC\u00f3mo se protegen las cuentas y la informaci\u00f3n personal?<\/h3>\n<p>Utilizamos un innovador cifrado TLS 1.3 para proteger toda tu informaci\u00f3n personal y de pago. Todos los usuarios con una cuenta pueden habilitar la autenticaci\u00f3n de dos factores para tener un nivel de seguridad adicional.<\/p>\n<h3>\u00bfPuedo cerrar sesi\u00f3n manualmente en todos los dispositivos?<\/h3>\n<p>Esta funci\u00f3n est\u00e1 disponible en la configuraci\u00f3n de tu cuenta. Tambi\u00e9n puedes ponerte en contacto con nuestro equipo de asistencia para obtener ayuda con el proceso.<\/p>\n<\/div><\/div><\/p>\n","protected":false},"excerpt":{"rendered":"<p>Inicio de sesi\u00f3n y registro en la cuenta de Cowboyspin Si est\u00e1s listo para aprovechar nuestras fant\u00e1sticas funciones y probar todos tus juegos favoritos con dinero real, solo tienes que completar el procedimiento de Cowboyspin login. Es un proceso r\u00e1pido que solo requiere una direcci\u00f3n de correo electr\u00f3nico y una contrase\u00f1a de los usuarios espa\u00f1oles. [&hellip;]<\/p>\n","protected":false},"author":1,"featured_media":0,"parent":0,"menu_order":0,"comment_status":"closed","ping_status":"closed","template":"template-builder.php","meta":{"_acf_changed":false,"inline_featured_image":false,"footnotes":""},"class_list":["post-1487","page","type-page","status-publish","hentry"],"acf":[],"yoast_head":"<!-- This site is optimized with the Yoast SEO plugin v27.3 - https:\/\/yoast.com\/product\/yoast-seo-wordpress\/ -->\n<title>Cowboyspin Login: acceso seguro al registro y al inicio de sesi\u00f3n<\/title>\n<meta name=\"description\" content=\"Inicio de sesi\u00f3n en Cowboyspin: acceda a su cuenta de forma segura o cree una nueva en cuesti\u00f3n de minutos. Gestione f\u00e1cilmente la verificaci\u00f3n, la recuperaci\u00f3n de contrase\u00f1a y la configuraci\u00f3n de la cuenta en Cowboyspin.\" \/>\n<meta name=\"robots\" content=\"index, follow, max-snippet:-1, max-image-preview:large, max-video-preview:-1\" \/>\n<link rel=\"canonical\" href=\"https:\/\/thecowboyspin.com\/es\/inicio-de-sesion-y-registro\/\" \/>\n<meta property=\"og:locale\" content=\"es_ES\" \/>\n<meta property=\"og:type\" content=\"article\" \/>\n<meta property=\"og:title\" content=\"Cowboyspin Login: acceso seguro al registro y al inicio de sesi\u00f3n\" \/>\n<meta property=\"og:description\" content=\"Inicio de sesi\u00f3n en Cowboyspin: acceda a su cuenta de forma segura o cree una nueva en cuesti\u00f3n de minutos. Gestione f\u00e1cilmente la verificaci\u00f3n, la recuperaci\u00f3n de contrase\u00f1a y la configuraci\u00f3n de la cuenta en Cowboyspin.\" \/>\n<meta property=\"og:url\" content=\"https:\/\/thecowboyspin.com\/es\/inicio-de-sesion-y-registro\/\" \/>\n<meta property=\"og:site_name\" content=\"cowboyspin\" \/>\n<meta property=\"article:modified_time\" content=\"2026-03-24T13:47:10+00:00\" \/>\n<meta name=\"twitter:card\" content=\"summary_large_image\" \/>\n<meta name=\"twitter:label1\" content=\"Est. reading time\" \/>\n\t<meta name=\"twitter:data1\" content=\"1 minute\" \/>\n<script type=\"application\/ld+json\" class=\"yoast-schema-graph\">{\"@context\":\"https:\\\/\\\/schema.org\",\"@graph\":[{\"@type\":\"WebPage\",\"@id\":\"https:\\\/\\\/thecowboyspin.com\\\/es\\\/inicio-de-sesion-y-registro\\\/\",\"url\":\"https:\\\/\\\/thecowboyspin.com\\\/es\\\/inicio-de-sesion-y-registro\\\/\",\"name\":\"Cowboyspin Login: acceso seguro al registro y al inicio de sesi\u00f3n\",\"isPartOf\":{\"@id\":\"https:\\\/\\\/thecowboyspin.com\\\/es\\\/#website\"},\"datePublished\":\"2026-01-20T12:11:11+00:00\",\"dateModified\":\"2026-03-24T13:47:10+00:00\",\"description\":\"Inicio de sesi\u00f3n en Cowboyspin: acceda a su cuenta de forma segura o cree una nueva en cuesti\u00f3n de minutos. Gestione f\u00e1cilmente la verificaci\u00f3n, la recuperaci\u00f3n de contrase\u00f1a y la configuraci\u00f3n de la cuenta en Cowboyspin.\",\"breadcrumb\":{\"@id\":\"https:\\\/\\\/thecowboyspin.com\\\/es\\\/inicio-de-sesion-y-registro\\\/#breadcrumb\"},\"inLanguage\":\"es-ES\",\"potentialAction\":[{\"@type\":\"ReadAction\",\"target\":[\"https:\\\/\\\/thecowboyspin.com\\\/es\\\/inicio-de-sesion-y-registro\\\/\"]}]},{\"@type\":\"BreadcrumbList\",\"@id\":\"https:\\\/\\\/thecowboyspin.com\\\/es\\\/inicio-de-sesion-y-registro\\\/#breadcrumb\",\"itemListElement\":[{\"@type\":\"ListItem\",\"position\":1,\"name\":\"Cowboyspin\",\"item\":\"https:\\\/\\\/thecowboyspin.com\\\/es\\\/\"},{\"@type\":\"ListItem\",\"position\":2,\"name\":\"Inicio de sesi\u00f3n y Registro\"}]},{\"@type\":\"WebSite\",\"@id\":\"https:\\\/\\\/thecowboyspin.com\\\/es\\\/#website\",\"url\":\"https:\\\/\\\/thecowboyspin.com\\\/es\\\/\",\"name\":\"Cowboyspin\",\"description\":\"\",\"publisher\":{\"@id\":\"https:\\\/\\\/thecowboyspin.com\\\/es\\\/#organization\"},\"potentialAction\":[{\"@type\":\"SearchAction\",\"target\":{\"@type\":\"EntryPoint\",\"urlTemplate\":\"https:\\\/\\\/thecowboyspin.com\\\/es\\\/?s={search_term_string}\"},\"query-input\":{\"@type\":\"PropertyValueSpecification\",\"valueRequired\":true,\"valueName\":\"search_term_string\"}}],\"inLanguage\":\"es-ES\"},{\"@type\":\"Organization\",\"@id\":\"https:\\\/\\\/thecowboyspin.com\\\/es\\\/#organization\",\"name\":\"Cowboyspin\",\"url\":\"https:\\\/\\\/thecowboyspin.com\\\/es\\\/\",\"logo\":{\"@type\":\"ImageObject\",\"inLanguage\":\"es-ES\",\"@id\":\"https:\\\/\\\/thecowboyspin.com\\\/es\\\/#\\\/schema\\\/logo\\\/image\\\/\",\"url\":\"https:\\\/\\\/thecowboyspin.com\\\/wp-content\\\/uploads\\\/2026\\\/03\\\/cowboyspin-logo.png\",\"contentUrl\":\"https:\\\/\\\/thecowboyspin.com\\\/wp-content\\\/uploads\\\/2026\\\/03\\\/cowboyspin-logo.png\",\"width\":180,\"height\":66,\"caption\":\"Cowboyspin\"},\"image\":{\"@id\":\"https:\\\/\\\/thecowboyspin.com\\\/es\\\/#\\\/schema\\\/logo\\\/image\\\/\"}}]}<\/script>\n<!-- \/ Yoast SEO plugin. -->","yoast_head_json":{"title":"Cowboyspin Login: acceso seguro al registro y al inicio de sesi\u00f3n","description":"Inicio de sesi\u00f3n en Cowboyspin: acceda a su cuenta de forma segura o cree una nueva en cuesti\u00f3n de minutos. Gestione f\u00e1cilmente la verificaci\u00f3n, la recuperaci\u00f3n de contrase\u00f1a y la configuraci\u00f3n de la cuenta en Cowboyspin.","robots":{"index":"index","follow":"follow","max-snippet":"max-snippet:-1","max-image-preview":"max-image-preview:large","max-video-preview":"max-video-preview:-1"},"canonical":"https:\/\/thecowboyspin.com\/es\/inicio-de-sesion-y-registro\/","og_locale":"es_ES","og_type":"article","og_title":"Cowboyspin Login: acceso seguro al registro y al inicio de sesi\u00f3n","og_description":"Inicio de sesi\u00f3n en Cowboyspin: acceda a su cuenta de forma segura o cree una nueva en cuesti\u00f3n de minutos. Gestione f\u00e1cilmente la verificaci\u00f3n, la recuperaci\u00f3n de contrase\u00f1a y la configuraci\u00f3n de la cuenta en Cowboyspin.","og_url":"https:\/\/thecowboyspin.com\/es\/inicio-de-sesion-y-registro\/","og_site_name":"cowboyspin","article_modified_time":"2026-03-24T13:47:10+00:00","twitter_card":"summary_large_image","twitter_misc":{"Est. reading time":"1 minute"},"schema":{"@context":"https:\/\/schema.org","@graph":[{"@type":"WebPage","@id":"https:\/\/thecowboyspin.com\/es\/inicio-de-sesion-y-registro\/","url":"https:\/\/thecowboyspin.com\/es\/inicio-de-sesion-y-registro\/","name":"Cowboyspin Login: acceso seguro al registro y al inicio de sesi\u00f3n","isPartOf":{"@id":"https:\/\/thecowboyspin.com\/es\/#website"},"datePublished":"2026-01-20T12:11:11+00:00","dateModified":"2026-03-24T13:47:10+00:00","description":"Inicio de sesi\u00f3n en Cowboyspin: acceda a su cuenta de forma segura o cree una nueva en cuesti\u00f3n de minutos. Gestione f\u00e1cilmente la verificaci\u00f3n, la recuperaci\u00f3n de contrase\u00f1a y la configuraci\u00f3n de la cuenta en Cowboyspin.","breadcrumb":{"@id":"https:\/\/thecowboyspin.com\/es\/inicio-de-sesion-y-registro\/#breadcrumb"},"inLanguage":"es-ES","potentialAction":[{"@type":"ReadAction","target":["https:\/\/thecowboyspin.com\/es\/inicio-de-sesion-y-registro\/"]}]},{"@type":"BreadcrumbList","@id":"https:\/\/thecowboyspin.com\/es\/inicio-de-sesion-y-registro\/#breadcrumb","itemListElement":[{"@type":"ListItem","position":1,"name":"Cowboyspin","item":"https:\/\/thecowboyspin.com\/es\/"},{"@type":"ListItem","position":2,"name":"Inicio de sesi\u00f3n y Registro"}]},{"@type":"WebSite","@id":"https:\/\/thecowboyspin.com\/es\/#website","url":"https:\/\/thecowboyspin.com\/es\/","name":"Cowboyspin","description":"","publisher":{"@id":"https:\/\/thecowboyspin.com\/es\/#organization"},"potentialAction":[{"@type":"SearchAction","target":{"@type":"EntryPoint","urlTemplate":"https:\/\/thecowboyspin.com\/es\/?s={search_term_string}"},"query-input":{"@type":"PropertyValueSpecification","valueRequired":true,"valueName":"search_term_string"}}],"inLanguage":"es-ES"},{"@type":"Organization","@id":"https:\/\/thecowboyspin.com\/es\/#organization","name":"Cowboyspin","url":"https:\/\/thecowboyspin.com\/es\/","logo":{"@type":"ImageObject","inLanguage":"es-ES","@id":"https:\/\/thecowboyspin.com\/es\/#\/schema\/logo\/image\/","url":"https:\/\/thecowboyspin.com\/wp-content\/uploads\/2026\/03\/cowboyspin-logo.png","contentUrl":"https:\/\/thecowboyspin.com\/wp-content\/uploads\/2026\/03\/cowboyspin-logo.png","width":180,"height":66,"caption":"Cowboyspin"},"image":{"@id":"https:\/\/thecowboyspin.com\/es\/#\/schema\/logo\/image\/"}}]}},"_links":{"self":[{"href":"https:\/\/thecowboyspin.com\/es\/wp-json\/wp\/v2\/pages\/1487","targetHints":{"allow":["GET"]}}],"collection":[{"href":"https:\/\/thecowboyspin.com\/es\/wp-json\/wp\/v2\/pages"}],"about":[{"href":"https:\/\/thecowboyspin.com\/es\/wp-json\/wp\/v2\/types\/page"}],"author":[{"embeddable":true,"href":"https:\/\/thecowboyspin.com\/es\/wp-json\/wp\/v2\/users\/1"}],"replies":[{"embeddable":true,"href":"https:\/\/thecowboyspin.com\/es\/wp-json\/wp\/v2\/comments?post=1487"}],"version-history":[{"count":3,"href":"https:\/\/thecowboyspin.com\/es\/wp-json\/wp\/v2\/pages\/1487\/revisions"}],"predecessor-version":[{"id":2081,"href":"https:\/\/thecowboyspin.com\/es\/wp-json\/wp\/v2\/pages\/1487\/revisions\/2081"}],"wp:attachment":[{"href":"https:\/\/thecowboyspin.com\/es\/wp-json\/wp\/v2\/media?parent=1487"}],"curies":[{"name":"wp","href":"https:\/\/api.w.org\/{rel}","templated":true}]}}