{"id":1449,"date":"2026-01-20T12:08:23","date_gmt":"2026-01-20T12:08:23","guid":{"rendered":"https:\/\/bonuskongcasino.com\/app-2\/"},"modified":"2026-03-24T13:45:31","modified_gmt":"2026-03-24T13:45:31","slug":"aplicacion","status":"publish","type":"page","link":"https:\/\/thecowboyspin.com\/es\/aplicacion\/","title":{"rendered":"Aplicaci\u00f3n"},"content":{"rendered":"<h1>Plataforma m\u00f3vil Cowboy Spin<\/h1>\n<p>La Cowboyspin App es una oportunidad para que todos nuestros clientes espa\u00f1oles no se vean limitados por su ubicaci\u00f3n y dispositivo. Puedes jugar f\u00e1cilmente en tu smartphone o tableta y cambiar a un PC o port\u00e1til cuando te resulte m\u00e1s conveniente. Todos tus juegos favoritos estar\u00e1n disponibles sobre la marcha con una carga r\u00e1pida y una jugabilidad fluida.<\/p>\n<div class=\"banner-wrap\" aria-label=\"Banner\"><img src=\"https:\/\/thecowboyspin.com\/wp-content\/uploads\/2026\/03\/banner-desktop2x.webp\" class=\"w-100 d-none d-lg-block img-pc main-banner-img\" alt=\"Cowboyspin bonus desktop\" fetchpriority=\"high\" decoding=\"async\"><img src=\"https:\/\/thecowboyspin.com\/wp-content\/uploads\/2026\/03\/banner-mobile2x.webp\" class=\"w-100 d-none d-md-block d-lg-none main-banner-img\" alt=\"Cowboyspin bonus mobile\" fetchpriority=\"high\" decoding=\"async\"><img src=\"https:\/\/thecowboyspin.com\/wp-content\/uploads\/2026\/03\/banner-mobile2x.webp\" class=\"w-100 d-md-none\" alt=\"Cowboyspin bonus mobile\" fetchpriority=\"high\" decoding=\"async\"><div class=\"banner-description\">\n<div class=\"banner-title\">Bonos de bienvenida<\/div>\n<p class=\"banner-header-title\">1500 \u20ac<\/p>\n<div class=\"banner-header-AdditionalText\">+ 250 Tiradas gratis<\/div>\n<button data-item=\"homepage_banner_link\" class=\"goto m-button m-gradient-border m-button--primary m-button--large banner-button btn-orange\">\n            <div class=\"m-button-content\">\n                <span>Reg\u00edstrate ahora<\/span>\n                <span><\/span>\n            <\/div>\n        <\/button>\n<\/div>\n<div class=\"WelcomePack\">\n<p><img loading=\"lazy\" decoding=\"async\" class=\"alignnone size-full wp-image-1857\" src=\"https:\/\/thecowboyspin.com\/wp-content\/uploads\/2026\/03\/welcome-crown.png\" alt=\"crown\" width=\"25\" height=\"26\" \/><\/p>\n<div class=\"WelcomePack-Info\">Reembolso semanal de hasta el 25 %<\/div>\n<p><img loading=\"lazy\" decoding=\"async\" class=\"alignnone size-full wp-image-1857\" src=\"https:\/\/thecowboyspin.com\/wp-content\/uploads\/2026\/03\/welcome-crown.png\" alt=\"crown\" width=\"25\" height=\"26\" \/><\/p>\n<\/div>\n<\/div>\n<h2>\u00bfPor qu\u00e9 elegir la aplicaci\u00f3n Cowboyspin?<\/h2>\n<p>En Cowboyspin Casino, comprendemos la importancia de que los jugadores modernos puedan conectarse desde cualquier lugar. Los usuarios prefieren tener sus fuentes de entretenimiento en un dispositivo m\u00f3vil. Nuestro casino en l\u00ednea ofrece m\u00faltiples opciones para hacerlo realidad. Los usuarios pueden simplemente disfrutar de la versi\u00f3n m\u00f3vil del sitio web o instalar la aplicaci\u00f3n Cowboy Spin, muy f\u00e1cil de usar.<\/p>\n<p>Te garantizamos que ambas opciones te ofrecer\u00e1n una experiencia de juego completa sin perder ninguna de las funciones que tenemos en la versi\u00f3n de escritorio. Te esperan los mismos procesos y funciones, pero optimizados para smartphones y tabletas.<\/p>\n<h3>Medidas de seguridad para jugadores m\u00f3viles<\/h3>\n<p>Los nuevos usuarios pueden tener algunas dudas sobre la instalaci\u00f3n de una nueva aplicaci\u00f3n en sus dispositivos y el suministro de informaci\u00f3n personal y de pago. Cowboyspin cuenta con la licencia oficial de eGaming de la Cura\u00e7ao Gaming Control Board. Utilizamos un innovador sistema de encriptaci\u00f3n AES de 256 bits para mantener todos tus datos seguros. Los cortafuegos de la aplicaci\u00f3n web nos ayudan a mantener el software m\u00f3vil a salvo de posibles ataques de pirater\u00eda. En tu dispositivo m\u00f3vil, puedes habilitar el inicio de sesi\u00f3n biom\u00e9trico (Face ID, Touch ID).<\/p>\n<p><div class=\"scrollable-content-wrap my-5\"><div class=\"scrollable-content-inner\"><h2>Software m\u00f3vil para Android<\/h2>\n<p>Todos nuestros clientes de Android pueden disfrutar de una experiencia perfecta en sus dispositivos m\u00f3viles. Tendr\u00e1s acceso a toda la colecci\u00f3n de juegos de Cowboy Spin, con m\u00e1s de 6.000 t\u00edtulos. Hay tragamonedas en l\u00ednea, juegos de casino en vivo, juegos de mesa, t\u00edtulos crash y mucho m\u00e1s. En nuestro casino m\u00f3vil, todos los t\u00edtulos est\u00e1n adaptados a pantallas de menor tama\u00f1o. Utilizamos una funcionalidad especial de control t\u00e1ctil para que los procesos sean c\u00f3modos y divertidos.<\/p>\n<p>La aplicaci\u00f3n Cowboyspin se puede instalar directamente desde nuestro sitio web. Requiere una conexi\u00f3n a Internet estable (Wi-Fi, 4G o 5G) y tu dispositivo m\u00f3vil. Sigue nuestras instrucciones a continuaci\u00f3n para que todo sea r\u00e1pido y f\u00e1cil:<\/p>\n<ol>\n<li>Los usuarios deben ir al men\u00fa principal del sitio web.<\/li>\n<li>Es necesario hacer clic en el bot\u00f3n \u00abAplicaci\u00f3n del casino\u00bb.<\/li>\n<li>En la nueva p\u00e1gina, debes seleccionar \u00abInstalar\u00bb.<\/li>\n<li>El icono de la marca aparecer\u00e1 en su pantalla de inicio en unos segundos.<\/li>\n<\/ol>\n<p><img loading=\"lazy\" decoding=\"async\" class=\"alignnone size-full wp-image-1929\" src=\"https:\/\/thecowboyspin.com\/wp-content\/uploads\/2026\/03\/Cowboyspin-Android-App.webp\" alt=\"Cowboyspin Android App\" width=\"1248\" height=\"536\" srcset=\"https:\/\/thecowboyspin.com\/wp-content\/uploads\/2026\/03\/Cowboyspin-Android-App.webp 1248w, https:\/\/thecowboyspin.com\/wp-content\/uploads\/2026\/03\/Cowboyspin-Android-App-300x129.webp 300w, https:\/\/thecowboyspin.com\/wp-content\/uploads\/2026\/03\/Cowboyspin-Android-App-1024x440.webp 1024w, https:\/\/thecowboyspin.com\/wp-content\/uploads\/2026\/03\/Cowboyspin-Android-App-768x330.webp 768w\" sizes=\"auto, (max-width: 1248px) 100vw, 1248px\" \/><\/p>\n<\/div><\/div><div style=\"clear: both\"><\/div><div class=\"d-flex justify-content-center\"><button data-item=\"decouvrez_link\" data-group=\"website_links\" class=\"goto fw-bold rounded-pill btn btn-orange\" aria-label=\"Descarga la aplicaci\u00f3n Cowboyspin\" >Descarga la aplicaci\u00f3n Cowboyspin<\/button><\/div><div class=\"scrollable-content-wrap my-5\"><div class=\"scrollable-content-inner\"><h2>Juega sobre la marcha en iOS<\/h2>\n<p>Cowboyspin Casino tambi\u00e9n est\u00e1 disponible para aquellos que tienen dispositivos iOS. Puede utilizarlo en Firefox o Google Chrome sin necesidad de instalaci\u00f3n. Si ya es usuario de nuestra versi\u00f3n de escritorio, el dise\u00f1o y la navegaci\u00f3n le resultar\u00e1n familiares. Los usuarios solo tienen que iniciar sesi\u00f3n en su cuenta existente. No es necesario registrarse de nuevo. Pero si su primer retiro lo realiza desde un dispositivo m\u00f3vil, tendr\u00e1 que pasar por el proceso de verificaci\u00f3n.<\/p>\n<p>Otra opci\u00f3n es la aplicaci\u00f3n Cowboyspin. Te permite acceder a todas tus funciones favoritas con solo un clic desde la pantalla de inicio. Si tienes alguna pregunta sobre el software m\u00f3vil, hay un chat en vivo integrado para ponerte en contacto con nuestro equipo de asistencia. Los usuarios tambi\u00e9n pueden enviarnos un correo electr\u00f3nico si les resulta m\u00e1s c\u00f3modo.<\/p>\n<h3>\u00bfC\u00f3mo se instala la aplicaci\u00f3n?<\/h3>\n<p>Instalar el software en un iPhone o iPad es muy sencillo. Ofrecemos a nuestros clientes una aplicaci\u00f3n web progresiva (PWA) que no ocupa mucho espacio en su dispositivo. Los usuarios no necesitan crear cuentas adicionales en la App Store, ya que Cowboyspin se puede instalar desde nuestro sitio web.<\/p>\n<p>Si est\u00e1 listo para probar la aplicaci\u00f3n, visite nuestra p\u00e1gina en su smartphone o tableta con el navegador que prefiera, por ejemplo, Safari. Haga clic en el bot\u00f3n \u00abCompartir\u00bb en la parte inferior de la pantalla para abrir las opciones del navegador. Debe seleccionar \u00abA\u00f1adir a la pantalla de inicio\u00bb para crear un icono de acceso directo. Los jugadores de Cowboy Spin Casino pueden cambiar el nombre o la apariencia del icono si lo desean.<\/p>\n<p><img loading=\"lazy\" decoding=\"async\" class=\"alignnone size-full wp-image-1937\" src=\"https:\/\/thecowboyspin.com\/wp-content\/uploads\/2026\/03\/Cowboyspin-iOS-App.webp\" alt=\"Cowboyspin iOS App\" width=\"1248\" height=\"536\" srcset=\"https:\/\/thecowboyspin.com\/wp-content\/uploads\/2026\/03\/Cowboyspin-iOS-App.webp 1248w, https:\/\/thecowboyspin.com\/wp-content\/uploads\/2026\/03\/Cowboyspin-iOS-App-300x129.webp 300w, https:\/\/thecowboyspin.com\/wp-content\/uploads\/2026\/03\/Cowboyspin-iOS-App-1024x440.webp 1024w, https:\/\/thecowboyspin.com\/wp-content\/uploads\/2026\/03\/Cowboyspin-iOS-App-768x330.webp 768w\" sizes=\"auto, (max-width: 1248px) 100vw, 1248px\" \/><\/p>\n<\/div><\/div><div style=\"clear: both\"><\/div><div class=\"d-flex justify-content-center\"><button data-item=\"decouvrez_link\" data-group=\"website_links\" class=\"goto fw-bold rounded-pill btn btn-orange\" aria-label=\"Descargar Cowboyspin\" >Descargar Cowboyspin<\/button><\/div><div class=\"scrollable-content-wrap my-5\"><div class=\"scrollable-content-inner\"><h2>Cowboyspin Casino en tu PC<\/h2>\n<p>Aunque los juegos para m\u00f3viles son cada vez m\u00e1s populares, muchos usuarios disfrutan jugando en pantallas grandes desde la comodidad de sus hogares. No le ponemos l\u00edmites y le ofrecemos una versi\u00f3n de escritorio de Cowboyspin totalmente optimizada para Windows y macOS. Despu\u00e9s de iniciar sesi\u00f3n en su cuenta, todas sus preferencias, logros y saldo se sincronizar\u00e1n en todos los dispositivos. La siguiente tabla muestra las principales diferencias entre jugar en un m\u00f3vil y en un ordenador.<\/p>\n<table>\n<tbody>\n<tr>\n<td>Aspecto<\/td>\n<td>Jugar en el m\u00f3vil<\/td>\n<td>Jugar en un ordenador<\/td>\n<\/tr>\n<tr>\n<td>Experiencia de pantalla<\/td>\n<td>La pantalla compacta est\u00e1 optimizada para la navegaci\u00f3n t\u00e1ctil y las sesiones r\u00e1pidas<\/td>\n<td>La pantalla m\u00e1s grande ofrece una vista m\u00e1s detallada de los juegos y las interfaces<\/td>\n<\/tr>\n<tr>\n<td>Controles<\/td>\n<td>La funcionalidad de los controles de la pantalla t\u00e1ctil es para tocar y deslizar<\/td>\n<td>El rat\u00f3n y el teclado ofrecen un control y una navegaci\u00f3n precisos<\/td>\n<\/tr>\n<tr>\n<td>Portabilidad<\/td>\n<td>Puedes jugar en cualquier lugar con conexi\u00f3n a Internet.<\/td>\n<td>Los usuarios suelen estar limitados a jugar en casa o en un escritorio<\/td>\n<\/tr>\n<tr>\n<td>Rendimiento<\/td>\n<td>Las versiones m\u00f3viles optimizadas garantizan una experiencia de juego fluida en dispositivos m\u00e1s peque\u00f1os<\/td>\n<td>A menudo es ligeramente m\u00e1s r\u00e1pido con un hardware m\u00e1s potente y conexiones estables<\/td>\n<\/tr>\n<tr>\n<td>Inmersi\u00f3n<\/td>\n<td>Conveniente para sesiones de juego cortas mientras se est\u00e1 en movimiento<\/td>\n<td>M\u00e1s inmersivo gracias a una pantalla m\u00e1s grande y a la visibilidad completa de la interfaz<\/td>\n<\/tr>\n<\/tbody>\n<\/table>\n<p><img loading=\"lazy\" decoding=\"async\" class=\"alignnone size-full wp-image-1945\" src=\"https:\/\/thecowboyspin.com\/wp-content\/uploads\/2026\/03\/Cowboyspin-Desktop.webp\" alt=\"Cowboyspin Desktop\" width=\"1248\" height=\"536\" srcset=\"https:\/\/thecowboyspin.com\/wp-content\/uploads\/2026\/03\/Cowboyspin-Desktop.webp 1248w, https:\/\/thecowboyspin.com\/wp-content\/uploads\/2026\/03\/Cowboyspin-Desktop-300x129.webp 300w, https:\/\/thecowboyspin.com\/wp-content\/uploads\/2026\/03\/Cowboyspin-Desktop-1024x440.webp 1024w, https:\/\/thecowboyspin.com\/wp-content\/uploads\/2026\/03\/Cowboyspin-Desktop-768x330.webp 768w\" sizes=\"auto, (max-width: 1248px) 100vw, 1248px\" \/><\/p>\n<\/div><\/div><div style=\"clear: both\"><\/div><div class=\"d-flex justify-content-center\"><button data-item=\"decouvrez_link\" data-group=\"website_links\" class=\"goto fw-bold rounded-pill btn btn-orange\" aria-label=\"Descarga la aplicaci\u00f3n Cowboyspin\" >Descarga la aplicaci\u00f3n Cowboyspin<\/button><\/div><div class=\"scrollable-content-wrap my-5\"><div class=\"scrollable-content-inner\"><h2>Preguntas frecuentes<\/h2>\n<h3>\u00bfPuedo cambiar sin problemas entre la versi\u00f3n de escritorio y la aplicaci\u00f3n de Cowboyspin Casino?<\/h3>\n<p>Nuestros clientes pueden jugar tanto en la versi\u00f3n de escritorio como en la m\u00f3vil de Cowboy Spin, pero no al mismo tiempo. Debes utilizar la misma cuenta para sincronizar tu informaci\u00f3n entre dispositivos.<\/p>\n<h3>\u00bfQu\u00e9 debo hacer si la aplicaci\u00f3n se bloquea durante la sesi\u00f3n de juego?<\/h3>\n<p>Si la aplicaci\u00f3n Cowboyspin deja de funcionar o presenta fallos, comprueba tu conexi\u00f3n a Internet y vuelve a entrar en el software m\u00f3vil. Si el problema persiste, ponte en contacto con nuestro equipo de asistencia a trav\u00e9s del chat en vivo o por correo electr\u00f3nico.<\/p>\n<h3>\u00bfLos m\u00e9todos y procesos de pago son los mismos en los dispositivos m\u00f3viles?<\/h3>\n<p>Despu\u00e9s de completar el registro, puedes realizar dep\u00f3sitos y retiros f\u00e1cilmente en tu dispositivo m\u00f3vil. Los procesos son los mismos. Puedes elegir entre tarjetas bancarias, criptomonedas, monederos electr\u00f3nicos y transferencias bancarias.<\/p>\n<\/div><\/div><\/p>\n","protected":false},"excerpt":{"rendered":"<p>Plataforma m\u00f3vil Cowboy Spin La Cowboyspin App es una oportunidad para que todos nuestros clientes espa\u00f1oles no se vean limitados por su ubicaci\u00f3n y dispositivo. Puedes jugar f\u00e1cilmente en tu smartphone o tableta y cambiar a un PC o port\u00e1til cuando te resulte m\u00e1s conveniente. Todos tus juegos favoritos estar\u00e1n disponibles sobre la marcha con [&hellip;]<\/p>\n","protected":false},"author":1,"featured_media":0,"parent":0,"menu_order":0,"comment_status":"closed","ping_status":"closed","template":"template-builder.php","meta":{"_acf_changed":false,"inline_featured_image":false,"footnotes":""},"class_list":["post-1449","page","type-page","status-publish","hentry"],"acf":[],"yoast_head":"<!-- This site is optimized with the Yoast SEO plugin v27.3 - https:\/\/yoast.com\/product\/yoast-seo-wordpress\/ -->\n<title>Descargar la aplicaci\u00f3n Cowboyspin | iOS, Android y escritorio<\/title>\n<meta name=\"description\" content=\"Instala la aplicaci\u00f3n Cowboyspin en iOS, Android, Windows y macOS para jugar a m\u00e1s de 6000 juegos de casino en cualquier lugar. Rendimiento fluido, sincronizaci\u00f3n de cuentas y asistencia 24\/7: todo en Cowboyspin.\" \/>\n<meta name=\"robots\" content=\"index, follow, max-snippet:-1, max-image-preview:large, max-video-preview:-1\" \/>\n<link rel=\"canonical\" href=\"https:\/\/thecowboyspin.com\/es\/aplicacion\/\" \/>\n<meta property=\"og:locale\" content=\"es_ES\" \/>\n<meta property=\"og:type\" content=\"article\" \/>\n<meta property=\"og:title\" content=\"Descargar la aplicaci\u00f3n Cowboyspin | iOS, Android y escritorio\" \/>\n<meta property=\"og:description\" content=\"Instala la aplicaci\u00f3n Cowboyspin en iOS, Android, Windows y macOS para jugar a m\u00e1s de 6000 juegos de casino en cualquier lugar. Rendimiento fluido, sincronizaci\u00f3n de cuentas y asistencia 24\/7: todo en Cowboyspin.\" \/>\n<meta property=\"og:url\" content=\"https:\/\/thecowboyspin.com\/es\/aplicacion\/\" \/>\n<meta property=\"og:site_name\" content=\"cowboyspin\" \/>\n<meta property=\"article:modified_time\" content=\"2026-03-24T13:45:31+00:00\" \/>\n<meta name=\"twitter:card\" content=\"summary_large_image\" \/>\n<meta name=\"twitter:label1\" content=\"Est. reading time\" \/>\n\t<meta name=\"twitter:data1\" content=\"2 minutes\" \/>\n<script type=\"application\/ld+json\" class=\"yoast-schema-graph\">{\"@context\":\"https:\\\/\\\/schema.org\",\"@graph\":[{\"@type\":\"WebPage\",\"@id\":\"https:\\\/\\\/thecowboyspin.com\\\/es\\\/aplicacion\\\/\",\"url\":\"https:\\\/\\\/thecowboyspin.com\\\/es\\\/aplicacion\\\/\",\"name\":\"Descargar la aplicaci\u00f3n Cowboyspin | iOS, Android y escritorio\",\"isPartOf\":{\"@id\":\"https:\\\/\\\/thecowboyspin.com\\\/es\\\/#website\"},\"datePublished\":\"2026-01-20T12:08:23+00:00\",\"dateModified\":\"2026-03-24T13:45:31+00:00\",\"description\":\"Instala la aplicaci\u00f3n Cowboyspin en iOS, Android, Windows y macOS para jugar a m\u00e1s de 6000 juegos de casino en cualquier lugar. Rendimiento fluido, sincronizaci\u00f3n de cuentas y asistencia 24\\\/7: todo en Cowboyspin.\",\"breadcrumb\":{\"@id\":\"https:\\\/\\\/thecowboyspin.com\\\/es\\\/aplicacion\\\/#breadcrumb\"},\"inLanguage\":\"es-ES\",\"potentialAction\":[{\"@type\":\"ReadAction\",\"target\":[\"https:\\\/\\\/thecowboyspin.com\\\/es\\\/aplicacion\\\/\"]}]},{\"@type\":\"BreadcrumbList\",\"@id\":\"https:\\\/\\\/thecowboyspin.com\\\/es\\\/aplicacion\\\/#breadcrumb\",\"itemListElement\":[{\"@type\":\"ListItem\",\"position\":1,\"name\":\"Cowboyspin\",\"item\":\"https:\\\/\\\/thecowboyspin.com\\\/es\\\/\"},{\"@type\":\"ListItem\",\"position\":2,\"name\":\"Aplicaci\u00f3n\"}]},{\"@type\":\"WebSite\",\"@id\":\"https:\\\/\\\/thecowboyspin.com\\\/es\\\/#website\",\"url\":\"https:\\\/\\\/thecowboyspin.com\\\/es\\\/\",\"name\":\"Cowboyspin\",\"description\":\"\",\"publisher\":{\"@id\":\"https:\\\/\\\/thecowboyspin.com\\\/es\\\/#organization\"},\"potentialAction\":[{\"@type\":\"SearchAction\",\"target\":{\"@type\":\"EntryPoint\",\"urlTemplate\":\"https:\\\/\\\/thecowboyspin.com\\\/es\\\/?s={search_term_string}\"},\"query-input\":{\"@type\":\"PropertyValueSpecification\",\"valueRequired\":true,\"valueName\":\"search_term_string\"}}],\"inLanguage\":\"es-ES\"},{\"@type\":\"Organization\",\"@id\":\"https:\\\/\\\/thecowboyspin.com\\\/es\\\/#organization\",\"name\":\"Cowboyspin\",\"url\":\"https:\\\/\\\/thecowboyspin.com\\\/es\\\/\",\"logo\":{\"@type\":\"ImageObject\",\"inLanguage\":\"es-ES\",\"@id\":\"https:\\\/\\\/thecowboyspin.com\\\/es\\\/#\\\/schema\\\/logo\\\/image\\\/\",\"url\":\"https:\\\/\\\/thecowboyspin.com\\\/wp-content\\\/uploads\\\/2026\\\/03\\\/cowboyspin-logo.png\",\"contentUrl\":\"https:\\\/\\\/thecowboyspin.com\\\/wp-content\\\/uploads\\\/2026\\\/03\\\/cowboyspin-logo.png\",\"width\":180,\"height\":66,\"caption\":\"Cowboyspin\"},\"image\":{\"@id\":\"https:\\\/\\\/thecowboyspin.com\\\/es\\\/#\\\/schema\\\/logo\\\/image\\\/\"}}]}<\/script>\n<!-- \/ Yoast SEO plugin. -->","yoast_head_json":{"title":"Descargar la aplicaci\u00f3n Cowboyspin | iOS, Android y escritorio","description":"Instala la aplicaci\u00f3n Cowboyspin en iOS, Android, Windows y macOS para jugar a m\u00e1s de 6000 juegos de casino en cualquier lugar. Rendimiento fluido, sincronizaci\u00f3n de cuentas y asistencia 24\/7: todo en Cowboyspin.","robots":{"index":"index","follow":"follow","max-snippet":"max-snippet:-1","max-image-preview":"max-image-preview:large","max-video-preview":"max-video-preview:-1"},"canonical":"https:\/\/thecowboyspin.com\/es\/aplicacion\/","og_locale":"es_ES","og_type":"article","og_title":"Descargar la aplicaci\u00f3n Cowboyspin | iOS, Android y escritorio","og_description":"Instala la aplicaci\u00f3n Cowboyspin en iOS, Android, Windows y macOS para jugar a m\u00e1s de 6000 juegos de casino en cualquier lugar. Rendimiento fluido, sincronizaci\u00f3n de cuentas y asistencia 24\/7: todo en Cowboyspin.","og_url":"https:\/\/thecowboyspin.com\/es\/aplicacion\/","og_site_name":"cowboyspin","article_modified_time":"2026-03-24T13:45:31+00:00","twitter_card":"summary_large_image","twitter_misc":{"Est. reading time":"2 minutes"},"schema":{"@context":"https:\/\/schema.org","@graph":[{"@type":"WebPage","@id":"https:\/\/thecowboyspin.com\/es\/aplicacion\/","url":"https:\/\/thecowboyspin.com\/es\/aplicacion\/","name":"Descargar la aplicaci\u00f3n Cowboyspin | iOS, Android y escritorio","isPartOf":{"@id":"https:\/\/thecowboyspin.com\/es\/#website"},"datePublished":"2026-01-20T12:08:23+00:00","dateModified":"2026-03-24T13:45:31+00:00","description":"Instala la aplicaci\u00f3n Cowboyspin en iOS, Android, Windows y macOS para jugar a m\u00e1s de 6000 juegos de casino en cualquier lugar. Rendimiento fluido, sincronizaci\u00f3n de cuentas y asistencia 24\/7: todo en Cowboyspin.","breadcrumb":{"@id":"https:\/\/thecowboyspin.com\/es\/aplicacion\/#breadcrumb"},"inLanguage":"es-ES","potentialAction":[{"@type":"ReadAction","target":["https:\/\/thecowboyspin.com\/es\/aplicacion\/"]}]},{"@type":"BreadcrumbList","@id":"https:\/\/thecowboyspin.com\/es\/aplicacion\/#breadcrumb","itemListElement":[{"@type":"ListItem","position":1,"name":"Cowboyspin","item":"https:\/\/thecowboyspin.com\/es\/"},{"@type":"ListItem","position":2,"name":"Aplicaci\u00f3n"}]},{"@type":"WebSite","@id":"https:\/\/thecowboyspin.com\/es\/#website","url":"https:\/\/thecowboyspin.com\/es\/","name":"Cowboyspin","description":"","publisher":{"@id":"https:\/\/thecowboyspin.com\/es\/#organization"},"potentialAction":[{"@type":"SearchAction","target":{"@type":"EntryPoint","urlTemplate":"https:\/\/thecowboyspin.com\/es\/?s={search_term_string}"},"query-input":{"@type":"PropertyValueSpecification","valueRequired":true,"valueName":"search_term_string"}}],"inLanguage":"es-ES"},{"@type":"Organization","@id":"https:\/\/thecowboyspin.com\/es\/#organization","name":"Cowboyspin","url":"https:\/\/thecowboyspin.com\/es\/","logo":{"@type":"ImageObject","inLanguage":"es-ES","@id":"https:\/\/thecowboyspin.com\/es\/#\/schema\/logo\/image\/","url":"https:\/\/thecowboyspin.com\/wp-content\/uploads\/2026\/03\/cowboyspin-logo.png","contentUrl":"https:\/\/thecowboyspin.com\/wp-content\/uploads\/2026\/03\/cowboyspin-logo.png","width":180,"height":66,"caption":"Cowboyspin"},"image":{"@id":"https:\/\/thecowboyspin.com\/es\/#\/schema\/logo\/image\/"}}]}},"_links":{"self":[{"href":"https:\/\/thecowboyspin.com\/es\/wp-json\/wp\/v2\/pages\/1449","targetHints":{"allow":["GET"]}}],"collection":[{"href":"https:\/\/thecowboyspin.com\/es\/wp-json\/wp\/v2\/pages"}],"about":[{"href":"https:\/\/thecowboyspin.com\/es\/wp-json\/wp\/v2\/types\/page"}],"author":[{"embeddable":true,"href":"https:\/\/thecowboyspin.com\/es\/wp-json\/wp\/v2\/users\/1"}],"replies":[{"embeddable":true,"href":"https:\/\/thecowboyspin.com\/es\/wp-json\/wp\/v2\/comments?post=1449"}],"version-history":[{"count":3,"href":"https:\/\/thecowboyspin.com\/es\/wp-json\/wp\/v2\/pages\/1449\/revisions"}],"predecessor-version":[{"id":2079,"href":"https:\/\/thecowboyspin.com\/es\/wp-json\/wp\/v2\/pages\/1449\/revisions\/2079"}],"wp:attachment":[{"href":"https:\/\/thecowboyspin.com\/es\/wp-json\/wp\/v2\/media?parent=1449"}],"curies":[{"name":"wp","href":"https:\/\/api.w.org\/{rel}","templated":true}]}}