{"id":1483,"date":"2026-01-20T12:11:11","date_gmt":"2026-01-20T12:11:11","guid":{"rendered":"https:\/\/bonuskongcasino.com\/login-and-registration\/"},"modified":"2026-03-24T12:32:13","modified_gmt":"2026-03-24T12:32:13","slug":"anmeldung-und-registrierung","status":"publish","type":"page","link":"https:\/\/thecowboyspin.com\/de\/anmeldung-und-registrierung\/","title":{"rendered":"Anmeldung und Registrierung"},"content":{"rendered":"<h1>Cowboyspin Kontoanmeldung und -Registrierung<\/h1>\n<p>Wenn Sie bereit sind, unsere coolen Funktionen zu nutzen und alle Ihre Lieblingsspiele um echtes Geld auszuprobieren, m\u00fcssen Sie nur den Cowboyspin Login abschlie\u00dfen. Das ist ein schneller Vorgang, f\u00fcr den Nutzer lediglich eine E-Mail-Adresse und ein Passwort ben\u00f6tigen. Achten Sie darauf, ein sicheres Passwort zu erstellen, um unbefugten Zugriff durch Dritte zu verhindern.<\/p>\n<p><div class=\"banner-wrap\" aria-label=\"Banner\"><img src=\"https:\/\/thecowboyspin.com\/wp-content\/uploads\/2026\/03\/banner-desktop2x.webp\" class=\"w-100 d-none d-lg-block img-pc main-banner-img\" alt=\"Cowboyspin bonus desktop\" fetchpriority=\"high\" decoding=\"async\"><img src=\"https:\/\/thecowboyspin.com\/wp-content\/uploads\/2026\/03\/banner-mobile2x.webp\" class=\"w-100 d-none d-md-block d-lg-none main-banner-img\" alt=\"Cowboyspin bonus mobile\" fetchpriority=\"high\" decoding=\"async\"><img src=\"https:\/\/thecowboyspin.com\/wp-content\/uploads\/2026\/03\/banner-mobile2x.webp\" class=\"w-100 d-md-none\" alt=\"Cowboyspin bonus mobile\" fetchpriority=\"high\" decoding=\"async\"><div class=\"banner-description\">\n<div class=\"banner-title\">Willkommensboni<\/div>\n<p class=\"banner-header-title\">1500 \u20ac<\/p>\n<div class=\"banner-header-AdditionalText\">+ 250 Freispiele<\/div>\n<button data-item=\"homepage_banner_link\" class=\"goto m-button m-gradient-border m-button--primary m-button--large banner-button btn-orange\">\n            <div class=\"m-button-content\">\n                <span>Jetzt anmelden<\/span>\n                <span><\/span>\n            <\/div>\n        <\/button>\n<\/div>\n<div class=\"WelcomePack\">\n<p><img loading=\"lazy\" decoding=\"async\" class=\"alignnone size-full wp-image-1853\" src=\"https:\/\/thecowboyspin.com\/wp-content\/uploads\/2026\/03\/welcome-crown.png\" alt=\"crown\" width=\"25\" height=\"26\" \/><\/p>\n<div class=\"WelcomePack-Info\">W\u00f6chentlicher Cashback von bis zu 25 %<\/div>\n<p><img loading=\"lazy\" decoding=\"async\" class=\"alignnone size-full wp-image-1853\" src=\"https:\/\/thecowboyspin.com\/wp-content\/uploads\/2026\/03\/welcome-crown.png\" alt=\"crown\" width=\"25\" height=\"26\" \/><\/p>\n<\/div>\n<\/div><div class=\"scrollable-content-wrap my-5\"><div class=\"scrollable-content-inner\"><h2>Vorteile der Registrierung bei Cowboyspin<\/h2>\n<p>Die Registrierung bei Cowboy Spin Casino ist der einzige Schritt, der Sie von all unseren Spielen, Boni, Auszahlungen und vielem mehr trennt. Ohne ein Konto auf unserer Plattform haben Sie nur die M\u00f6glichkeit, einige Titel im Demo-Modus zu spielen. Das ist eine gro\u00dfartige Gelegenheit, ohne Risiko etwas Neues auszuprobieren, aber Sie erhalten dadurch nicht das gesamte Casino-Erlebnis.<\/p>\n<p>Mit einem Konto k\u00f6nnen Nutzer sicher sein, dass alle ihre Pr\u00e4ferenzen und Einstellungen gespeichert werden. Der Registrierungsprozess steht allen Nutzern ab 18 Jahren offen. Wir verwenden spezielle Verschl\u00fcsselungs- und Tokenisierungssysteme, um alle Ihre Daten bei Cowboyspin zu sch\u00fctzen.<\/p>\n<h3>Wie erstelle ich ein Konto?<\/h3>\n<p>Unser Registrierungsprozess ist unkompliziert und kann innerhalb weniger Minuten abgeschlossen werden. Wir ben\u00f6tigen lediglich eine g\u00fcltige E-Mail-Adresse und ein Passwort. Wir empfehlen allen Spielern dringend, echte Angaben zu machen, da diese sp\u00e4ter im Rahmen des Verifizierungsprozesses \u00fcberpr\u00fcft werden. Befolgen Sie unsere nachstehenden Anweisungen, um ein Cowboyspin Casino Konto zu erstellen:<\/p>\n<ol>\n<li>Klicken Sie auf die Schaltfl\u00e4che \u201eRegistrieren\u201c oben auf der Hauptseite.<\/li>\n<li>Benutzer m\u00fcssen das bereitgestellte Registrierungsformular ausf\u00fcllen.<\/li>\n<li>Es ist erforderlich, den Allgemeinen Gesch\u00e4ftsbedingungen zuzustimmen und das Alter durch Anklicken der entsprechenden K\u00e4stchen zu best\u00e4tigen.<\/li>\n<li>Sie k\u00f6nnen einen Promo-Code eingeben, falls Sie einen haben.<\/li>\n<li>Nachdem Sie alle eingegebenen Informationen \u00fcberpr\u00fcft haben, senden Sie das Formular durch Klicken auf die Schaltfl\u00e4che am Ende ab.<\/li>\n<\/ol>\n<h2>Schnelle Anmeldung bei Cowboyspin<\/h2>\n<p>Nach Abschluss der Registrierung auf der Plattform m\u00fcssen Sie nur noch das Anmeldeverfahren bei Cowboyspin durchlaufen. Hier m\u00fcssen die Spieler die bei der Erstellung eines Kontos angegebenen Informationen verwenden. Wenn Sie mehrmals erfolglos versuchen, sich in Ihr Profil einzuloggen, kann dies als verd\u00e4chtige Aktivit\u00e4t wahrgenommen werden und Ihr Konto wird vor\u00fcbergehend gesperrt.<\/p>\n<p>Mit der Cowboy Spin Anmeldung haben Sie nicht nur Zugriff auf alle verf\u00fcgbaren Funktionen, sondern auch auf sehr wichtige Einstellungen, mit denen Sie Ihr Erlebnis personalisieren k\u00f6nnen. Benutzer k\u00f6nnen jederzeit ihre pers\u00f6nlichen Daten \u00e4ndern, den Aktivit\u00e4tsverlauf \u00fcberpr\u00fcfen, Tools f\u00fcr verantwortungsbewusstes Spielen aktivieren und vieles mehr.<\/p>\n<h3>Zur\u00fccksetzen pers\u00f6nlicher Daten<\/h3>\n<p>Es ist kein gro\u00dfes Problem, wenn Sie Ihre Anmeldedaten f\u00fcr Cowboyspin Casino vergessen haben. Auf unserer Plattform gibt es f\u00fcr jedes Problem eine L\u00f6sung. Wenn Sie Ihr Passwort vergessen haben, klicken Sie einfach auf den Link \u201ePasswort vergessen?\u201c im Cowboyspin-Anmeldeformular. Wir senden Ihnen dann einen speziellen Link zum Zur\u00fccksetzen.<\/p>\n<p>Wenn Sie Probleme haben, sich an Ihre E-Mail-Adresse zu erinnern, m\u00fcssen Sie sich \u00fcber den Live-Chat oder per E-Mail an unser mehrsprachiges Support-Team wenden. Die Cowboyspin-Manager \u00fcberpr\u00fcfen Ihre Identit\u00e4t und helfen Ihnen beim Zugriff auf Ihr Profil.<\/p>\n<p><img loading=\"lazy\" decoding=\"async\" class=\"alignnone size-full wp-image-1949\" src=\"https:\/\/thecowboyspin.com\/wp-content\/uploads\/2026\/03\/Cowboyspin.webp\" alt=\"Cowboyspin login\" width=\"1248\" height=\"536\" srcset=\"https:\/\/thecowboyspin.com\/wp-content\/uploads\/2026\/03\/Cowboyspin.webp 1248w, https:\/\/thecowboyspin.com\/wp-content\/uploads\/2026\/03\/Cowboyspin-300x129.webp 300w, https:\/\/thecowboyspin.com\/wp-content\/uploads\/2026\/03\/Cowboyspin-1024x440.webp 1024w, https:\/\/thecowboyspin.com\/wp-content\/uploads\/2026\/03\/Cowboyspin-768x330.webp 768w\" sizes=\"auto, (max-width: 1248px) 100vw, 1248px\" \/><\/p>\n<h2>Verifizierungsprozess bei Cowboyspin Casino<\/h2>\n<p>Bevor Sie Ihre erste Auszahlung bei Cowboy Spin vornehmen k\u00f6nnen, m\u00fcssen alle Nutzer ihre Identit\u00e4t verifizieren. Dazu m\u00fcssen Sie Fotos Ihrer pers\u00f6nlichen Dokumente hochladen. Dies ist ein wichtiger Schritt f\u00fcr uns, um Betrug zu verhindern und eine sichere Plattform zu gew\u00e4hrleisten. In der folgenden Tabelle finden Sie weitere Informationen zu den erforderlichen Dokumenten.<\/p>\n<table>\n<tbody>\n<tr>\n<td>Art der Verifizierung<\/td>\n<td>Akzeptierte Dokumente<\/td>\n<td>Details<\/td>\n<\/tr>\n<tr>\n<td>Identit\u00e4tsverifizierung<\/td>\n<td>Reisepass, Personalausweis, F\u00fchrerschein<\/td>\n<td>Muss g\u00fcltig und nicht abgelaufen sein; Foto und Angaben m\u00fcssen deutlich sichtbar sein<\/td>\n<\/tr>\n<tr>\n<td>Adressnachweis<\/td>\n<td>Strom-, Gas- oder Wasserrechnung, Kontoauszug, beh\u00f6rdliches Schreiben, Steuerbescheid<\/td>\n<td>Muss innerhalb der letzten 3 Monate ausgestellt worden sein und den vollst\u00e4ndigen Namen und die vollst\u00e4ndige Adresse enthalten<\/td>\n<\/tr>\n<tr>\n<td>\u00dcberpr\u00fcfung der Zahlungsmethode<\/td>\n<td>Foto der Debit-\/Kreditkarte, Screenshot der E-Wallet-Kontoseite, Kontoauszug, Screenshot des Online-Bankings mit IBAN und Name<\/td>\n<td>Der Name muss mit dem Cowboyspin Casino Konto \u00fcbereinstimmen<\/td>\n<\/tr>\n<\/tbody>\n<\/table>\n<h2>FAQ<\/h2>\n<h3>Was sind die Voraussetzungen f\u00fcr die Erstellung eines Kontos bei Cowboy Spin?<\/h3>\n<p>Die Anmeldung bei Cowboyspin ist f\u00fcr alle Spieler ab 18 Jahren m\u00f6glich. Jede Person darf nur ein Profil auf der Website haben. Deshalb m\u00fcssen Sie kein neues Konto erstellen, wenn Sie auf verschiedenen Ger\u00e4ten spielen.<\/p>\n<h3>Wie werden Konten und pers\u00f6nliche Daten gesch\u00fctzt?<\/h3>\n<p>Wir verwenden innovative 1.3 TLS-Verschl\u00fcsselung, um alle Ihre pers\u00f6nlichen Daten und Zahlungsinformationen zu sch\u00fctzen. Alle Benutzer mit einem Konto k\u00f6nnen die Zwei-Faktor-Authentifizierung aktivieren, um ein zus\u00e4tzliches Sicherheitsniveau zu erhalten.<\/p>\n<h3>Kann ich mich manuell von allen Ger\u00e4ten abmelden?<\/h3>\n<p>Eine solche Funktion ist in Ihren Kontoeinstellungen verf\u00fcgbar. Sie k\u00f6nnen sich auch an unseren Kundendienst wenden, um Hilfe bei diesem Vorgang zu erhalten.<\/p>\n<\/div><\/div><\/p>\n","protected":false},"excerpt":{"rendered":"<p>Cowboyspin Kontoanmeldung und -Registrierung Wenn Sie bereit sind, unsere coolen Funktionen zu nutzen und alle Ihre Lieblingsspiele um echtes Geld auszuprobieren, m\u00fcssen Sie nur den Cowboyspin Login abschlie\u00dfen. Das ist ein schneller Vorgang, f\u00fcr den Nutzer lediglich eine E-Mail-Adresse und ein Passwort ben\u00f6tigen. Achten Sie darauf, ein sicheres Passwort zu erstellen, um unbefugten Zugriff durch [&hellip;]<\/p>\n","protected":false},"author":1,"featured_media":0,"parent":0,"menu_order":0,"comment_status":"closed","ping_status":"closed","template":"template-builder.php","meta":{"_acf_changed":false,"inline_featured_image":false,"footnotes":""},"class_list":["post-1483","page","type-page","status-publish","hentry"],"acf":[],"yoast_head":"<!-- This site is optimized with the Yoast SEO plugin v27.3 - https:\/\/yoast.com\/product\/yoast-seo-wordpress\/ -->\n<title>Cowboyspin-Login \u2013 Sicherer Zugriff auf Registrierung und Anmeldung<\/title>\n<meta name=\"description\" content=\"Cowboyspin-Anmeldung \u2013 Greifen Sie sicher auf Ihr Konto zu oder erstellen Sie in wenigen Minuten ein neues Konto. Verwalten Sie die Verifizierung, die Passwortwiederherstellung und die Kontoeinstellungen ganz einfach in Cowboyspin.\" \/>\n<meta name=\"robots\" content=\"index, follow, max-snippet:-1, max-image-preview:large, max-video-preview:-1\" \/>\n<link rel=\"canonical\" href=\"https:\/\/thecowboyspin.com\/de\/anmeldung-und-registrierung\/\" \/>\n<meta property=\"og:locale\" content=\"de_DE\" \/>\n<meta property=\"og:type\" content=\"article\" \/>\n<meta property=\"og:title\" content=\"Cowboyspin-Login \u2013 Sicherer Zugriff auf Registrierung und Anmeldung\" \/>\n<meta property=\"og:description\" content=\"Cowboyspin-Anmeldung \u2013 Greifen Sie sicher auf Ihr Konto zu oder erstellen Sie in wenigen Minuten ein neues Konto. Verwalten Sie die Verifizierung, die Passwortwiederherstellung und die Kontoeinstellungen ganz einfach in Cowboyspin.\" \/>\n<meta property=\"og:url\" content=\"https:\/\/thecowboyspin.com\/de\/anmeldung-und-registrierung\/\" \/>\n<meta property=\"og:site_name\" content=\"cowboyspin\" \/>\n<meta property=\"article:modified_time\" content=\"2026-03-24T12:32:13+00:00\" \/>\n<meta name=\"twitter:card\" content=\"summary_large_image\" \/>\n<meta name=\"twitter:label1\" content=\"Gesch\u00e4tzte Lesezeit\" \/>\n\t<meta name=\"twitter:data1\" content=\"1\u00a0Minute\" \/>\n<script type=\"application\/ld+json\" class=\"yoast-schema-graph\">{\"@context\":\"https:\\\/\\\/schema.org\",\"@graph\":[{\"@type\":\"WebPage\",\"@id\":\"https:\\\/\\\/thecowboyspin.com\\\/de\\\/anmeldung-und-registrierung\\\/\",\"url\":\"https:\\\/\\\/thecowboyspin.com\\\/de\\\/anmeldung-und-registrierung\\\/\",\"name\":\"Cowboyspin-Login \u2013 Sicherer Zugriff auf Registrierung und Anmeldung\",\"isPartOf\":{\"@id\":\"https:\\\/\\\/thecowboyspin.com\\\/de\\\/#website\"},\"datePublished\":\"2026-01-20T12:11:11+00:00\",\"dateModified\":\"2026-03-24T12:32:13+00:00\",\"description\":\"Cowboyspin-Anmeldung \u2013 Greifen Sie sicher auf Ihr Konto zu oder erstellen Sie in wenigen Minuten ein neues Konto. Verwalten Sie die Verifizierung, die Passwortwiederherstellung und die Kontoeinstellungen ganz einfach in Cowboyspin.\",\"breadcrumb\":{\"@id\":\"https:\\\/\\\/thecowboyspin.com\\\/de\\\/anmeldung-und-registrierung\\\/#breadcrumb\"},\"inLanguage\":\"de\",\"potentialAction\":[{\"@type\":\"ReadAction\",\"target\":[\"https:\\\/\\\/thecowboyspin.com\\\/de\\\/anmeldung-und-registrierung\\\/\"]}]},{\"@type\":\"BreadcrumbList\",\"@id\":\"https:\\\/\\\/thecowboyspin.com\\\/de\\\/anmeldung-und-registrierung\\\/#breadcrumb\",\"itemListElement\":[{\"@type\":\"ListItem\",\"position\":1,\"name\":\"Cowboyspin\",\"item\":\"https:\\\/\\\/thecowboyspin.com\\\/de\\\/\"},{\"@type\":\"ListItem\",\"position\":2,\"name\":\"Anmeldung und Registrierung\"}]},{\"@type\":\"WebSite\",\"@id\":\"https:\\\/\\\/thecowboyspin.com\\\/de\\\/#website\",\"url\":\"https:\\\/\\\/thecowboyspin.com\\\/de\\\/\",\"name\":\"Cowboyspin\",\"description\":\"\",\"publisher\":{\"@id\":\"https:\\\/\\\/thecowboyspin.com\\\/de\\\/#organization\"},\"potentialAction\":[{\"@type\":\"SearchAction\",\"target\":{\"@type\":\"EntryPoint\",\"urlTemplate\":\"https:\\\/\\\/thecowboyspin.com\\\/de\\\/?s={search_term_string}\"},\"query-input\":{\"@type\":\"PropertyValueSpecification\",\"valueRequired\":true,\"valueName\":\"search_term_string\"}}],\"inLanguage\":\"de\"},{\"@type\":\"Organization\",\"@id\":\"https:\\\/\\\/thecowboyspin.com\\\/de\\\/#organization\",\"name\":\"Cowboyspin\",\"url\":\"https:\\\/\\\/thecowboyspin.com\\\/de\\\/\",\"logo\":{\"@type\":\"ImageObject\",\"inLanguage\":\"de\",\"@id\":\"https:\\\/\\\/thecowboyspin.com\\\/de\\\/#\\\/schema\\\/logo\\\/image\\\/\",\"url\":\"https:\\\/\\\/thecowboyspin.com\\\/wp-content\\\/uploads\\\/2026\\\/03\\\/cowboyspin-logo.png\",\"contentUrl\":\"https:\\\/\\\/thecowboyspin.com\\\/wp-content\\\/uploads\\\/2026\\\/03\\\/cowboyspin-logo.png\",\"width\":180,\"height\":66,\"caption\":\"Cowboyspin\"},\"image\":{\"@id\":\"https:\\\/\\\/thecowboyspin.com\\\/de\\\/#\\\/schema\\\/logo\\\/image\\\/\"}}]}<\/script>\n<!-- \/ Yoast SEO plugin. -->","yoast_head_json":{"title":"Cowboyspin-Login \u2013 Sicherer Zugriff auf Registrierung und Anmeldung","description":"Cowboyspin-Anmeldung \u2013 Greifen Sie sicher auf Ihr Konto zu oder erstellen Sie in wenigen Minuten ein neues Konto. Verwalten Sie die Verifizierung, die Passwortwiederherstellung und die Kontoeinstellungen ganz einfach in Cowboyspin.","robots":{"index":"index","follow":"follow","max-snippet":"max-snippet:-1","max-image-preview":"max-image-preview:large","max-video-preview":"max-video-preview:-1"},"canonical":"https:\/\/thecowboyspin.com\/de\/anmeldung-und-registrierung\/","og_locale":"de_DE","og_type":"article","og_title":"Cowboyspin-Login \u2013 Sicherer Zugriff auf Registrierung und Anmeldung","og_description":"Cowboyspin-Anmeldung \u2013 Greifen Sie sicher auf Ihr Konto zu oder erstellen Sie in wenigen Minuten ein neues Konto. Verwalten Sie die Verifizierung, die Passwortwiederherstellung und die Kontoeinstellungen ganz einfach in Cowboyspin.","og_url":"https:\/\/thecowboyspin.com\/de\/anmeldung-und-registrierung\/","og_site_name":"cowboyspin","article_modified_time":"2026-03-24T12:32:13+00:00","twitter_card":"summary_large_image","twitter_misc":{"Gesch\u00e4tzte Lesezeit":"1\u00a0Minute"},"schema":{"@context":"https:\/\/schema.org","@graph":[{"@type":"WebPage","@id":"https:\/\/thecowboyspin.com\/de\/anmeldung-und-registrierung\/","url":"https:\/\/thecowboyspin.com\/de\/anmeldung-und-registrierung\/","name":"Cowboyspin-Login \u2013 Sicherer Zugriff auf Registrierung und Anmeldung","isPartOf":{"@id":"https:\/\/thecowboyspin.com\/de\/#website"},"datePublished":"2026-01-20T12:11:11+00:00","dateModified":"2026-03-24T12:32:13+00:00","description":"Cowboyspin-Anmeldung \u2013 Greifen Sie sicher auf Ihr Konto zu oder erstellen Sie in wenigen Minuten ein neues Konto. Verwalten Sie die Verifizierung, die Passwortwiederherstellung und die Kontoeinstellungen ganz einfach in Cowboyspin.","breadcrumb":{"@id":"https:\/\/thecowboyspin.com\/de\/anmeldung-und-registrierung\/#breadcrumb"},"inLanguage":"de","potentialAction":[{"@type":"ReadAction","target":["https:\/\/thecowboyspin.com\/de\/anmeldung-und-registrierung\/"]}]},{"@type":"BreadcrumbList","@id":"https:\/\/thecowboyspin.com\/de\/anmeldung-und-registrierung\/#breadcrumb","itemListElement":[{"@type":"ListItem","position":1,"name":"Cowboyspin","item":"https:\/\/thecowboyspin.com\/de\/"},{"@type":"ListItem","position":2,"name":"Anmeldung und Registrierung"}]},{"@type":"WebSite","@id":"https:\/\/thecowboyspin.com\/de\/#website","url":"https:\/\/thecowboyspin.com\/de\/","name":"Cowboyspin","description":"","publisher":{"@id":"https:\/\/thecowboyspin.com\/de\/#organization"},"potentialAction":[{"@type":"SearchAction","target":{"@type":"EntryPoint","urlTemplate":"https:\/\/thecowboyspin.com\/de\/?s={search_term_string}"},"query-input":{"@type":"PropertyValueSpecification","valueRequired":true,"valueName":"search_term_string"}}],"inLanguage":"de"},{"@type":"Organization","@id":"https:\/\/thecowboyspin.com\/de\/#organization","name":"Cowboyspin","url":"https:\/\/thecowboyspin.com\/de\/","logo":{"@type":"ImageObject","inLanguage":"de","@id":"https:\/\/thecowboyspin.com\/de\/#\/schema\/logo\/image\/","url":"https:\/\/thecowboyspin.com\/wp-content\/uploads\/2026\/03\/cowboyspin-logo.png","contentUrl":"https:\/\/thecowboyspin.com\/wp-content\/uploads\/2026\/03\/cowboyspin-logo.png","width":180,"height":66,"caption":"Cowboyspin"},"image":{"@id":"https:\/\/thecowboyspin.com\/de\/#\/schema\/logo\/image\/"}}]}},"_links":{"self":[{"href":"https:\/\/thecowboyspin.com\/de\/wp-json\/wp\/v2\/pages\/1483","targetHints":{"allow":["GET"]}}],"collection":[{"href":"https:\/\/thecowboyspin.com\/de\/wp-json\/wp\/v2\/pages"}],"about":[{"href":"https:\/\/thecowboyspin.com\/de\/wp-json\/wp\/v2\/types\/page"}],"author":[{"embeddable":true,"href":"https:\/\/thecowboyspin.com\/de\/wp-json\/wp\/v2\/users\/1"}],"replies":[{"embeddable":true,"href":"https:\/\/thecowboyspin.com\/de\/wp-json\/wp\/v2\/comments?post=1483"}],"version-history":[{"count":3,"href":"https:\/\/thecowboyspin.com\/de\/wp-json\/wp\/v2\/pages\/1483\/revisions"}],"predecessor-version":[{"id":2048,"href":"https:\/\/thecowboyspin.com\/de\/wp-json\/wp\/v2\/pages\/1483\/revisions\/2048"}],"wp:attachment":[{"href":"https:\/\/thecowboyspin.com\/de\/wp-json\/wp\/v2\/media?parent=1483"}],"curies":[{"name":"wp","href":"https:\/\/api.w.org\/{rel}","templated":true}]}}