{"id":1442,"date":"2026-01-20T12:08:23","date_gmt":"2026-01-20T12:08:23","guid":{"rendered":"https:\/\/bonuskongcasino.com\/app-2\/"},"modified":"2026-03-24T12:29:00","modified_gmt":"2026-03-24T12:29:00","slug":"app","status":"publish","type":"page","link":"https:\/\/thecowboyspin.com\/de\/app\/","title":{"rendered":"App"},"content":{"rendered":"<h1>Cowboy Spin Mobile Plattform<\/h1>\n<p>Die Cowboyspin App bietet allen unseren Kunden die M\u00f6glichkeit, nicht durch ihren Standort und ihr Ger\u00e4t eingeschr\u00e4nkt zu sein. Sie k\u00f6nnen ganz einfach auf Ihrem Smartphone oder Tablet spielen und zu einem PC oder Laptop wechseln, wenn es f\u00fcr Sie bequemer ist. Alle Ihre Lieblingsspiele sind unterwegs verf\u00fcgbar, mit schneller Ladezeit und fl\u00fcssigem Gameplay.<\/p>\n<div class=\"banner-wrap\" aria-label=\"Banner\"><img src=\"https:\/\/thecowboyspin.com\/wp-content\/uploads\/2026\/03\/banner-desktop2x.webp\" class=\"w-100 d-none d-lg-block img-pc main-banner-img\" alt=\"Cowboyspin bonus desktop\" fetchpriority=\"high\" decoding=\"async\"><img src=\"https:\/\/thecowboyspin.com\/wp-content\/uploads\/2026\/03\/banner-mobile2x.webp\" class=\"w-100 d-none d-md-block d-lg-none main-banner-img\" alt=\"Cowboyspin bonus mobile\" fetchpriority=\"high\" decoding=\"async\"><img src=\"https:\/\/thecowboyspin.com\/wp-content\/uploads\/2026\/03\/banner-mobile2x.webp\" class=\"w-100 d-md-none\" alt=\"Cowboyspin bonus mobile\" fetchpriority=\"high\" decoding=\"async\"><div class=\"banner-description\">\n<div class=\"banner-title\">Willkommensboni<\/div>\n<p class=\"banner-header-title\">1500 \u20ac<\/p>\n<div class=\"banner-header-AdditionalText\">+ 250 Freispiele<\/div>\n<button data-item=\"homepage_banner_link\" class=\"goto m-button m-gradient-border m-button--primary m-button--large banner-button btn-orange\">\n            <div class=\"m-button-content\">\n                <span>Jetzt anmelden<\/span>\n                <span><\/span>\n            <\/div>\n        <\/button>\n<\/div>\n<div class=\"WelcomePack\">\n<p><img loading=\"lazy\" decoding=\"async\" class=\"alignnone size-full wp-image-1853\" src=\"https:\/\/thecowboyspin.com\/wp-content\/uploads\/2026\/03\/welcome-crown.png\" alt=\"crown\" width=\"25\" height=\"26\" \/><\/p>\n<div class=\"WelcomePack-Info\">W\u00f6chentlicher Cashback von bis zu 25 %<\/div>\n<p><img loading=\"lazy\" decoding=\"async\" class=\"alignnone size-full wp-image-1853\" src=\"https:\/\/thecowboyspin.com\/wp-content\/uploads\/2026\/03\/welcome-crown.png\" alt=\"crown\" width=\"25\" height=\"26\" \/><\/p>\n<\/div>\n<\/div>\n<h2>Warum sollten Sie sich f\u00fcr die Cowboyspin App entscheiden?<\/h2>\n<p>Wir bei Cowboyspin Casino wissen, wie wichtig es f\u00fcr moderne Spieler ist, von \u00fcberall aus online zu sein. Nutzer bevorzugen es, ihre Unterhaltungsquellen auf einem mobilen Ger\u00e4t zu haben. Unser Online-Casino bietet mehrere Optionen, um dies zu erm\u00f6glichen. Nutzer k\u00f6nnen einfach die mobile Browser-Version der Website genie\u00dfen oder eine benutzerfreundliche Cowboy Spin App installieren.<\/p>\n<p>Wir garantieren Ihnen, dass beide Optionen Ihnen ein umfassendes Spielerlebnis bieten, ohne dass Sie auf Funktionen verzichten m\u00fcssen, die Ihnen auf dem Desktop zur Verf\u00fcgung stehen. Es erwarten Sie dieselben Prozesse und Funktionen, die jedoch f\u00fcr Smartphones und Tablets optimiert wurden.<\/p>\n<h3>Sicherheitsma\u00dfnahmen f\u00fcr mobile Spieler<\/h3>\n<p>Neue Nutzer haben m\u00f6glicherweise Bedenken, eine neue Anwendung auf ihren Ger\u00e4ten zu installieren und pers\u00f6nliche Daten sowie Zahlungsinformationen anzugeben. Cowboyspin verf\u00fcgt \u00fcber die offizielle eGaming-Lizenz der Cura\u00e7ao Gaming Control Board. Wir verwenden ein innovatives 256-Bit-AES-Verschl\u00fcsselungssystem, um alle Ihre Daten zu sch\u00fctzen. Die Webanwendungs-Firewalls helfen uns dabei, die mobile Software vor potenziellen Hackerangriffen zu sch\u00fctzen. Auf Ihrem Mobilger\u00e4t k\u00f6nnen Sie die biometrische Anmeldung (Face ID, Touch ID) aktivieren.<\/p>\n<p><div class=\"scrollable-content-wrap my-5\"><div class=\"scrollable-content-inner\"><h2>Mobile Software f\u00fcr Android<\/h2>\n<p>Alle unsere Android-Kunden k\u00f6nnen ein nahtloses Erlebnis auf ihren Mobilger\u00e4ten genie\u00dfen. Sie erhalten Zugriff auf die gesamte Cowboy Spin Spielesammlung mit \u00fcber 6.000 Titeln. Es gibt Online-Slots, Live-Casinospiele, Tischspiele, Crash-Titel und vieles mehr. In unserem mobilen Casino sind alle Titel an kleinere Bildschirmgr\u00f6\u00dfen angepasst. Wir verwenden eine spezielle Touch-Control-Funktion, um die Prozesse bequem und unterhaltsam zu gestalten.<\/p>\n<p>Die Cowboyspin App kann direkt von unserer Website installiert werden. Sie erfordert eine stabile Internetverbindung (Wi-Fi, 4G oder 5G) und Ihr mobiles Ger\u00e4t. Befolgen Sie unsere Anweisungen unten, um alles schnell und einfach zu erledigen:<\/p>\n<ol>\n<li>Benutzer m\u00fcssen zum Hauptmen\u00fc der Website gehen.<\/li>\n<li>Klicken Sie auf die Schaltfl\u00e4che \u201eCasino-App\u201c.<\/li>\n<li>Auf der neuen Seite m\u00fcssen Sie \u201eInstallieren\u201c ausw\u00e4hlen.<\/li>\n<li>Das Marken-Symbol erscheint innerhalb weniger Sekunden auf Ihrem Startbildschirm.<\/li>\n<\/ol>\n<p><img loading=\"lazy\" decoding=\"async\" class=\"alignnone size-full wp-image-1925\" src=\"https:\/\/thecowboyspin.com\/wp-content\/uploads\/2026\/03\/Cowboyspin-Android-App.webp\" alt=\"Cowboyspin Android App\" width=\"1248\" height=\"536\" srcset=\"https:\/\/thecowboyspin.com\/wp-content\/uploads\/2026\/03\/Cowboyspin-Android-App.webp 1248w, https:\/\/thecowboyspin.com\/wp-content\/uploads\/2026\/03\/Cowboyspin-Android-App-300x129.webp 300w, https:\/\/thecowboyspin.com\/wp-content\/uploads\/2026\/03\/Cowboyspin-Android-App-1024x440.webp 1024w, https:\/\/thecowboyspin.com\/wp-content\/uploads\/2026\/03\/Cowboyspin-Android-App-768x330.webp 768w\" sizes=\"auto, (max-width: 1248px) 100vw, 1248px\" \/><\/p>\n<\/div><\/div><div style=\"clear: both\"><\/div><div class=\"d-flex justify-content-center\"><button data-item=\"decouvrez_link\" data-group=\"website_links\" class=\"goto fw-bold rounded-pill btn btn-orange\" aria-label=\"Laden Sie die Cowboyspin-App herunter\" >Laden Sie die Cowboyspin-App herunter<\/button><\/div><div class=\"scrollable-content-wrap my-5\"><div class=\"scrollable-content-inner\"><h2>Unterwegs spielen auf iOS<\/h2>\n<p>Cowboyspin Casino ist auch f\u00fcr Nutzer von iOS-Ger\u00e4ten verf\u00fcgbar. Sie k\u00f6nnen es ohne Installation in Firefox oder Google Chrome verwenden. Wenn Sie bereits unser Desktop-Spieler sind, wird Ihnen das Design und die Navigation vertraut sein. Benutzer m\u00fcssen sich lediglich in ihr bestehendes Konto einloggen. Eine zus\u00e4tzliche Registrierung ist nicht erforderlich. Wenn Sie jedoch Ihre erste Auszahlung auf einem mobilen Ger\u00e4t vornehmen m\u00f6chten, m\u00fcssen Sie dennoch den Verifizierungsprozess durchlaufen.<\/p>\n<p>Eine weitere Option ist die Cowboyspin App. Mit ihr k\u00f6nnen Sie mit nur einem Klick vom Startbildschirm aus auf alle Ihre Lieblingsfunktionen zugreifen. Wenn Sie Fragen zur mobilen Software haben, k\u00f6nnen Sie sich \u00fcber den integrierten Live-Chat an unser Support-Team wenden. Benutzer k\u00f6nnen uns auch eine E-Mail senden, wenn dies bequemer ist.<\/p>\n<h3>Wie installiere ich die Anwendung?<\/h3>\n<p>Die Installation der Software auf einem iPhone oder iPad ist ganz einfach. Wir bieten unseren Kunden eine progressive Web-App (PWA), die nicht viel Speicherplatz auf Ihrem Ger\u00e4t beansprucht. Benutzer m\u00fcssen keine zus\u00e4tzlichen Konten im App Store erstellen, da Cowboyspin von unserer Website aus installiert werden kann.<\/p>\n<p>Wenn Sie bereit sind, die Anwendung auszuprobieren, besuchen Sie unsere Seite auf Ihrem Smartphone oder Tablet in einem beliebigen Browser, zum Beispiel Safari. Klicken Sie auf die Schaltfl\u00e4che \u201eTeilen\u201c am unteren Rand Ihres Bildschirms, um die Browser-Optionen zu \u00f6ffnen. W\u00e4hlen Sie \u201eZum Startbildschirm hinzuf\u00fcgen\u201c, um ein Verkn\u00fcpfungssymbol zu erstellen. Die Spieler von Cowboy Spin Casino k\u00f6nnen den Namen oder das Aussehen des Symbols bei Bedarf \u00e4ndern.<\/p>\n<p><img loading=\"lazy\" decoding=\"async\" class=\"alignnone size-full wp-image-1933\" src=\"https:\/\/thecowboyspin.com\/wp-content\/uploads\/2026\/03\/Cowboyspin-iOS-App.webp\" alt=\"Cowboyspin iOS App\" width=\"1248\" height=\"536\" srcset=\"https:\/\/thecowboyspin.com\/wp-content\/uploads\/2026\/03\/Cowboyspin-iOS-App.webp 1248w, https:\/\/thecowboyspin.com\/wp-content\/uploads\/2026\/03\/Cowboyspin-iOS-App-300x129.webp 300w, https:\/\/thecowboyspin.com\/wp-content\/uploads\/2026\/03\/Cowboyspin-iOS-App-1024x440.webp 1024w, https:\/\/thecowboyspin.com\/wp-content\/uploads\/2026\/03\/Cowboyspin-iOS-App-768x330.webp 768w\" sizes=\"auto, (max-width: 1248px) 100vw, 1248px\" \/><\/p>\n<\/div><\/div><div style=\"clear: both\"><\/div><div class=\"d-flex justify-content-center\"><button data-item=\"decouvrez_link\" data-group=\"website_links\" class=\"goto fw-bold rounded-pill btn btn-orange\" aria-label=\"Cowboyspin herunterladen\" >Cowboyspin herunterladen<\/button><\/div><div class=\"scrollable-content-wrap my-5\"><div class=\"scrollable-content-inner\"><h2>Cowboyspin Casino auf Ihrem PC<\/h2>\n<p>Auch wenn mobiles Spielen immer beliebter wird, spielen viele Nutzer lieber auf gro\u00dfen Bildschirmen in der Gem\u00fctlichkeit ihres Zuhauses. Wir schr\u00e4nken Sie nicht ein und bieten eine vollst\u00e4ndig optimierte Cowboyspin-Desktop-Version f\u00fcr Windows und macOS. Nachdem Sie sich in Ihrem Konto angemeldet haben, werden alle Ihre Einstellungen, Erfolge und Ihr Guthaben auf allen Ger\u00e4ten synchronisiert. Die folgende Tabelle zeigt die wichtigsten Unterschiede zwischen dem Spielen auf einem Mobilger\u00e4t und einem Desktop-Computer.<\/p>\n<table>\n<tbody>\n<tr>\n<td>Aspekt<\/td>\n<td>Spielen auf Mobilger\u00e4ten<\/td>\n<td>Spielen auf einem Desktop<\/td>\n<\/tr>\n<tr>\n<td>Bildschirmdarstellung<\/td>\n<td>Der kompakte Bildschirm ist f\u00fcr die Touch-Navigation und kurze Spielsitzungen optimiert.<\/td>\n<td>Gr\u00f6\u00dferes Display bietet eine detailliertere Ansicht von Spielen und Benutzeroberfl\u00e4chen<\/td>\n<\/tr>\n<tr>\n<td>Steuerung<\/td>\n<td>Die Touchscreen-Steuerung funktioniert durch Tippen und Wischen<\/td>\n<td>Maus und Tastatur erm\u00f6glichen eine pr\u00e4zise Steuerung und Navigation<\/td>\n<\/tr>\n<tr>\n<td>Mobil<\/td>\n<td>Sie k\u00f6nnen \u00fcberall spielen, wo eine Internetverbindung besteht<\/td>\n<td>Benutzer sind in der Regel darauf beschr\u00e4nkt, zu Hause oder am Schreibtisch zu spielen<\/td>\n<\/tr>\n<tr>\n<td>Leistung<\/td>\n<td>Optimierte mobile Versionen sorgen f\u00fcr fl\u00fcssiges Gameplay auf kleineren Ger\u00e4ten<\/td>\n<td>Mit leistungsst\u00e4rkerer Hardware und stabilen Verbindungen ist es oft etwas schneller<\/td>\n<\/tr>\n<tr>\n<td>Immersion<\/td>\n<td>Praktisch f\u00fcr kurze Spielsitzungen unterwegs<\/td>\n<td>Immersiver dank gr\u00f6\u00dferem Bildschirm und vollst\u00e4ndiger Sichtbarkeit der Benutzeroberfl\u00e4che<\/td>\n<\/tr>\n<\/tbody>\n<\/table>\n<p><img loading=\"lazy\" decoding=\"async\" class=\"alignnone size-full wp-image-1941\" src=\"https:\/\/thecowboyspin.com\/wp-content\/uploads\/2026\/03\/Cowboyspin-Desktop.webp\" alt=\"Cowboyspin Desktop\" width=\"1248\" height=\"536\" srcset=\"https:\/\/thecowboyspin.com\/wp-content\/uploads\/2026\/03\/Cowboyspin-Desktop.webp 1248w, https:\/\/thecowboyspin.com\/wp-content\/uploads\/2026\/03\/Cowboyspin-Desktop-300x129.webp 300w, https:\/\/thecowboyspin.com\/wp-content\/uploads\/2026\/03\/Cowboyspin-Desktop-1024x440.webp 1024w, https:\/\/thecowboyspin.com\/wp-content\/uploads\/2026\/03\/Cowboyspin-Desktop-768x330.webp 768w\" sizes=\"auto, (max-width: 1248px) 100vw, 1248px\" \/><\/p>\n<\/div><\/div><div style=\"clear: both\"><\/div><div class=\"d-flex justify-content-center\"><button data-item=\"decouvrez_link\" data-group=\"website_links\" class=\"goto fw-bold rounded-pill btn btn-orange\" aria-label=\"Laden Sie die Cowboyspin-App herunter\" >Laden Sie die Cowboyspin-App herunter<\/button><\/div><div class=\"scrollable-content-wrap my-5\"><div class=\"scrollable-content-inner\"><h2>FAQ<\/h2>\n<h3>Kann ich nahtlos zwischen dem Desktop und der Cowboyspin Casino App wechseln?<\/h3>\n<p>Unsere Kunden k\u00f6nnen sowohl auf der Desktop- als auch auf der mobilen Version von Cowboy Spin spielen, jedoch nicht gleichzeitig. Sie sollten dasselbe Konto verwenden, um Ihre Daten zwischen den Ger\u00e4ten zu synchronisieren.<\/p>\n<h3>Was soll ich tun, wenn die App w\u00e4hrend der Spielsitzung abst\u00fcrzt?<\/h3>\n<p>Wenn die Cowboyspin App nicht mehr funktioniert oder St\u00f6rungen aufweist, \u00fcberpr\u00fcfen Sie Ihre Internetverbindung und starten Sie die mobile Software neu. Wenn das Problem weiterhin besteht, wenden Sie sich bitte per Live-Chat oder E-Mail an unseren Kundendienst.<\/p>\n<h3>Sind die Zahlungsmethoden und -prozesse auf Mobilger\u00e4ten dieselben?<\/h3>\n<p>Nach Abschluss der Registrierung k\u00f6nnen Sie ganz einfach Ein- und Auszahlungen auf Ihrem Mobilger\u00e4t vornehmen. Die Prozesse sind identisch. Sie k\u00f6nnen zwischen Bankkarten, Kryptow\u00e4hrungen, E-Wallets und Bank\u00fcberweisungen w\u00e4hlen.<\/p>\n<\/div><\/div><\/p>\n","protected":false},"excerpt":{"rendered":"<p>Cowboy Spin Mobile Plattform Die Cowboyspin App bietet allen unseren Kunden die M\u00f6glichkeit, nicht durch ihren Standort und ihr Ger\u00e4t eingeschr\u00e4nkt zu sein. Sie k\u00f6nnen ganz einfach auf Ihrem Smartphone oder Tablet spielen und zu einem PC oder Laptop wechseln, wenn es f\u00fcr Sie bequemer ist. Alle Ihre Lieblingsspiele sind unterwegs verf\u00fcgbar, mit schneller Ladezeit [&hellip;]<\/p>\n","protected":false},"author":1,"featured_media":0,"parent":0,"menu_order":0,"comment_status":"closed","ping_status":"closed","template":"template-builder.php","meta":{"_acf_changed":false,"inline_featured_image":false,"footnotes":""},"class_list":["post-1442","page","type-page","status-publish","hentry"],"acf":[],"yoast_head":"<!-- This site is optimized with the Yoast SEO plugin v27.3 - https:\/\/yoast.com\/product\/yoast-seo-wordpress\/ -->\n<title>Cowboyspin App herunterladen | iOS, Android und Desktop<\/title>\n<meta name=\"description\" content=\"Installieren Sie die Cowboyspin-App auf iOS, Android, Windows und macOS, um \u00fcber 6000 Casinospiele \u00fcberall zu spielen. Reibungslose Leistung, Kontosynchronisierung und Support rund um die Uhr \u2013 alles in Cowboyspin.\" \/>\n<meta name=\"robots\" content=\"index, follow, max-snippet:-1, max-image-preview:large, max-video-preview:-1\" \/>\n<link rel=\"canonical\" href=\"https:\/\/thecowboyspin.com\/de\/app\/\" \/>\n<meta property=\"og:locale\" content=\"de_DE\" \/>\n<meta property=\"og:type\" content=\"article\" \/>\n<meta property=\"og:title\" content=\"Cowboyspin App herunterladen | iOS, Android und Desktop\" \/>\n<meta property=\"og:description\" content=\"Installieren Sie die Cowboyspin-App auf iOS, Android, Windows und macOS, um \u00fcber 6000 Casinospiele \u00fcberall zu spielen. Reibungslose Leistung, Kontosynchronisierung und Support rund um die Uhr \u2013 alles in Cowboyspin.\" \/>\n<meta property=\"og:url\" content=\"https:\/\/thecowboyspin.com\/de\/app\/\" \/>\n<meta property=\"og:site_name\" content=\"cowboyspin\" \/>\n<meta property=\"article:modified_time\" content=\"2026-03-24T12:29:00+00:00\" \/>\n<meta name=\"twitter:card\" content=\"summary_large_image\" \/>\n<meta name=\"twitter:label1\" content=\"Gesch\u00e4tzte Lesezeit\" \/>\n\t<meta name=\"twitter:data1\" content=\"2\u00a0Minuten\" \/>\n<script type=\"application\/ld+json\" class=\"yoast-schema-graph\">{\"@context\":\"https:\\\/\\\/schema.org\",\"@graph\":[{\"@type\":\"WebPage\",\"@id\":\"https:\\\/\\\/thecowboyspin.com\\\/de\\\/app\\\/\",\"url\":\"https:\\\/\\\/thecowboyspin.com\\\/de\\\/app\\\/\",\"name\":\"Cowboyspin App herunterladen | iOS, Android und Desktop\",\"isPartOf\":{\"@id\":\"https:\\\/\\\/thecowboyspin.com\\\/de\\\/#website\"},\"datePublished\":\"2026-01-20T12:08:23+00:00\",\"dateModified\":\"2026-03-24T12:29:00+00:00\",\"description\":\"Installieren Sie die Cowboyspin-App auf iOS, Android, Windows und macOS, um \u00fcber 6000 Casinospiele \u00fcberall zu spielen. Reibungslose Leistung, Kontosynchronisierung und Support rund um die Uhr \u2013 alles in Cowboyspin.\",\"breadcrumb\":{\"@id\":\"https:\\\/\\\/thecowboyspin.com\\\/de\\\/app\\\/#breadcrumb\"},\"inLanguage\":\"de\",\"potentialAction\":[{\"@type\":\"ReadAction\",\"target\":[\"https:\\\/\\\/thecowboyspin.com\\\/de\\\/app\\\/\"]}]},{\"@type\":\"BreadcrumbList\",\"@id\":\"https:\\\/\\\/thecowboyspin.com\\\/de\\\/app\\\/#breadcrumb\",\"itemListElement\":[{\"@type\":\"ListItem\",\"position\":1,\"name\":\"Cowboyspin\",\"item\":\"https:\\\/\\\/thecowboyspin.com\\\/de\\\/\"},{\"@type\":\"ListItem\",\"position\":2,\"name\":\"App\"}]},{\"@type\":\"WebSite\",\"@id\":\"https:\\\/\\\/thecowboyspin.com\\\/de\\\/#website\",\"url\":\"https:\\\/\\\/thecowboyspin.com\\\/de\\\/\",\"name\":\"Cowboyspin\",\"description\":\"\",\"publisher\":{\"@id\":\"https:\\\/\\\/thecowboyspin.com\\\/de\\\/#organization\"},\"potentialAction\":[{\"@type\":\"SearchAction\",\"target\":{\"@type\":\"EntryPoint\",\"urlTemplate\":\"https:\\\/\\\/thecowboyspin.com\\\/de\\\/?s={search_term_string}\"},\"query-input\":{\"@type\":\"PropertyValueSpecification\",\"valueRequired\":true,\"valueName\":\"search_term_string\"}}],\"inLanguage\":\"de\"},{\"@type\":\"Organization\",\"@id\":\"https:\\\/\\\/thecowboyspin.com\\\/de\\\/#organization\",\"name\":\"Cowboyspin\",\"url\":\"https:\\\/\\\/thecowboyspin.com\\\/de\\\/\",\"logo\":{\"@type\":\"ImageObject\",\"inLanguage\":\"de\",\"@id\":\"https:\\\/\\\/thecowboyspin.com\\\/de\\\/#\\\/schema\\\/logo\\\/image\\\/\",\"url\":\"https:\\\/\\\/thecowboyspin.com\\\/wp-content\\\/uploads\\\/2026\\\/03\\\/cowboyspin-logo.png\",\"contentUrl\":\"https:\\\/\\\/thecowboyspin.com\\\/wp-content\\\/uploads\\\/2026\\\/03\\\/cowboyspin-logo.png\",\"width\":180,\"height\":66,\"caption\":\"Cowboyspin\"},\"image\":{\"@id\":\"https:\\\/\\\/thecowboyspin.com\\\/de\\\/#\\\/schema\\\/logo\\\/image\\\/\"}}]}<\/script>\n<!-- \/ Yoast SEO plugin. -->","yoast_head_json":{"title":"Cowboyspin App herunterladen | iOS, Android und Desktop","description":"Installieren Sie die Cowboyspin-App auf iOS, Android, Windows und macOS, um \u00fcber 6000 Casinospiele \u00fcberall zu spielen. Reibungslose Leistung, Kontosynchronisierung und Support rund um die Uhr \u2013 alles in Cowboyspin.","robots":{"index":"index","follow":"follow","max-snippet":"max-snippet:-1","max-image-preview":"max-image-preview:large","max-video-preview":"max-video-preview:-1"},"canonical":"https:\/\/thecowboyspin.com\/de\/app\/","og_locale":"de_DE","og_type":"article","og_title":"Cowboyspin App herunterladen | iOS, Android und Desktop","og_description":"Installieren Sie die Cowboyspin-App auf iOS, Android, Windows und macOS, um \u00fcber 6000 Casinospiele \u00fcberall zu spielen. Reibungslose Leistung, Kontosynchronisierung und Support rund um die Uhr \u2013 alles in Cowboyspin.","og_url":"https:\/\/thecowboyspin.com\/de\/app\/","og_site_name":"cowboyspin","article_modified_time":"2026-03-24T12:29:00+00:00","twitter_card":"summary_large_image","twitter_misc":{"Gesch\u00e4tzte Lesezeit":"2\u00a0Minuten"},"schema":{"@context":"https:\/\/schema.org","@graph":[{"@type":"WebPage","@id":"https:\/\/thecowboyspin.com\/de\/app\/","url":"https:\/\/thecowboyspin.com\/de\/app\/","name":"Cowboyspin App herunterladen | iOS, Android und Desktop","isPartOf":{"@id":"https:\/\/thecowboyspin.com\/de\/#website"},"datePublished":"2026-01-20T12:08:23+00:00","dateModified":"2026-03-24T12:29:00+00:00","description":"Installieren Sie die Cowboyspin-App auf iOS, Android, Windows und macOS, um \u00fcber 6000 Casinospiele \u00fcberall zu spielen. Reibungslose Leistung, Kontosynchronisierung und Support rund um die Uhr \u2013 alles in Cowboyspin.","breadcrumb":{"@id":"https:\/\/thecowboyspin.com\/de\/app\/#breadcrumb"},"inLanguage":"de","potentialAction":[{"@type":"ReadAction","target":["https:\/\/thecowboyspin.com\/de\/app\/"]}]},{"@type":"BreadcrumbList","@id":"https:\/\/thecowboyspin.com\/de\/app\/#breadcrumb","itemListElement":[{"@type":"ListItem","position":1,"name":"Cowboyspin","item":"https:\/\/thecowboyspin.com\/de\/"},{"@type":"ListItem","position":2,"name":"App"}]},{"@type":"WebSite","@id":"https:\/\/thecowboyspin.com\/de\/#website","url":"https:\/\/thecowboyspin.com\/de\/","name":"Cowboyspin","description":"","publisher":{"@id":"https:\/\/thecowboyspin.com\/de\/#organization"},"potentialAction":[{"@type":"SearchAction","target":{"@type":"EntryPoint","urlTemplate":"https:\/\/thecowboyspin.com\/de\/?s={search_term_string}"},"query-input":{"@type":"PropertyValueSpecification","valueRequired":true,"valueName":"search_term_string"}}],"inLanguage":"de"},{"@type":"Organization","@id":"https:\/\/thecowboyspin.com\/de\/#organization","name":"Cowboyspin","url":"https:\/\/thecowboyspin.com\/de\/","logo":{"@type":"ImageObject","inLanguage":"de","@id":"https:\/\/thecowboyspin.com\/de\/#\/schema\/logo\/image\/","url":"https:\/\/thecowboyspin.com\/wp-content\/uploads\/2026\/03\/cowboyspin-logo.png","contentUrl":"https:\/\/thecowboyspin.com\/wp-content\/uploads\/2026\/03\/cowboyspin-logo.png","width":180,"height":66,"caption":"Cowboyspin"},"image":{"@id":"https:\/\/thecowboyspin.com\/de\/#\/schema\/logo\/image\/"}}]}},"_links":{"self":[{"href":"https:\/\/thecowboyspin.com\/de\/wp-json\/wp\/v2\/pages\/1442","targetHints":{"allow":["GET"]}}],"collection":[{"href":"https:\/\/thecowboyspin.com\/de\/wp-json\/wp\/v2\/pages"}],"about":[{"href":"https:\/\/thecowboyspin.com\/de\/wp-json\/wp\/v2\/types\/page"}],"author":[{"embeddable":true,"href":"https:\/\/thecowboyspin.com\/de\/wp-json\/wp\/v2\/users\/1"}],"replies":[{"embeddable":true,"href":"https:\/\/thecowboyspin.com\/de\/wp-json\/wp\/v2\/comments?post=1442"}],"version-history":[{"count":3,"href":"https:\/\/thecowboyspin.com\/de\/wp-json\/wp\/v2\/pages\/1442\/revisions"}],"predecessor-version":[{"id":2046,"href":"https:\/\/thecowboyspin.com\/de\/wp-json\/wp\/v2\/pages\/1442\/revisions\/2046"}],"wp:attachment":[{"href":"https:\/\/thecowboyspin.com\/de\/wp-json\/wp\/v2\/media?parent=1442"}],"curies":[{"name":"wp","href":"https:\/\/api.w.org\/{rel}","templated":true}]}}